{"id":6240,"date":"2020-07-16T17:48:00","date_gmt":"2020-07-16T15:48:00","guid":{"rendered":"https:\/\/luxma.be\/?post_type=product&#038;p=6240"},"modified":"2026-03-23T14:31:08","modified_gmt":"2026-03-23T13:31:08","slug":"dolle-loft-cf56s","status":"publish","type":"product","link":"https:\/\/luxma.be\/fr\/producten\/dolle-loft-cf56s\/","title":{"rendered":"Dolle Loft clickFIX\u00ae56S"},"content":{"rendered":"<p>Le clickFIX\u00ae 56S fait \u00e9galement partie de la gamme unique d&#039;\u00e9chelles de grenier clickFIX\u00ae de DOLLE. Gr\u00e2ce \u00e0 son faible poids et \u00e0 sa technologie de montage brevet\u00e9e, clickFIX\u00ae peut \u00eatre facilement install\u00e9 par une seule personne. Tr\u00e8s simple, alignez le caisson de 240 mm de hauteur, vissez-le, encliquetez la trappe et le profil\u00e9 d&#039;\u00e9chelle et ajustez-le \u00e0 la hauteur de la pi\u00e8ce, c&#039;est fait. Il en r\u00e9sulte une installation parfaitement \u00e9tanche \u00e0 l&#039;air.<\/p>\n<p>\u00c9CHELLE EXCELLENTEMENT ISOL\u00c9E<\/p>\n<p>Gr\u00e2ce \u00e0 l&#039;isolation de 50 mm, \u00e0 la construction sandwich de la trappe et aux caoutchoucs \u00e0 double isolation, ce clickFIX\u00ae 56S en 3 parties a une faible valeur U test\u00e9e de 0,64 W\/m\u00b2K. \u00c9tanch\u00e9it\u00e9 \u00e0 l&#039;air la plus \u00e9lev\u00e9e de classe 4 test\u00e9e par IFT Rosenheim (EN12207).<\/p>\n<p>REV\u00caTEMENT CPL POUR UNE TR\u00c8S LONGUE DUR\u00c9E DE VIE<\/p>\n<p>La trappe de 50 mm d&#039;\u00e9paisseur du DOLLE clickFIX\u00ae 56S retient efficacement la chaleur dans l&#039;espace de vie et est \u00e9galement recouverte de CPL. Ce stratifi\u00e9 particuli\u00e8rement robuste rend la trappe consid\u00e9rablement plus r\u00e9sistante \u00e0 l&#039;usure, aux rayures et aux chocs que d&#039;autres surfaces. Le secret r\u00e9side dans la couche sup\u00e9rieure, constitu\u00e9e de r\u00e9sine de m\u00e9lamine. Il r\u00e9siste aux rayures l\u00e9g\u00e8res et \u00e0 la salet\u00e9 normale, il est r\u00e9sistant aux solvants et \u00e0 la chaleur, aux taches et facile \u00e0 nettoyer.<\/p>\n<p>&nbsp;<\/p>","protected":false},"excerpt":{"rendered":"<p>De clickFIX\u00ae 56S maakt eveneens deel uit van de unieke clickFIX \u00ae zolderladderlijn van DOLLE. Dankzij het lage gewicht en de gepatenteerde montagetechniek kan clickFIX\u00ae eenvoudig door \u00e9\u00e9n persoon worden ge\u00efnstalleerd. Heel eenvoudig, de 240 mm hoge omkasting uitlijnen, vastschroeven, luik en het ladder gedeelte klikken en aanpassen aan de hoogte van de ruimte, klaar. [&hellip;]<\/p>\n","protected":false},"featured_media":16944,"template":"","meta":{"_acf_changed":false},"axe":[],"kastbreedte":[6404,6405],"entree":[],"hoek":[],"houtsoort":[],"kleur":[],"kastlengte":[6402,6408,6403],"productlijn":[],"sloten":[],"vl_pl_hoogte_a":[],"product_brand":[],"product_cat":[1745,1744],"product_tag":[6486,6987],"class_list":{"0":"post-6240","1":"product","2":"type-product","3":"status-publish","4":"has-post-thumbnail","6":"kastbreedte-60-cm","7":"kastbreedte-70-cm","8":"kastlengte-120-cm","9":"kastlengte-130-cm","10":"kastlengte-140-cm","11":"product_cat-zoldertrappen","12":"product_cat-trappen","13":"product_tag-dolle","14":"product_tag-hout-en-trappen","15":"pa_beschrijving-dolle-loft-cf56s-120-x-60","16":"pa_beschrijving-dolle-loft-cf56s-120-x-70","17":"pa_beschrijving-dolle-loft-cf56s-130-x-70","18":"pa_beschrijving-dolle-loft-cf56s-140-x-70","19":"pa_beschrijving-dolle-loft-cf56s-extentionkit","21":"first","22":"instock","23":"purchasable","24":"product-type-variable"},"acf":[],"_links":{"self":[{"href":"https:\/\/luxma.be\/fr\/wp-json\/wp\/v2\/product\/6240","targetHints":{"allow":["GET"]}}],"collection":[{"href":"https:\/\/luxma.be\/fr\/wp-json\/wp\/v2\/product"}],"about":[{"href":"https:\/\/luxma.be\/fr\/wp-json\/wp\/v2\/types\/product"}],"wp:featuredmedia":[{"embeddable":true,"href":"https:\/\/luxma.be\/fr\/wp-json\/wp\/v2\/media\/16944"}],"wp:attachment":[{"href":"https:\/\/luxma.be\/fr\/wp-json\/wp\/v2\/media?parent=6240"}],"wp:term":[{"taxonomy":"axe","embeddable":true,"href":"https:\/\/luxma.be\/fr\/wp-json\/wp\/v2\/axe?post=6240"},{"taxonomy":"kastbreedte","embeddable":true,"href":"https:\/\/luxma.be\/fr\/wp-json\/wp\/v2\/kastbreedte?post=6240"},{"taxonomy":"entree","embeddable":true,"href":"https:\/\/luxma.be\/fr\/wp-json\/wp\/v2\/entree?post=6240"},{"taxonomy":"hoek","embeddable":true,"href":"https:\/\/luxma.be\/fr\/wp-json\/wp\/v2\/hoek?post=6240"},{"taxonomy":"houtsoort","embeddable":true,"href":"https:\/\/luxma.be\/fr\/wp-json\/wp\/v2\/houtsoort?post=6240"},{"taxonomy":"kleur","embeddable":true,"href":"https:\/\/luxma.be\/fr\/wp-json\/wp\/v2\/kleur?post=6240"},{"taxonomy":"kastlengte","embeddable":true,"href":"https:\/\/luxma.be\/fr\/wp-json\/wp\/v2\/kastlengte?post=6240"},{"taxonomy":"productlijn","embeddable":true,"href":"https:\/\/luxma.be\/fr\/wp-json\/wp\/v2\/productlijn?post=6240"},{"taxonomy":"sloten","embeddable":true,"href":"https:\/\/luxma.be\/fr\/wp-json\/wp\/v2\/sloten?post=6240"},{"taxonomy":"vl_pl_hoogte_a","embeddable":true,"href":"https:\/\/luxma.be\/fr\/wp-json\/wp\/v2\/vl_pl_hoogte_a?post=6240"},{"taxonomy":"product_brand","embeddable":true,"href":"https:\/\/luxma.be\/fr\/wp-json\/wp\/v2\/product_brand?post=6240"},{"taxonomy":"product_cat","embeddable":true,"href":"https:\/\/luxma.be\/fr\/wp-json\/wp\/v2\/product_cat?post=6240"},{"taxonomy":"product_tag","embeddable":true,"href":"https:\/\/luxma.be\/fr\/wp-json\/wp\/v2\/product_tag?post=6240"}],"curies":[{"name":"wp","href":"https:\/\/api.w.org\/{rel}","templated":true}]}}