{"id":6234,"date":"2020-07-16T17:46:34","date_gmt":"2020-07-16T15:46:34","guid":{"rendered":"https:\/\/luxma.be\/?post_type=product&#038;p=6234"},"modified":"2026-03-16T14:22:18","modified_gmt":"2026-03-16T13:22:18","slug":"dolle-rei-45-brandwerend-3-delig-mw","status":"publish","type":"product","link":"https:\/\/luxma.be\/fr\/producten\/dolle-rei-45-brandwerend-3-delig-mw\/","title":{"rendered":"Dolle Rei 45 Coupe-feu  3 pi\u00e8ces Sur Mesure"},"content":{"rendered":"<p>45 MINUTES R\u00c9SISTANT AU FEU<\/p>\n<p>DOLLE REI 45 a une r\u00e9sistance au feu de 45 minutes et est suffisante<br \/>\nselon EN 13501-2. L&#039;escalier de grenier remplace l&#039;escalier de grenier BD 30 de DOLLE. La trappe est isol\u00e9e avec une plaque de laine de roche de 50 mm, compos\u00e9e de laine de roche ininflammable, hydrofuge et hydrofuge. La trappe a une belle finition en plaque HDF blanche avec charni\u00e8res cach\u00e9es et est \u00e9quip\u00e9e d&#039;une serrure de haute qualit\u00e9.<br \/>\nL&#039;\u00e9chelle de grenier DOLLE REI 45 est fabriqu\u00e9e en pin robuste de qualit\u00e9 avec 12 marches antid\u00e9rapantes en h\u00eatre et des pieds en plastique antid\u00e9rapant noir pour prot\u00e9ger le sol. Le bo\u00eetier de 19 cm de haut est \u00e9quip\u00e9 de bandes d&#039;\u00e9tanch\u00e9it\u00e9 pour \u00e9viter les pertes de chaleur. L&#039;\u00e9chelle en bois est facile \u00e0 utiliser, de haute qualit\u00e9, stable et facile \u00e0 utiliser.<\/p>\n<p>L\u2019\u00c9CHELLE DE GRENIER COMME PI\u00c8CE R\u00c9SISTANTE AU FEU \u2013 DOLLE REI 45<\/p>\n<p>Il est important qu&#039;une maison soit construite de mani\u00e8re \u00e0 ce que la structure soit prot\u00e9g\u00e9e pendant une courte p\u00e9riode en cas d&#039;incendie. La r\u00e9glementation de la construction impose donc plusieurs exigences concernant la r\u00e9sistance au feu des \u00e9l\u00e9ments de construction d&#039;un b\u00e2timent ou d&#039;une habitation. Cela inclut une norme pour les escaliers de grenier. C&#039;est pourquoi nous testons notre gamme d&#039;\u00e9chelles de grenier coupe-feu selon les normes les plus \u00e9lev\u00e9es d&#039;Europe et elles sont conformes \u00e0 la norme EN 13501-2. DOLLE REI 45 a une r\u00e9sistance au feu de 45 minutes.<br \/>\nUn escalier de grenier r\u00e9sistant au feu est test\u00e9 lors d&#039;un essai au feu dans lequel l&#039;escalier de grenier est int\u00e9gr\u00e9 dans une chambre de feu et expos\u00e9 \u00e0 une situation d&#039;incendie r\u00e9elle. Les escaliers de grenier coupe-feu de DOLLE ont \u00e9t\u00e9 test\u00e9s selon la nouvelle m\u00e9thode europ\u00e9enne commune pour tester la r\u00e9sistance au feu des \u00e9l\u00e9ments de construction REI. Les escaliers de grenier r\u00e9sistants au feu de DOLLE REI 45 ont \u00e9t\u00e9 test\u00e9s \u00e0 l&#039;institut MPA de Braunschweig en Allemagne.<\/p>\n<p>\u00c9CHELLE DE GRENIER IGNIFUGE DE DOLLE REI 45 \u2013 NOUVELLE CLASSE FEU EUROP\u00c9ENNE EN 13501-2<\/p>\n<p>&nbsp;<\/p>","protected":false},"excerpt":{"rendered":"<p>45 MINUTEN BRANDWEREND DOLLE REI 45 heeft een brandwerendheid van 45 minuten en voldoet aan EN 13501-2. De zoldertrappen vervangen de BD 30 zoldertrappen van DOLLE. Het luik is ge\u00efsoleerd met 50 mm steenwolplaat, deze is gemaakt van onbrandbare, vocht- en waterafstotende steenwol. Het luik heeft een mooie afwerking in witte HDF-plaat met verborgen scharnieren [&hellip;]<\/p>\n","protected":false},"featured_media":12516,"template":"","meta":{"_acf_changed":false},"axe":[],"kastbreedte":[7083],"entree":[],"hoek":[],"houtsoort":[],"kleur":[],"kastlengte":[7084],"productlijn":[],"sloten":[],"vl_pl_hoogte_a":[],"product_brand":[],"product_cat":[1745,1744],"product_tag":[6486,6987],"class_list":{"0":"post-6234","1":"product","2":"type-product","3":"status-publish","4":"has-post-thumbnail","6":"kastbreedte-andere-maat","7":"kastlengte-andere-maat","8":"product_cat-zoldertrappen","9":"product_cat-trappen","10":"product_tag-dolle","11":"product_tag-hout-en-trappen","12":"pa_beschrijving-dolle-rei-45-brandwerend-3-delig-mw","13":"pa_beschrijving-dolle-rei-45-brandwerend-3-delig-mw-kasthoogte-19","14":"pa_beschrijving-dolle-rei-45-brandwerend-3-delig-mw-extentionkit","15":"pa_beschrijving-dolle-rei-45-brandwerend-3-delig-mw-voorboring-cilinderslot","17":"first","18":"onbackorder","19":"purchasable","20":"product-type-simple"},"acf":[],"_links":{"self":[{"href":"https:\/\/luxma.be\/fr\/wp-json\/wp\/v2\/product\/6234","targetHints":{"allow":["GET"]}}],"collection":[{"href":"https:\/\/luxma.be\/fr\/wp-json\/wp\/v2\/product"}],"about":[{"href":"https:\/\/luxma.be\/fr\/wp-json\/wp\/v2\/types\/product"}],"wp:featuredmedia":[{"embeddable":true,"href":"https:\/\/luxma.be\/fr\/wp-json\/wp\/v2\/media\/12516"}],"wp:attachment":[{"href":"https:\/\/luxma.be\/fr\/wp-json\/wp\/v2\/media?parent=6234"}],"wp:term":[{"taxonomy":"axe","embeddable":true,"href":"https:\/\/luxma.be\/fr\/wp-json\/wp\/v2\/axe?post=6234"},{"taxonomy":"kastbreedte","embeddable":true,"href":"https:\/\/luxma.be\/fr\/wp-json\/wp\/v2\/kastbreedte?post=6234"},{"taxonomy":"entree","embeddable":true,"href":"https:\/\/luxma.be\/fr\/wp-json\/wp\/v2\/entree?post=6234"},{"taxonomy":"hoek","embeddable":true,"href":"https:\/\/luxma.be\/fr\/wp-json\/wp\/v2\/hoek?post=6234"},{"taxonomy":"houtsoort","embeddable":true,"href":"https:\/\/luxma.be\/fr\/wp-json\/wp\/v2\/houtsoort?post=6234"},{"taxonomy":"kleur","embeddable":true,"href":"https:\/\/luxma.be\/fr\/wp-json\/wp\/v2\/kleur?post=6234"},{"taxonomy":"kastlengte","embeddable":true,"href":"https:\/\/luxma.be\/fr\/wp-json\/wp\/v2\/kastlengte?post=6234"},{"taxonomy":"productlijn","embeddable":true,"href":"https:\/\/luxma.be\/fr\/wp-json\/wp\/v2\/productlijn?post=6234"},{"taxonomy":"sloten","embeddable":true,"href":"https:\/\/luxma.be\/fr\/wp-json\/wp\/v2\/sloten?post=6234"},{"taxonomy":"vl_pl_hoogte_a","embeddable":true,"href":"https:\/\/luxma.be\/fr\/wp-json\/wp\/v2\/vl_pl_hoogte_a?post=6234"},{"taxonomy":"product_brand","embeddable":true,"href":"https:\/\/luxma.be\/fr\/wp-json\/wp\/v2\/product_brand?post=6234"},{"taxonomy":"product_cat","embeddable":true,"href":"https:\/\/luxma.be\/fr\/wp-json\/wp\/v2\/product_cat?post=6234"},{"taxonomy":"product_tag","embeddable":true,"href":"https:\/\/luxma.be\/fr\/wp-json\/wp\/v2\/product_tag?post=6234"}],"curies":[{"name":"wp","href":"https:\/\/api.w.org\/{rel}","templated":true}]}}