{"id":6233,"date":"2020-07-16T17:46:02","date_gmt":"2020-07-16T15:46:02","guid":{"rendered":"https:\/\/luxma.be\/?post_type=product&#038;p=6233"},"modified":"2026-03-31T11:40:26","modified_gmt":"2026-03-31T09:40:26","slug":"dolle-loft-cf76g-3-en-4-delig","status":"publish","type":"product","link":"https:\/\/luxma.be\/fr\/producten\/dolle-loft-cf76g-3-en-4-delig\/","title":{"rendered":"Dolle Loft clickFIX\u00ae76  3 en 4-delig Maatwerk"},"content":{"rendered":"<section>\n<section class=\"description\">ClickFIX\u00ae-FACILE \u00c0 INSTALLER<\/section>\n<section class=\"description\">Le clickFIX\u00ae 76G fait partie de la gamme unique d&#039;\u00e9chelles de grenier clickFIX\u00ae de DOLLE. Gr\u00e2ce \u00e0 son faible poids et \u00e0 sa technologie de montage brevet\u00e9e, clickFIX\u00ae peut \u00eatre install\u00e9 facilement<br \/>\nune personne pour l&#039;installer. Tr\u00e8s simple, le caisson de 240 mm de hauteur<br \/>\nalignez, vissez, cliquez sur la trappe et la partie \u00e9chelle et ajustez-la \u00e0 la hauteur de la pi\u00e8ce, c&#039;est fait. Il en r\u00e9sulte une installation parfaitement \u00e9tanche \u00e0 l&#039;air.<\/section>\n<section class=\"description\">LA DEUXI\u00c8ME \u00c9CHELLE LA MEILLEURE ISOL\u00c9E DU MARCH\u00c9<\/section>\n<section class=\"description\">Gr\u00e2ce \u00e0 l&#039;isolation de 70 mm, \u00e0 la construction sandwich de la trappe et aux caoutchoucs \u00e0 double isolation, ce clickFIX\u00ae 76G en 3 parties a une tr\u00e8s faible valeur u test\u00e9e de 0,49 W\/m\u00b2K.<\/section>\n<section class=\"description\">Seul le CF Thermo Comfort fait encore mieux. \u00c9tanch\u00e9it\u00e9 \u00e0 l&#039;air la plus \u00e9lev\u00e9e de classe 4 test\u00e9e par IFT Rosenheim (EN12207).<\/section>\n<section class=\"description\">REV\u00caTEMENT CPL POUR UNE TR\u00c8S LONGUE DUR\u00c9E DE VIE<\/section>\n<section class=\"description\">La trappe de 76 mm d&#039;\u00e9paisseur du DOLLE clickFIX\u00ae 76G retient efficacement la chaleur dans l&#039;espace de vie et est \u00e9galement recouverte de CPL. Ce stratifi\u00e9 particuli\u00e8rement robuste rend la trappe consid\u00e9rablement plus r\u00e9sistante \u00e0 l&#039;usure, aux rayures et aux chocs que d&#039;autres surfaces. Le secret r\u00e9side dans la couche sup\u00e9rieure, constitu\u00e9e de r\u00e9sine de m\u00e9lamine. Il r\u00e9siste aux rayures l\u00e9g\u00e8res et \u00e0 la salet\u00e9 normale. Il est r\u00e9sistant aux solvants et \u00e0 la chaleur, aux taches et facile \u00e0 nettoyer.<\/section>\n<section><\/section>\n<\/section>","protected":false},"excerpt":{"rendered":"<p>ClickFIX\u00ae-EENVOUDIG TE INSTALLEREN De clickFIX\u00ae 76G maakt deel uit van de unieke clickFIX \u00ae zolderladderlijn van DOLLE. Dankzij het lage gewicht en de gepatenteerde montagetechniek kan clickFIX\u00ae eenvoudig door \u00e9\u00e9n persoon worden ge\u00efnstalleerd. Heel eenvoudig, de 240 mm hoge omkasting uitlijnen, vastschroeven, luik en het ladder gedeelte klikken en aanpassen aan de hoogte van de [&hellip;]<\/p>\n","protected":false},"featured_media":10107,"template":"","meta":{"_acf_changed":false},"axe":[],"kastbreedte":[7083],"entree":[],"hoek":[],"houtsoort":[],"kleur":[],"kastlengte":[7084],"productlijn":[],"sloten":[],"vl_pl_hoogte_a":[],"product_brand":[],"product_cat":[1745,1744],"product_tag":[6486,6987],"class_list":{"0":"post-6233","1":"product","2":"type-product","3":"status-publish","4":"has-post-thumbnail","6":"kastbreedte-andere-maat","7":"kastlengte-andere-maat","8":"product_cat-zoldertrappen","9":"product_cat-trappen","10":"product_tag-dolle","11":"product_tag-hout-en-trappen","12":"pa_beschrijving-dolle-loft-cf76g-3-en-4-delig","13":"pa_beschrijving-dolle-loft-cf76g-3-en-4-delig-kasthoogte-24cm-80-cm","14":"pa_beschrijving-dolle-loft-cf76g-3-en-4-delig-extra-trede","15":"pa_beschrijving-dolle-loft-cf76g-3-en-4-delig-standaardhoogte","17":"first","18":"onbackorder","19":"purchasable","20":"product-type-simple"},"acf":[],"_links":{"self":[{"href":"https:\/\/luxma.be\/fr\/wp-json\/wp\/v2\/product\/6233","targetHints":{"allow":["GET"]}}],"collection":[{"href":"https:\/\/luxma.be\/fr\/wp-json\/wp\/v2\/product"}],"about":[{"href":"https:\/\/luxma.be\/fr\/wp-json\/wp\/v2\/types\/product"}],"wp:featuredmedia":[{"embeddable":true,"href":"https:\/\/luxma.be\/fr\/wp-json\/wp\/v2\/media\/10107"}],"wp:attachment":[{"href":"https:\/\/luxma.be\/fr\/wp-json\/wp\/v2\/media?parent=6233"}],"wp:term":[{"taxonomy":"axe","embeddable":true,"href":"https:\/\/luxma.be\/fr\/wp-json\/wp\/v2\/axe?post=6233"},{"taxonomy":"kastbreedte","embeddable":true,"href":"https:\/\/luxma.be\/fr\/wp-json\/wp\/v2\/kastbreedte?post=6233"},{"taxonomy":"entree","embeddable":true,"href":"https:\/\/luxma.be\/fr\/wp-json\/wp\/v2\/entree?post=6233"},{"taxonomy":"hoek","embeddable":true,"href":"https:\/\/luxma.be\/fr\/wp-json\/wp\/v2\/hoek?post=6233"},{"taxonomy":"houtsoort","embeddable":true,"href":"https:\/\/luxma.be\/fr\/wp-json\/wp\/v2\/houtsoort?post=6233"},{"taxonomy":"kleur","embeddable":true,"href":"https:\/\/luxma.be\/fr\/wp-json\/wp\/v2\/kleur?post=6233"},{"taxonomy":"kastlengte","embeddable":true,"href":"https:\/\/luxma.be\/fr\/wp-json\/wp\/v2\/kastlengte?post=6233"},{"taxonomy":"productlijn","embeddable":true,"href":"https:\/\/luxma.be\/fr\/wp-json\/wp\/v2\/productlijn?post=6233"},{"taxonomy":"sloten","embeddable":true,"href":"https:\/\/luxma.be\/fr\/wp-json\/wp\/v2\/sloten?post=6233"},{"taxonomy":"vl_pl_hoogte_a","embeddable":true,"href":"https:\/\/luxma.be\/fr\/wp-json\/wp\/v2\/vl_pl_hoogte_a?post=6233"},{"taxonomy":"product_brand","embeddable":true,"href":"https:\/\/luxma.be\/fr\/wp-json\/wp\/v2\/product_brand?post=6233"},{"taxonomy":"product_cat","embeddable":true,"href":"https:\/\/luxma.be\/fr\/wp-json\/wp\/v2\/product_cat?post=6233"},{"taxonomy":"product_tag","embeddable":true,"href":"https:\/\/luxma.be\/fr\/wp-json\/wp\/v2\/product_tag?post=6233"}],"curies":[{"name":"wp","href":"https:\/\/api.w.org\/{rel}","templated":true}]}}