{"id":6231,"date":"2020-07-16T17:45:38","date_gmt":"2020-07-16T15:45:38","guid":{"rendered":"https:\/\/luxma.be\/?post_type=product&#038;p=6231"},"modified":"2025-01-27T08:26:34","modified_gmt":"2025-01-27T07:26:34","slug":"dolle-motorized-auto-attic-vip","status":"publish","type":"product","link":"https:\/\/luxma.be\/fr\/producten\/dolle-motorized-auto-attic-vip\/","title":{"rendered":"Electrische Schaarladder Maatwerk"},"content":{"rendered":"<p>Test\u00e9 et certifi\u00e9 selon la norme EN 14975 (European Ladder Standard).<\/p>\n<p>\u00c9chelle escamotable motoris\u00e9e accord\u00e9on Thermobox avec marches et leviers en fonte d&#039;aluminium. Peint dans les couleurs de votre choix entre blanc (RAL9003) et gris gaufr\u00e9 (RAL9006). Panneau contreplaqu\u00e9 de peuplier brut de premier choix, d&#039;une \u00e9paisseur de 15 mm \u00e0 tr\u00e8s faibles \u00e9missions de formald\u00e9hyde (certifi\u00e9 classe E1-CARB PHASE 2), enti\u00e8rement recouvert d&#039;un mat\u00e9riau d&#039;isolation thermique et acoustique. Composite constitu\u00e9 d&#039;une masse \u00e0 base de polym\u00e8re et de charges min\u00e9rales li\u00e9es \u00e0 une couche de poly\u00e9thyl\u00e8ne sph\u00e9rique. Gr\u00e2ce \u00e0 sa structure, le produit garantit une grande capacit\u00e9 d&#039;absorption et d&#039;insonorisation et \u00e9vite la formation de ponts acoustiques lors de l&#039;installation.<br \/>\nLe fonctionnement \u00e9lectrique de la trappe et des escaliers du grenier est contr\u00f4l\u00e9 par une t\u00e9l\u00e9commande infrarouge (incluse).<br \/>\nPlateformes de moquettes adh\u00e9sives double face noires. Syst\u00e8me d&#039;ouverture d&#039;urgence manuelle en cas de panne de courant.<\/p>\n<p>ACCESSOIRES FOURNIS<\/p>\n<p>1 x Entra\u00eenement \u00e9lectrom\u00e9canique 230 V \u2013 50 Hz 1 x Unit\u00e9 de commande \u00e9lectronique<br \/>\n1 x lumi\u00e8re clignotante<br \/>\n1 radiocommande<br \/>\n2 x poign\u00e9es d&#039;atterrissage sup\u00e9rieures peintes 4 x supports de montage en forme de L<br \/>\n2 x Mains courantes t\u00e9lescopiques galvanis\u00e9es 1 x B\u00e2ton d&#039;ouverture manuelle<\/p>\n<p>&nbsp;<\/p>\n<p>OBTURATEUR<br \/>\nPanneau de contreplaqu\u00e9 de 15 mm<br \/>\nESCALIERS<br \/>\nMarches antid\u00e9rapantes en aluminium<\/p>\n<p>&nbsp;<\/p>","protected":false},"excerpt":{"rendered":"<p>Getest en gecertificeerd volgens EN 14975 (Europese Laddernorm). Thermobox accordeon gemotoriseerde intrekbare ladder met treden en hendels in gegoten aluminium. Geschilderd in de kleuren van uw keuze tussen wit (RAL9003) en reli\u00ebf grijs (RAL9006). Eerste keus onbewerkt (ongeverfd) populieren multiplex paneel 15 mm dik met zeer lage formaldehyde-emissie (gecertificeerde klasse E1-CARB FASE 2), volledig bedekt [&hellip;]<\/p>\n","protected":false},"featured_media":15938,"template":"","meta":{"_acf_changed":false},"axe":[],"kastbreedte":[7083],"entree":[],"hoek":[],"houtsoort":[],"kleur":[],"kastlengte":[7084],"productlijn":[],"sloten":[],"vl_pl_hoogte_a":[],"product_brand":[],"product_cat":[1745,1744],"product_tag":[6987],"class_list":{"0":"post-6231","1":"product","2":"type-product","3":"status-publish","4":"has-post-thumbnail","6":"kastbreedte-andere-maat","7":"kastlengte-andere-maat","8":"product_cat-zoldertrappen","9":"product_cat-trappen","10":"product_tag-hout-en-trappen","12":"first","13":"onbackorder","14":"product-type-simple"},"acf":[],"_links":{"self":[{"href":"https:\/\/luxma.be\/fr\/wp-json\/wp\/v2\/product\/6231","targetHints":{"allow":["GET"]}}],"collection":[{"href":"https:\/\/luxma.be\/fr\/wp-json\/wp\/v2\/product"}],"about":[{"href":"https:\/\/luxma.be\/fr\/wp-json\/wp\/v2\/types\/product"}],"wp:featuredmedia":[{"embeddable":true,"href":"https:\/\/luxma.be\/fr\/wp-json\/wp\/v2\/media\/15938"}],"wp:attachment":[{"href":"https:\/\/luxma.be\/fr\/wp-json\/wp\/v2\/media?parent=6231"}],"wp:term":[{"taxonomy":"axe","embeddable":true,"href":"https:\/\/luxma.be\/fr\/wp-json\/wp\/v2\/axe?post=6231"},{"taxonomy":"kastbreedte","embeddable":true,"href":"https:\/\/luxma.be\/fr\/wp-json\/wp\/v2\/kastbreedte?post=6231"},{"taxonomy":"entree","embeddable":true,"href":"https:\/\/luxma.be\/fr\/wp-json\/wp\/v2\/entree?post=6231"},{"taxonomy":"hoek","embeddable":true,"href":"https:\/\/luxma.be\/fr\/wp-json\/wp\/v2\/hoek?post=6231"},{"taxonomy":"houtsoort","embeddable":true,"href":"https:\/\/luxma.be\/fr\/wp-json\/wp\/v2\/houtsoort?post=6231"},{"taxonomy":"kleur","embeddable":true,"href":"https:\/\/luxma.be\/fr\/wp-json\/wp\/v2\/kleur?post=6231"},{"taxonomy":"kastlengte","embeddable":true,"href":"https:\/\/luxma.be\/fr\/wp-json\/wp\/v2\/kastlengte?post=6231"},{"taxonomy":"productlijn","embeddable":true,"href":"https:\/\/luxma.be\/fr\/wp-json\/wp\/v2\/productlijn?post=6231"},{"taxonomy":"sloten","embeddable":true,"href":"https:\/\/luxma.be\/fr\/wp-json\/wp\/v2\/sloten?post=6231"},{"taxonomy":"vl_pl_hoogte_a","embeddable":true,"href":"https:\/\/luxma.be\/fr\/wp-json\/wp\/v2\/vl_pl_hoogte_a?post=6231"},{"taxonomy":"product_brand","embeddable":true,"href":"https:\/\/luxma.be\/fr\/wp-json\/wp\/v2\/product_brand?post=6231"},{"taxonomy":"product_cat","embeddable":true,"href":"https:\/\/luxma.be\/fr\/wp-json\/wp\/v2\/product_cat?post=6231"},{"taxonomy":"product_tag","embeddable":true,"href":"https:\/\/luxma.be\/fr\/wp-json\/wp\/v2\/product_tag?post=6231"}],"curies":[{"name":"wp","href":"https:\/\/api.w.org\/{rel}","templated":true}]}}