{"id":6229,"date":"2020-07-16T17:45:05","date_gmt":"2020-07-16T15:45:05","guid":{"rendered":"https:\/\/luxma.be\/?post_type=product&#038;p=6229"},"modified":"2026-03-16T14:22:19","modified_gmt":"2026-03-16T13:22:19","slug":"dolle-loft-cf76g-2-delig","status":"publish","type":"product","link":"https:\/\/luxma.be\/fr\/producten\/dolle-loft-cf76g-2-delig\/","title":{"rendered":"Dolle Loft clickFIX<sup>\u00ae<\/sup>76 sur mesure 2 pi\u00e8ces"},"content":{"rendered":"<section>\n<section class=\"description\">ClickFIX\u00ae-FACILE \u00c0 INSTALLER<\/section>\n<section class=\"description\">\nLe clickFIX\u00ae76G fait partie de la gamme unique d&#039;\u00e9chelles de grenier clickFIX\u00ae de DOLLE.<br \/>\nGr\u00e2ce \u00e0 son faible poids et \u00e0 sa technologie de montage brevet\u00e9e, clickFIX\u00ae peut \u00eatre facilement install\u00e9 par une seule personne. Tr\u00e8s simple, alignez le caisson de 240 mm de hauteur, vissez-le, encliquetez la trappe et le profil\u00e9 d&#039;\u00e9chelle et ajustez-le \u00e0 la hauteur de la pi\u00e8ce, c&#039;est fait. Il en r\u00e9sulte une installation parfaitement \u00e9tanche \u00e0 l&#039;air.<\/section>\n<section class=\"description\">\nLA DEUXI\u00c8ME \u00c9CHELLE LA MEILLEURE ISOL\u00c9E DU MARCH\u00c9<\/section>\n<section class=\"description\">\nGr\u00e2ce \u00e0 l&#039;isolation de 70 mm, \u00e0 la construction sandwich de la trappe et aux caoutchoucs \u00e0 double isolation, ce clickFIX\u00ae 76G en 3 parties a une tr\u00e8s faible valeur u test\u00e9e de 0,49 W\/m\u00b2K. Seul le CF Thermo Comfort fait encore mieux. \u00c9tanch\u00e9it\u00e9 \u00e0 l&#039;air la plus \u00e9lev\u00e9e de classe 4 test\u00e9e par IFT Rosenheim (EN12207).<\/section>\n<section class=\"description\">\nREV\u00caTEMENT CPL POUR UNE TR\u00c8S LONGUE DUR\u00c9E DE VIE<\/section>\n<section class=\"description\">\nLa trappe de 76 mm d&#039;\u00e9paisseur du DOLLE clickFIX\u00ae76G retient efficacement la chaleur dans l&#039;espace de vie et est \u00e9galement recouverte de CPL. Ce stratifi\u00e9 particuli\u00e8rement robuste rend la trappe consid\u00e9rablement plus r\u00e9sistante \u00e0 l&#039;usure et aux rayures.<br \/>\net plus r\u00e9sistant aux chocs que les autres surfaces. Le secret r\u00e9side dans la couche sup\u00e9rieure, constitu\u00e9e de r\u00e9sine de m\u00e9lamine. Il r\u00e9siste aux rayures l\u00e9g\u00e8res et \u00e0 la salet\u00e9 normale, il est r\u00e9sistant aux solvants et \u00e0 la chaleur, aux taches et facile \u00e0 nettoyer.<\/section>\n<section><\/section>\n<\/section>","protected":false},"excerpt":{"rendered":"<p>ClickFIX\u00ae-EENVOUDIG TE INSTALLEREN De clickFIX\u00ae76G maakt deel uit van de unieke clickFIX\u00ae zolderladderlijn van DOLLE. Dankzij het lage gewicht en de gepatenteerde montagetechniek kan clickFIX\u00ae eenvoudig door \u00e9\u00e9n persoon worden ge\u00efnstalleerd. Heel eenvoudig, de 240 mm hoge omkasting uitlijnen, vastschr oeven, luik en het ladder gedeelte klikken en aanpassen aan de hoogte van de ruimte, [&hellip;]<\/p>\n","protected":false},"featured_media":10084,"template":"","meta":{"_acf_changed":false},"axe":[],"kastbreedte":[7083],"entree":[],"hoek":[],"houtsoort":[],"kleur":[],"kastlengte":[7084],"productlijn":[],"sloten":[],"vl_pl_hoogte_a":[],"product_brand":[],"product_cat":[1745,1744],"product_tag":[6486,6987],"class_list":{"0":"post-6229","1":"product","2":"type-product","3":"status-publish","4":"has-post-thumbnail","6":"kastbreedte-andere-maat","7":"kastlengte-andere-maat","8":"product_cat-zoldertrappen","9":"product_cat-trappen","10":"product_tag-dolle","11":"product_tag-hout-en-trappen","12":"pa_beschrijving-dolle-loft-cf76g-2-delig","13":"pa_beschrijving-dolle-loft-cf76g-2-delig-kasthoogte-24cm-315cm","15":"first","16":"onbackorder","17":"purchasable","18":"product-type-simple"},"acf":[],"_links":{"self":[{"href":"https:\/\/luxma.be\/fr\/wp-json\/wp\/v2\/product\/6229","targetHints":{"allow":["GET"]}}],"collection":[{"href":"https:\/\/luxma.be\/fr\/wp-json\/wp\/v2\/product"}],"about":[{"href":"https:\/\/luxma.be\/fr\/wp-json\/wp\/v2\/types\/product"}],"wp:featuredmedia":[{"embeddable":true,"href":"https:\/\/luxma.be\/fr\/wp-json\/wp\/v2\/media\/10084"}],"wp:attachment":[{"href":"https:\/\/luxma.be\/fr\/wp-json\/wp\/v2\/media?parent=6229"}],"wp:term":[{"taxonomy":"axe","embeddable":true,"href":"https:\/\/luxma.be\/fr\/wp-json\/wp\/v2\/axe?post=6229"},{"taxonomy":"kastbreedte","embeddable":true,"href":"https:\/\/luxma.be\/fr\/wp-json\/wp\/v2\/kastbreedte?post=6229"},{"taxonomy":"entree","embeddable":true,"href":"https:\/\/luxma.be\/fr\/wp-json\/wp\/v2\/entree?post=6229"},{"taxonomy":"hoek","embeddable":true,"href":"https:\/\/luxma.be\/fr\/wp-json\/wp\/v2\/hoek?post=6229"},{"taxonomy":"houtsoort","embeddable":true,"href":"https:\/\/luxma.be\/fr\/wp-json\/wp\/v2\/houtsoort?post=6229"},{"taxonomy":"kleur","embeddable":true,"href":"https:\/\/luxma.be\/fr\/wp-json\/wp\/v2\/kleur?post=6229"},{"taxonomy":"kastlengte","embeddable":true,"href":"https:\/\/luxma.be\/fr\/wp-json\/wp\/v2\/kastlengte?post=6229"},{"taxonomy":"productlijn","embeddable":true,"href":"https:\/\/luxma.be\/fr\/wp-json\/wp\/v2\/productlijn?post=6229"},{"taxonomy":"sloten","embeddable":true,"href":"https:\/\/luxma.be\/fr\/wp-json\/wp\/v2\/sloten?post=6229"},{"taxonomy":"vl_pl_hoogte_a","embeddable":true,"href":"https:\/\/luxma.be\/fr\/wp-json\/wp\/v2\/vl_pl_hoogte_a?post=6229"},{"taxonomy":"product_brand","embeddable":true,"href":"https:\/\/luxma.be\/fr\/wp-json\/wp\/v2\/product_brand?post=6229"},{"taxonomy":"product_cat","embeddable":true,"href":"https:\/\/luxma.be\/fr\/wp-json\/wp\/v2\/product_cat?post=6229"},{"taxonomy":"product_tag","embeddable":true,"href":"https:\/\/luxma.be\/fr\/wp-json\/wp\/v2\/product_tag?post=6229"}],"curies":[{"name":"wp","href":"https:\/\/api.w.org\/{rel}","templated":true}]}}