{"id":6227,"date":"2020-07-16T17:44:39","date_gmt":"2020-07-16T15:44:39","guid":{"rendered":"https:\/\/luxma.be\/?post_type=product&#038;p=6227"},"modified":"2026-03-16T14:22:20","modified_gmt":"2026-03-16T13:22:20","slug":"dolle-loft-rf90-maatwerk","status":"publish","type":"product","link":"https:\/\/luxma.be\/fr\/producten\/dolle-loft-rf90-maatwerk\/","title":{"rendered":"Dolle RF90 R\u00e9sistant au feu 3 pi\u00e8ces Sur mesure"},"content":{"rendered":"<p>Le DOLLE RF90 est r\u00e9sistant au feu pendant 90 minutes et est conforme \u00e0 la norme EN 4102 -2. La trappe est isol\u00e9e de chaque c\u00f4t\u00e9 avec 50 mm de laine de roche + 10 cm de plaques de pl\u00e2tre. L&#039;\u00e9chelle de grenier BD 90 est fournie avec un double loquet pour une utilisation facile et s\u00fbre en combinaison avec la barre push-pull en bois. L&#039;escalier des combles pr\u00e9sente une belle finition avec un volet blanc et des baguettes de recouvrement en bois peint en blanc. Les escaliers mansard\u00e9s DOLLE BD 90 sont dot\u00e9s de marches antid\u00e9rapantes et de pieds en plastique pour plus de s\u00e9curit\u00e9 et sont fournis avec un coupe-vent qui r\u00e9duit les pertes de chaleur.<\/p>\n<p>R\u00c9POND \u00c0 TOUTES LES NORMES EUROP\u00c9ENNES<\/p>\n<p>Il est important qu&#039;une maison soit construite de mani\u00e8re \u00e0 ce que la structure soit prot\u00e9g\u00e9e pendant une courte p\u00e9riode en cas d&#039;incendie. Les r\u00e9glementations en mati\u00e8re de construction imposent donc diverses exigences concernant la r\u00e9sistance au feu des \u00e9l\u00e9ments de construction d&#039;un b\u00e2timent ou d&#039;une habitation. C&#039;est pourquoi nous testons nos escaliers coupe-feu selon les normes les plus \u00e9lev\u00e9es d&#039;Europe et ils sont conformes \u00e0 la norme EN 4102-2. DOLLE BD 90 a une r\u00e9sistance au feu de 90 minutes. \u00c9tanch\u00e9it\u00e9 classe 4 test\u00e9e par IFT Rosenheim (EN12207).<br \/>\nUn escalier r\u00e9sistant au feu est test\u00e9 lors d&#039;un essai au feu dans lequel l&#039;escalier est int\u00e9gr\u00e9 dans une chambre de combustion et expos\u00e9 \u00e0 une situation d&#039;incendie r\u00e9elle. Les \u00e9chelles coupe-feu DOLLE ont \u00e9t\u00e9 test\u00e9es selon la nouvelle m\u00e9thode europ\u00e9enne commune pour tester la r\u00e9sistance au feu des \u00e9l\u00e9ments de construction. Les escaliers r\u00e9sistants au feu de DOLLE ont \u00e9t\u00e9 test\u00e9s \u00e0 l&#039;institut MPA Braunschweig en Allemagne.<\/p>","protected":false},"excerpt":{"rendered":"<p>De DOLLE RF90 is 90 minuten brandwerend en voldoet aan EN 4102 -2. Het luik is aan elke zijde ge\u00efsoleerd met 50 mm steenwol + 10 cm gipsplaat. De zoldertrap BD 90 wordt geleverd met een dubbele klinksluiting voor een gemakkelijke en veilige bediening in combinatie met de houten duw-trekstang. De zoldertrap heeft een mooie [&hellip;]<\/p>\n","protected":false},"featured_media":12781,"template":"","meta":{"_acf_changed":false},"axe":[],"kastbreedte":[7083],"entree":[],"hoek":[],"houtsoort":[],"kleur":[],"kastlengte":[7084],"productlijn":[],"sloten":[],"vl_pl_hoogte_a":[],"product_brand":[],"product_cat":[1745,1744],"product_tag":[6486,6987],"class_list":{"0":"post-6227","1":"product","2":"type-product","3":"status-publish","4":"has-post-thumbnail","6":"kastbreedte-andere-maat","7":"kastlengte-andere-maat","8":"product_cat-zoldertrappen","9":"product_cat-trappen","10":"product_tag-dolle","11":"product_tag-hout-en-trappen","12":"pa_beschrijving-dolle-rf-90-3-delig-maatwerk","13":"pa_beschrijving-dolle-rf-90-3-delig-maatwerk-kasthoogte-19cm-80cm","14":"pa_beschrijving-dolle-rf-90-3-delig-maatwerk-extra-trede","15":"pa_beschrijving-dolle-rf-90-3-delig-maatwerk-standaardhoogte","17":"first","18":"onbackorder","19":"purchasable","20":"product-type-simple"},"acf":[],"_links":{"self":[{"href":"https:\/\/luxma.be\/fr\/wp-json\/wp\/v2\/product\/6227","targetHints":{"allow":["GET"]}}],"collection":[{"href":"https:\/\/luxma.be\/fr\/wp-json\/wp\/v2\/product"}],"about":[{"href":"https:\/\/luxma.be\/fr\/wp-json\/wp\/v2\/types\/product"}],"wp:featuredmedia":[{"embeddable":true,"href":"https:\/\/luxma.be\/fr\/wp-json\/wp\/v2\/media\/12781"}],"wp:attachment":[{"href":"https:\/\/luxma.be\/fr\/wp-json\/wp\/v2\/media?parent=6227"}],"wp:term":[{"taxonomy":"axe","embeddable":true,"href":"https:\/\/luxma.be\/fr\/wp-json\/wp\/v2\/axe?post=6227"},{"taxonomy":"kastbreedte","embeddable":true,"href":"https:\/\/luxma.be\/fr\/wp-json\/wp\/v2\/kastbreedte?post=6227"},{"taxonomy":"entree","embeddable":true,"href":"https:\/\/luxma.be\/fr\/wp-json\/wp\/v2\/entree?post=6227"},{"taxonomy":"hoek","embeddable":true,"href":"https:\/\/luxma.be\/fr\/wp-json\/wp\/v2\/hoek?post=6227"},{"taxonomy":"houtsoort","embeddable":true,"href":"https:\/\/luxma.be\/fr\/wp-json\/wp\/v2\/houtsoort?post=6227"},{"taxonomy":"kleur","embeddable":true,"href":"https:\/\/luxma.be\/fr\/wp-json\/wp\/v2\/kleur?post=6227"},{"taxonomy":"kastlengte","embeddable":true,"href":"https:\/\/luxma.be\/fr\/wp-json\/wp\/v2\/kastlengte?post=6227"},{"taxonomy":"productlijn","embeddable":true,"href":"https:\/\/luxma.be\/fr\/wp-json\/wp\/v2\/productlijn?post=6227"},{"taxonomy":"sloten","embeddable":true,"href":"https:\/\/luxma.be\/fr\/wp-json\/wp\/v2\/sloten?post=6227"},{"taxonomy":"vl_pl_hoogte_a","embeddable":true,"href":"https:\/\/luxma.be\/fr\/wp-json\/wp\/v2\/vl_pl_hoogte_a?post=6227"},{"taxonomy":"product_brand","embeddable":true,"href":"https:\/\/luxma.be\/fr\/wp-json\/wp\/v2\/product_brand?post=6227"},{"taxonomy":"product_cat","embeddable":true,"href":"https:\/\/luxma.be\/fr\/wp-json\/wp\/v2\/product_cat?post=6227"},{"taxonomy":"product_tag","embeddable":true,"href":"https:\/\/luxma.be\/fr\/wp-json\/wp\/v2\/product_tag?post=6227"}],"curies":[{"name":"wp","href":"https:\/\/api.w.org\/{rel}","templated":true}]}}