{"id":6225,"date":"2020-07-16T17:43:49","date_gmt":"2020-07-16T15:43:49","guid":{"rendered":"https:\/\/luxma.be\/?post_type=product&#038;p=6225"},"modified":"2026-03-16T14:23:14","modified_gmt":"2026-03-16T13:23:14","slug":"dolle-alufix","status":"publish","type":"product","link":"https:\/\/luxma.be\/fr\/producten\/dolle-alufix\/","title":{"rendered":"Dolle Alufix"},"content":{"rendered":"<p>Escalier id\u00e9al s&#039;il n&#039;y a pas beaucoup d&#039;espace (ouverture minimum 60 x 50 cm n\u00e9cessaire). Cet escalier est plac\u00e9 directement dans le cadre via une plaque de montage en bois. Pli\u00e9, il prend peu de place. Version aluminium.<\/p>\n<p>\u00c9CHELLE LOFT POUR ESPACES \u00c9TROITS<\/p>\n<p>La surface d&#039;entr\u00e9e profonde des marches n&#039;est qu&#039;un d\u00e9tail qui distingue le DOLLE Alu-fix des autres escaliers. Le support est en contreplaqu\u00e9 et est accessible en toute s\u00e9curit\u00e9 dans les combles avec peu d&#039;effort. L&#039;espace requis est tr\u00e8s faible, les escaliers peuvent donc \u00eatre mont\u00e9s dans le plus petit grenier. Avec une charge test\u00e9e allant jusqu&#039;\u00e0 100 kg, le mod\u00e8le peut tr\u00e8s bien convenir aux b\u00e2timents anciens dot\u00e9s de combles non conventionnels.<\/p>","protected":false},"excerpt":{"rendered":"<p>Ideale trap indien er niet veel plaats is (min. 60 x 50 cm opening nodig). Deze trap wordt rechtstreeks in het kader geplaatst via een houten bevestigingsplaat. Opgeplooid neemt hij amper plaats in. Uitvoering in aluminium. LOFT LADDER VOOR SMALLE RUIMTES Het diepe opstapoppervlak van de treden is slechts een detail dat de DOLLE Alu-fix [&hellip;]<\/p>\n","protected":false},"featured_media":16649,"template":"","meta":{"_acf_changed":false},"axe":[],"kastbreedte":[6492],"entree":[],"hoek":[],"houtsoort":[],"kleur":[],"kastlengte":[6494],"productlijn":[],"sloten":[],"vl_pl_hoogte_a":[],"product_brand":[],"product_cat":[1745,1744],"product_tag":[6486,6987],"class_list":{"0":"post-6225","1":"product","2":"type-product","3":"status-publish","4":"has-post-thumbnail","6":"kastbreedte-50-cm","7":"kastlengte-60-cm","8":"product_cat-zoldertrappen","9":"product_cat-trappen","10":"product_tag-dolle","11":"product_tag-hout-en-trappen","12":"pa_beschrijving-alufix-9-treden","13":"pa_beschrijving-alufix-10-treden","14":"pa_beschrijving-alufix-11-treden","16":"first","17":"instock","18":"purchasable","19":"product-type-variable"},"acf":[],"_links":{"self":[{"href":"https:\/\/luxma.be\/fr\/wp-json\/wp\/v2\/product\/6225","targetHints":{"allow":["GET"]}}],"collection":[{"href":"https:\/\/luxma.be\/fr\/wp-json\/wp\/v2\/product"}],"about":[{"href":"https:\/\/luxma.be\/fr\/wp-json\/wp\/v2\/types\/product"}],"wp:featuredmedia":[{"embeddable":true,"href":"https:\/\/luxma.be\/fr\/wp-json\/wp\/v2\/media\/16649"}],"wp:attachment":[{"href":"https:\/\/luxma.be\/fr\/wp-json\/wp\/v2\/media?parent=6225"}],"wp:term":[{"taxonomy":"axe","embeddable":true,"href":"https:\/\/luxma.be\/fr\/wp-json\/wp\/v2\/axe?post=6225"},{"taxonomy":"kastbreedte","embeddable":true,"href":"https:\/\/luxma.be\/fr\/wp-json\/wp\/v2\/kastbreedte?post=6225"},{"taxonomy":"entree","embeddable":true,"href":"https:\/\/luxma.be\/fr\/wp-json\/wp\/v2\/entree?post=6225"},{"taxonomy":"hoek","embeddable":true,"href":"https:\/\/luxma.be\/fr\/wp-json\/wp\/v2\/hoek?post=6225"},{"taxonomy":"houtsoort","embeddable":true,"href":"https:\/\/luxma.be\/fr\/wp-json\/wp\/v2\/houtsoort?post=6225"},{"taxonomy":"kleur","embeddable":true,"href":"https:\/\/luxma.be\/fr\/wp-json\/wp\/v2\/kleur?post=6225"},{"taxonomy":"kastlengte","embeddable":true,"href":"https:\/\/luxma.be\/fr\/wp-json\/wp\/v2\/kastlengte?post=6225"},{"taxonomy":"productlijn","embeddable":true,"href":"https:\/\/luxma.be\/fr\/wp-json\/wp\/v2\/productlijn?post=6225"},{"taxonomy":"sloten","embeddable":true,"href":"https:\/\/luxma.be\/fr\/wp-json\/wp\/v2\/sloten?post=6225"},{"taxonomy":"vl_pl_hoogte_a","embeddable":true,"href":"https:\/\/luxma.be\/fr\/wp-json\/wp\/v2\/vl_pl_hoogte_a?post=6225"},{"taxonomy":"product_brand","embeddable":true,"href":"https:\/\/luxma.be\/fr\/wp-json\/wp\/v2\/product_brand?post=6225"},{"taxonomy":"product_cat","embeddable":true,"href":"https:\/\/luxma.be\/fr\/wp-json\/wp\/v2\/product_cat?post=6225"},{"taxonomy":"product_tag","embeddable":true,"href":"https:\/\/luxma.be\/fr\/wp-json\/wp\/v2\/product_tag?post=6225"}],"curies":[{"name":"wp","href":"https:\/\/api.w.org\/{rel}","templated":true}]}}