{"id":6224,"date":"2020-07-16T17:43:12","date_gmt":"2020-07-16T15:43:12","guid":{"rendered":"https:\/\/luxma.be\/?post_type=product&#038;p=6224"},"modified":"2026-03-16T14:22:20","modified_gmt":"2026-03-16T13:22:20","slug":"dolle-mini-4-delig-maatwerk","status":"publish","type":"product","link":"https:\/\/luxma.be\/fr\/producten\/dolle-mini-4-delig-maatwerk\/","title":{"rendered":"Dolle Mini  4 pi\u00e8ces sur mesure"},"content":{"rendered":"<p>Cet escalier est la solution id\u00e9ale pour les petites ouvertures de plafond ! L&#039;\u00e9chelle de grenier en bois en 4 parties est livr\u00e9e compl\u00e8te avec trappe d&#039;isolation thermique et joint de tension et a \u00e9t\u00e9 sp\u00e9cialement d\u00e9velopp\u00e9e pour la construction de plafonds sans dimensions standard, de sorte qu&#039;elle s&#039;adapte parfaitement aux ouvertures qui ne r\u00e9pondent pas aux dimensions standard. L&#039;\u00e9chelle est confortable \u00e0 utiliser avec des marches nervur\u00e9es et antid\u00e9rapantes qui offrent la s\u00e9curit\u00e9 n\u00e9cessaire.<\/p>\n<p>PETITE \u00c9CHELLE DE GRENIER<\/p>\n<p>La trappe \u00e0 isolation thermique est l\u00e9g\u00e8re gr\u00e2ce \u00e0 sa construction en sandwich. Le joint de tension assure une \u00e9tanch\u00e9it\u00e9 \u00e0 l&#039;air selon la norme DIN EN 12207 classe 4 et r\u00e9pond aux exigences d&#039;excellentes propri\u00e9t\u00e9s d&#039;isolation thermique. La partie \u00e9chelle se replie en 4 parties pour gagner de la place et ne prend donc pratiquement pas de place. Les bandes blanches forment une finition discr\u00e8te \u00e0 la transition du plafond.<\/p>","protected":false},"excerpt":{"rendered":"<p>Deze trap is de ideale oplossing voor kleine plafondopeningen! De 4-delige houten zoldertrap wordt compleet met warmte-isolerend luik en spanningsafdichting geleverd en speciaal ontwikkeld voor plafondconstructie zonder standaard afmetingen, waardoor deze perfect past in openingen die niet voldoen aan de standaard afmetingen. De ladder is comfortabel in gebruik met geribbelde, antislip treden die de nodige [&hellip;]<\/p>\n","protected":false},"featured_media":5734,"template":"","meta":{"_acf_changed":false},"axe":[],"kastbreedte":[7083],"entree":[],"hoek":[],"houtsoort":[],"kleur":[],"kastlengte":[7084],"productlijn":[],"sloten":[],"vl_pl_hoogte_a":[],"product_brand":[],"product_cat":[1745,1744],"product_tag":[6486,6987],"class_list":{"0":"post-6224","1":"product","2":"type-product","3":"status-publish","4":"has-post-thumbnail","6":"kastbreedte-andere-maat","7":"kastlengte-andere-maat","8":"product_cat-zoldertrappen","9":"product_cat-trappen","10":"product_tag-dolle","11":"product_tag-hout-en-trappen","13":"first","14":"onbackorder","15":"purchasable","16":"product-type-simple"},"acf":[],"_links":{"self":[{"href":"https:\/\/luxma.be\/fr\/wp-json\/wp\/v2\/product\/6224","targetHints":{"allow":["GET"]}}],"collection":[{"href":"https:\/\/luxma.be\/fr\/wp-json\/wp\/v2\/product"}],"about":[{"href":"https:\/\/luxma.be\/fr\/wp-json\/wp\/v2\/types\/product"}],"wp:featuredmedia":[{"embeddable":true,"href":"https:\/\/luxma.be\/fr\/wp-json\/wp\/v2\/media\/5734"}],"wp:attachment":[{"href":"https:\/\/luxma.be\/fr\/wp-json\/wp\/v2\/media?parent=6224"}],"wp:term":[{"taxonomy":"axe","embeddable":true,"href":"https:\/\/luxma.be\/fr\/wp-json\/wp\/v2\/axe?post=6224"},{"taxonomy":"kastbreedte","embeddable":true,"href":"https:\/\/luxma.be\/fr\/wp-json\/wp\/v2\/kastbreedte?post=6224"},{"taxonomy":"entree","embeddable":true,"href":"https:\/\/luxma.be\/fr\/wp-json\/wp\/v2\/entree?post=6224"},{"taxonomy":"hoek","embeddable":true,"href":"https:\/\/luxma.be\/fr\/wp-json\/wp\/v2\/hoek?post=6224"},{"taxonomy":"houtsoort","embeddable":true,"href":"https:\/\/luxma.be\/fr\/wp-json\/wp\/v2\/houtsoort?post=6224"},{"taxonomy":"kleur","embeddable":true,"href":"https:\/\/luxma.be\/fr\/wp-json\/wp\/v2\/kleur?post=6224"},{"taxonomy":"kastlengte","embeddable":true,"href":"https:\/\/luxma.be\/fr\/wp-json\/wp\/v2\/kastlengte?post=6224"},{"taxonomy":"productlijn","embeddable":true,"href":"https:\/\/luxma.be\/fr\/wp-json\/wp\/v2\/productlijn?post=6224"},{"taxonomy":"sloten","embeddable":true,"href":"https:\/\/luxma.be\/fr\/wp-json\/wp\/v2\/sloten?post=6224"},{"taxonomy":"vl_pl_hoogte_a","embeddable":true,"href":"https:\/\/luxma.be\/fr\/wp-json\/wp\/v2\/vl_pl_hoogte_a?post=6224"},{"taxonomy":"product_brand","embeddable":true,"href":"https:\/\/luxma.be\/fr\/wp-json\/wp\/v2\/product_brand?post=6224"},{"taxonomy":"product_cat","embeddable":true,"href":"https:\/\/luxma.be\/fr\/wp-json\/wp\/v2\/product_cat?post=6224"},{"taxonomy":"product_tag","embeddable":true,"href":"https:\/\/luxma.be\/fr\/wp-json\/wp\/v2\/product_tag?post=6224"}],"curies":[{"name":"wp","href":"https:\/\/api.w.org\/{rel}","templated":true}]}}