{"id":6223,"date":"2020-07-16T17:42:30","date_gmt":"2020-07-16T15:42:30","guid":{"rendered":"https:\/\/luxma.be\/?post_type=product&#038;p=6223"},"modified":"2026-03-16T14:22:20","modified_gmt":"2026-03-16T13:22:20","slug":"dolle-miniflex-maatwerk","status":"publish","type":"product","link":"https:\/\/luxma.be\/fr\/producten\/dolle-miniflex-maatwerk\/","title":{"rendered":"Dolle Miniflex sur mesure"},"content":{"rendered":"<p>UNE SOLUTION D&#039;ACC\u00c8S ID\u00c9ALE GAIN DE PLACE<\/p>\n<p>L&#039;\u00e9chelle de grenier DOLLE MINIFLEX est livr\u00e9e compl\u00e8te avec une \u00e9chelle \u00e0 ciseaux en aluminium, la trappe est isol\u00e9e avec du polystyr\u00e8ne de 5 cm et les marches sont antid\u00e9rapantes. MINIFLEX est utilis\u00e9 lorsqu&#039;il est n\u00e9cessaire d&#039;avoir une \u00e9chelle de grenier peu encombrante et adapt\u00e9e \u00e9galement aux petites ouvertures de plafond. Un syst\u00e8me de suspension sp\u00e9cialement d\u00e9velopp\u00e9 assure une r\u00e9partition uniforme du poids et garantit un fonctionnement fluide et s\u00fbr.<\/p>\n<p>Le meuble mesure 14 cm de haut et est en bois d&#039;\u00e9pic\u00e9a. La construction sandwich robuste du<br \/>\nla trappe a une \u00e9paisseur de 5,6 cm. Les escaliers du grenier ont une belle finition avec des charni\u00e8res cach\u00e9es<br \/>\nil est facile \u00e0 recouvrir, \u00e0 peindre et \u00e0 vernir. L&#039;armoire et la trappe ont un bord sur\u00e9lev\u00e9 et l&#039;armoire est \u00e9quip\u00e9e d&#039;une bande d&#039;\u00e9tanch\u00e9it\u00e9 pour une tr\u00e8s bonne \u00e9tanch\u00e9it\u00e9. Les marches profondes de l&#039;\u00e9chelle ne sont qu&#039;un des d\u00e9tails qui distinguent DOLLE MINIFLEX des autres escaliers de grenier.<\/p>\n<p>Les marches en aluminium massif sont s\u00fbres et confortables. Il peut \u00eatre \u00e9tendu et r\u00e9tract\u00e9 d&#039;une simple traction ou pouss\u00e9e et peut \u00eatre install\u00e9 dans des espaces petits et restreints car il occupe un minimum d&#039;espace. Les marches ont une profondeur de 7,8 cm et test\u00e9es pour une charge allant jusqu&#039;\u00e0 100 kg et une valeur U de 0,90 W\/m\u00b2K, DOLLE MINIFLEX convient \u00e0 tous les espaces bien isol\u00e9s. Pour une hauteur de pi\u00e8ce sup\u00e9rieure \u00e0 260 cm, il doit y avoir une longueur brute d&#039;ouverture minimale de 80 cm. La largeur du meuble et la longueur du meuble ne doivent pas d\u00e9passer 240 cm. Il n&#039;est pas possible d&#039;ajouter des liens d&#039;extension au ladder. La hauteur du meuble ne doit pas d\u00e9passer 14 cm.<\/p>","protected":false},"excerpt":{"rendered":"<p>EEN IDEALE RUIMTEBESPARENDE TOEGANGSOPLOSSING De DOLLE MINIFLEX zoldertrap wordt compleet geleverd met een aluminium schaarladder, het luik is ge\u00efsoleerd met 5 cm polystyreen en de treden zijn antislip. MINIFLEX wordt toegepast daar waar behoefte is aan een vlizotrap die niet veel ruimte in beslag neemt en tevens geschikt is voor kleine plafondopeningen. Een speciaal ontwikkeld [&hellip;]<\/p>\n","protected":false},"featured_media":16956,"template":"","meta":{"_acf_changed":false},"axe":[],"kastbreedte":[7083],"entree":[],"hoek":[],"houtsoort":[],"kleur":[],"kastlengte":[7084],"productlijn":[],"sloten":[],"vl_pl_hoogte_a":[],"product_brand":[],"product_cat":[1745,1744],"product_tag":[6486,6987],"class_list":{"0":"post-6223","1":"product","2":"type-product","3":"status-publish","4":"has-post-thumbnail","6":"kastbreedte-andere-maat","7":"kastlengte-andere-maat","8":"product_cat-zoldertrappen","9":"product_cat-trappen","10":"product_tag-dolle","11":"product_tag-hout-en-trappen","13":"first","14":"onbackorder","15":"purchasable","16":"product-type-simple"},"acf":[],"_links":{"self":[{"href":"https:\/\/luxma.be\/fr\/wp-json\/wp\/v2\/product\/6223","targetHints":{"allow":["GET"]}}],"collection":[{"href":"https:\/\/luxma.be\/fr\/wp-json\/wp\/v2\/product"}],"about":[{"href":"https:\/\/luxma.be\/fr\/wp-json\/wp\/v2\/types\/product"}],"wp:featuredmedia":[{"embeddable":true,"href":"https:\/\/luxma.be\/fr\/wp-json\/wp\/v2\/media\/16956"}],"wp:attachment":[{"href":"https:\/\/luxma.be\/fr\/wp-json\/wp\/v2\/media?parent=6223"}],"wp:term":[{"taxonomy":"axe","embeddable":true,"href":"https:\/\/luxma.be\/fr\/wp-json\/wp\/v2\/axe?post=6223"},{"taxonomy":"kastbreedte","embeddable":true,"href":"https:\/\/luxma.be\/fr\/wp-json\/wp\/v2\/kastbreedte?post=6223"},{"taxonomy":"entree","embeddable":true,"href":"https:\/\/luxma.be\/fr\/wp-json\/wp\/v2\/entree?post=6223"},{"taxonomy":"hoek","embeddable":true,"href":"https:\/\/luxma.be\/fr\/wp-json\/wp\/v2\/hoek?post=6223"},{"taxonomy":"houtsoort","embeddable":true,"href":"https:\/\/luxma.be\/fr\/wp-json\/wp\/v2\/houtsoort?post=6223"},{"taxonomy":"kleur","embeddable":true,"href":"https:\/\/luxma.be\/fr\/wp-json\/wp\/v2\/kleur?post=6223"},{"taxonomy":"kastlengte","embeddable":true,"href":"https:\/\/luxma.be\/fr\/wp-json\/wp\/v2\/kastlengte?post=6223"},{"taxonomy":"productlijn","embeddable":true,"href":"https:\/\/luxma.be\/fr\/wp-json\/wp\/v2\/productlijn?post=6223"},{"taxonomy":"sloten","embeddable":true,"href":"https:\/\/luxma.be\/fr\/wp-json\/wp\/v2\/sloten?post=6223"},{"taxonomy":"vl_pl_hoogte_a","embeddable":true,"href":"https:\/\/luxma.be\/fr\/wp-json\/wp\/v2\/vl_pl_hoogte_a?post=6223"},{"taxonomy":"product_brand","embeddable":true,"href":"https:\/\/luxma.be\/fr\/wp-json\/wp\/v2\/product_brand?post=6223"},{"taxonomy":"product_cat","embeddable":true,"href":"https:\/\/luxma.be\/fr\/wp-json\/wp\/v2\/product_cat?post=6223"},{"taxonomy":"product_tag","embeddable":true,"href":"https:\/\/luxma.be\/fr\/wp-json\/wp\/v2\/product_tag?post=6223"}],"curies":[{"name":"wp","href":"https:\/\/api.w.org\/{rel}","templated":true}]}}