{"id":6218,"date":"2020-07-16T17:39:55","date_gmt":"2020-07-16T15:39:55","guid":{"rendered":"https:\/\/luxma.be\/?post_type=product&#038;p=6218"},"modified":"2026-03-16T14:22:21","modified_gmt":"2026-03-16T13:22:21","slug":"madrid","status":"publish","type":"product","link":"https:\/\/luxma.be\/fr\/producten\/madrid\/","title":{"rendered":"MADRID MET LEUNING IN DEN"},"content":{"rendered":"<p id=\"tw-target-text\" class=\"tw-data-text tw-text-large tw-ta\" dir=\"ltr\" data-placeholder=\"Vertaling\"><span class=\"Y2IQFc\" lang=\"nl\"><strong>L&#039;OPTION ID\u00c9ALE POUR LES PETITES PI\u00c8CES.<\/strong> <\/span><\/p>\n<p class=\"tw-data-text tw-text-large tw-ta\" dir=\"ltr\" data-placeholder=\"Vertaling\"><span class=\"Y2IQFc\" lang=\"nl\">R\u00e9duit aux \u00e9l\u00e9ments essentiels d&#039;un escalier fonctionnel, cet \u00e9l\u00e9gant escalier gain de place est la solution id\u00e9ale pour relier les \u00e9tages dans les pi\u00e8ces \u00e0 vivre avec une surface au sol relativement r\u00e9duite. La finition en bois rustique convient \u00e0 de nombreux styles d&#039;ameublement. Ou vous pouvez apporter votre touche personnelle. Les escaliers sont bruts \u2013 pr\u00eats \u00e0 vernir, teindre ou peindre. Int\u00e9grez-le au style de votre pi\u00e8ce et peignez le DOLLE Madrid dans la couleur que vous pr\u00e9f\u00e9rez.<\/span><\/p>\n<p class=\"tw-data-text tw-text-large tw-ta\" dir=\"ltr\" data-placeholder=\"Vertaling\"><strong>PR\u00caT \u00c0 VERNIS OU \u00c0 PEINDRE DANS LA COULEUR QUE VOUS VOULEZ.<\/strong><\/p>\n<p class=\"tw-data-text tw-text-large tw-ta\" dir=\"ltr\" data-placeholder=\"Vertaling\"><span class=\"Y2IQFc\" lang=\"nl\">Pour une construction s\u00fbre, les marches sont log\u00e9es dans les parois lat\u00e9rales. Les escaliers sont livr\u00e9s avec une seule main courante s\u00e9curis\u00e9e qui assure une mont\u00e9e confortable et s\u00fbre. Un garde-corps suppl\u00e9mentaire assorti pour le deuxi\u00e8me c\u00f4t\u00e9 est disponible sur demande \u00e0 un co\u00fbt suppl\u00e9mentaire. Escalier droit plat en \u00e9pic\u00e9a avec 12 marches. Installation simple et rapide sans l&#039;utilisation d&#039;outils sp\u00e9ciaux. <\/span><\/p>\n<p><strong><span class=\"Y2IQFc\" lang=\"nl\">AVANTAGES<\/span><\/strong><\/p>\n<ul>\n<li><span class=\"Y2IQFc\" lang=\"nl\">Mod\u00e8le d&#039;entr\u00e9e de gamme pas cher<\/span><\/li>\n<li><span class=\"Y2IQFc\" lang=\"nl\">Solution id\u00e9ale pour les petites pi\u00e8ces et mezzanines <\/span><\/li>\n<li><span class=\"Y2IQFc\" lang=\"nl\">Installation simple et rapide sans l&#039;utilisation d&#039;outils sp\u00e9ciaux.<\/span><\/li>\n<\/ul>","protected":false},"excerpt":{"rendered":"<p>DE IDEALE OPTIE VOOR KLEINE KAMERS. Gereduceerd tot de essenti\u00eble elementen van een functionele trap, is deze elegante ruimtebesparende trap de ideale oplossing voor het verbinden van vloeren in woonkamers met een vrij klein vloeroppervlak. De rustieke houtafwerking past bij veel inrichtingsstijlen. Of u kunt uw persoonlijke touch geven. De trap is onbehandeld &#8211; klaar [&hellip;]<\/p>\n","protected":false},"featured_media":5610,"template":"","meta":{"_acf_changed":false},"axe":[],"kastbreedte":[],"entree":[],"hoek":[],"houtsoort":[],"kleur":[],"kastlengte":[],"productlijn":[],"sloten":[],"vl_pl_hoogte_a":[],"product_brand":[],"product_cat":[1744,1809],"product_tag":[6486,6987],"class_list":{"0":"post-6218","1":"product","2":"type-product","3":"status-publish","4":"has-post-thumbnail","6":"product_cat-trappen","7":"product_cat-molenaarstrappen","8":"product_tag-dolle","9":"product_tag-hout-en-trappen","11":"first","12":"instock","13":"purchasable","14":"product-type-simple"},"acf":[],"_links":{"self":[{"href":"https:\/\/luxma.be\/fr\/wp-json\/wp\/v2\/product\/6218","targetHints":{"allow":["GET"]}}],"collection":[{"href":"https:\/\/luxma.be\/fr\/wp-json\/wp\/v2\/product"}],"about":[{"href":"https:\/\/luxma.be\/fr\/wp-json\/wp\/v2\/types\/product"}],"wp:featuredmedia":[{"embeddable":true,"href":"https:\/\/luxma.be\/fr\/wp-json\/wp\/v2\/media\/5610"}],"wp:attachment":[{"href":"https:\/\/luxma.be\/fr\/wp-json\/wp\/v2\/media?parent=6218"}],"wp:term":[{"taxonomy":"axe","embeddable":true,"href":"https:\/\/luxma.be\/fr\/wp-json\/wp\/v2\/axe?post=6218"},{"taxonomy":"kastbreedte","embeddable":true,"href":"https:\/\/luxma.be\/fr\/wp-json\/wp\/v2\/kastbreedte?post=6218"},{"taxonomy":"entree","embeddable":true,"href":"https:\/\/luxma.be\/fr\/wp-json\/wp\/v2\/entree?post=6218"},{"taxonomy":"hoek","embeddable":true,"href":"https:\/\/luxma.be\/fr\/wp-json\/wp\/v2\/hoek?post=6218"},{"taxonomy":"houtsoort","embeddable":true,"href":"https:\/\/luxma.be\/fr\/wp-json\/wp\/v2\/houtsoort?post=6218"},{"taxonomy":"kleur","embeddable":true,"href":"https:\/\/luxma.be\/fr\/wp-json\/wp\/v2\/kleur?post=6218"},{"taxonomy":"kastlengte","embeddable":true,"href":"https:\/\/luxma.be\/fr\/wp-json\/wp\/v2\/kastlengte?post=6218"},{"taxonomy":"productlijn","embeddable":true,"href":"https:\/\/luxma.be\/fr\/wp-json\/wp\/v2\/productlijn?post=6218"},{"taxonomy":"sloten","embeddable":true,"href":"https:\/\/luxma.be\/fr\/wp-json\/wp\/v2\/sloten?post=6218"},{"taxonomy":"vl_pl_hoogte_a","embeddable":true,"href":"https:\/\/luxma.be\/fr\/wp-json\/wp\/v2\/vl_pl_hoogte_a?post=6218"},{"taxonomy":"product_brand","embeddable":true,"href":"https:\/\/luxma.be\/fr\/wp-json\/wp\/v2\/product_brand?post=6218"},{"taxonomy":"product_cat","embeddable":true,"href":"https:\/\/luxma.be\/fr\/wp-json\/wp\/v2\/product_cat?post=6218"},{"taxonomy":"product_tag","embeddable":true,"href":"https:\/\/luxma.be\/fr\/wp-json\/wp\/v2\/product_tag?post=6218"}],"curies":[{"name":"wp","href":"https:\/\/api.w.org\/{rel}","templated":true}]}}