{"id":6214,"date":"2020-07-16T17:37:31","date_gmt":"2020-07-16T15:37:31","guid":{"rendered":"https:\/\/luxma.be\/?post_type=product&#038;p=6214"},"modified":"2026-04-07T10:10:24","modified_gmt":"2026-04-07T08:10:24","slug":"paris-beuk","status":"publish","type":"product","link":"https:\/\/luxma.be\/fr\/producten\/paris-beuk\/","title":{"rendered":"Paris (H\u00eatre)"},"content":{"rendered":"<p id=\"tw-target-text\" class=\"tw-data-text tw-text-large tw-ta\" dir=\"ltr\" data-placeholder=\"Vertaling\"><strong><span class=\"Y2IQFc\" lang=\"nl\">ESCALIER \u00c9L\u00c9GANT GAIN DE PLACE<\/span><\/strong><\/p>\n<p class=\"tw-data-text tw-text-large tw-ta\" dir=\"ltr\" data-placeholder=\"Vertaling\">Escalier \u00e9l\u00e9gant, facile \u00e0 entretenir.<br \/>\nL&#039;escalier gain de place PARIS de DOLLE est un escalier d&#039;appoint intemporel au design clair et lumineux qui convient \u00e0 la plupart des habitations.<br \/>\nL&#039;escalier PARIS est disponible en vol\u00e9e droite ou en quart tournant \u00e0 gauche ou \u00e0 droite. Choisissez la rampe d&#039;escalier en bois sans ou avec les balustres carr\u00e9s (\u00d816 mm) pour ajouter un look \u00e9l\u00e9gant et maximiser le confort et la s\u00e9curit\u00e9 lors de l&#039;utilisation des escaliers. S\u00e9lectionnez les escaliers comme ouverts (sans contremarches) ou ferm\u00e9s (avec contremarches).<br \/>\nLes escaliers PARIS sont con\u00e7us avec une largeur de 83,5 cm et des marches de 21 cm de profondeur qui garantissent un grand confort avec un passage de 18 cm en vol\u00e9e droite. L&#039;escalier prend peu de place dans la pi\u00e8ce et est donc id\u00e9al pour les petites pi\u00e8ces.<br \/>\nL&#039;escalier de secours droit comporte 14 marches et atteint une hauteur maximale au sol de 280,5 cm. L&#039;escalier quart tournant comporte 16 marches et atteint une hauteur maximale de sol \u00e0 sol de 318 cm. Les deux variantes d&#039;escalier peuvent \u00eatre raccourcies. DOLLE PARIS est con\u00e7ue pour r\u00e9pondre aux besoins d&#039;un usage quotidien et a \u00e9t\u00e9 test\u00e9e jusqu&#039;\u00e0 une charge totale maximale de 150 kg.<\/p>\n<p class=\"tw-data-text tw-text-large tw-ta\" dir=\"ltr\" data-placeholder=\"Vertaling\"><strong><span class=\"Y2IQFc\" lang=\"nl\">AVANTAGES<\/span><\/strong><\/p>\n<ul>\n<li class=\"tw-data-text tw-text-large tw-ta\" dir=\"ltr\" data-placeholder=\"Vertaling\"><span class=\"Y2IQFc\" lang=\"nl\">L\u00e9ger et \u00e9l\u00e9gant<\/span><\/li>\n<li class=\"tw-data-text tw-text-large tw-ta\" dir=\"ltr\" data-placeholder=\"Vertaling\"><span class=\"Y2IQFc\" lang=\"nl\">Conception intemporelle <\/span><\/li>\n<li class=\"tw-data-text tw-text-large tw-ta\" dir=\"ltr\" data-placeholder=\"Vertaling\"><span class=\"Y2IQFc\" lang=\"nl\">Solution d&#039;escalier peu encombrante <\/span><\/li>\n<li class=\"tw-data-text tw-text-large tw-ta\" dir=\"ltr\" data-placeholder=\"Vertaling\"><span class=\"Y2IQFc\" lang=\"nl\">De nombreuses possibilit\u00e9s <\/span><\/li>\n<\/ul>","protected":false},"excerpt":{"rendered":"<p>ELEGANTE RUIMTEBESPARENDE TRAP Stijlvolle trap, gemakkelijk te onderhouden. Ruimtebesparende trap PARIS van DOLLE is een tijdloze bijtrap met een licht en helder ontwerp dat bij de meeste huizen past. De PARIS trap is verkrijgbaar als rechte vlucht of kwartslag naar links of rechts. Kies de houten trapleuning zonder of met de vierkante balusters (\u00d816 mm) [&hellip;]<\/p>\n","protected":false},"featured_media":16733,"template":"","meta":{"_acf_changed":false},"axe":[],"kastbreedte":[],"entree":[],"hoek":[],"houtsoort":[7270],"kleur":[],"kastlengte":[],"productlijn":[],"sloten":[],"vl_pl_hoogte_a":[],"product_brand":[],"product_cat":[1744,1809],"product_tag":[6486,6987],"class_list":{"0":"post-6214","1":"product","2":"type-product","3":"status-publish","4":"has-post-thumbnail","6":"houtsoort-beuk","7":"product_cat-trappen","8":"product_cat-molenaarstrappen","9":"product_tag-dolle","10":"product_tag-hout-en-trappen","11":"pa_beschrijving-paris-beuk-rechte-trap","12":"pa_beschrijving-paris-beuk-leuning-rechte-balusters","13":"pa_beschrijving-paris-beuk-leuning-gedraaide-balusters","14":"pa_beschrijving-paris-beuk-1-4-draai-links","15":"pa_beschrijving-paris-beuk-1-4-draai-rechts","16":"pa_beschrijving-paris-beuk-tegentrebeuk-rechte-trap","17":"pa_beschrijving-paris-beuk-tegentrebeuk-1-4-draai","19":"first","20":"instock","21":"purchasable","22":"product-type-variable"},"acf":[],"_links":{"self":[{"href":"https:\/\/luxma.be\/fr\/wp-json\/wp\/v2\/product\/6214","targetHints":{"allow":["GET"]}}],"collection":[{"href":"https:\/\/luxma.be\/fr\/wp-json\/wp\/v2\/product"}],"about":[{"href":"https:\/\/luxma.be\/fr\/wp-json\/wp\/v2\/types\/product"}],"wp:featuredmedia":[{"embeddable":true,"href":"https:\/\/luxma.be\/fr\/wp-json\/wp\/v2\/media\/16733"}],"wp:attachment":[{"href":"https:\/\/luxma.be\/fr\/wp-json\/wp\/v2\/media?parent=6214"}],"wp:term":[{"taxonomy":"axe","embeddable":true,"href":"https:\/\/luxma.be\/fr\/wp-json\/wp\/v2\/axe?post=6214"},{"taxonomy":"kastbreedte","embeddable":true,"href":"https:\/\/luxma.be\/fr\/wp-json\/wp\/v2\/kastbreedte?post=6214"},{"taxonomy":"entree","embeddable":true,"href":"https:\/\/luxma.be\/fr\/wp-json\/wp\/v2\/entree?post=6214"},{"taxonomy":"hoek","embeddable":true,"href":"https:\/\/luxma.be\/fr\/wp-json\/wp\/v2\/hoek?post=6214"},{"taxonomy":"houtsoort","embeddable":true,"href":"https:\/\/luxma.be\/fr\/wp-json\/wp\/v2\/houtsoort?post=6214"},{"taxonomy":"kleur","embeddable":true,"href":"https:\/\/luxma.be\/fr\/wp-json\/wp\/v2\/kleur?post=6214"},{"taxonomy":"kastlengte","embeddable":true,"href":"https:\/\/luxma.be\/fr\/wp-json\/wp\/v2\/kastlengte?post=6214"},{"taxonomy":"productlijn","embeddable":true,"href":"https:\/\/luxma.be\/fr\/wp-json\/wp\/v2\/productlijn?post=6214"},{"taxonomy":"sloten","embeddable":true,"href":"https:\/\/luxma.be\/fr\/wp-json\/wp\/v2\/sloten?post=6214"},{"taxonomy":"vl_pl_hoogte_a","embeddable":true,"href":"https:\/\/luxma.be\/fr\/wp-json\/wp\/v2\/vl_pl_hoogte_a?post=6214"},{"taxonomy":"product_brand","embeddable":true,"href":"https:\/\/luxma.be\/fr\/wp-json\/wp\/v2\/product_brand?post=6214"},{"taxonomy":"product_cat","embeddable":true,"href":"https:\/\/luxma.be\/fr\/wp-json\/wp\/v2\/product_cat?post=6214"},{"taxonomy":"product_tag","embeddable":true,"href":"https:\/\/luxma.be\/fr\/wp-json\/wp\/v2\/product_tag?post=6214"}],"curies":[{"name":"wp","href":"https:\/\/api.w.org\/{rel}","templated":true}]}}