{"id":5617,"date":"2020-06-19T13:53:10","date_gmt":"2020-06-19T11:53:10","guid":{"rendered":"https:\/\/luxma.be\/product\/normandie-den\/"},"modified":"2026-04-01T11:51:38","modified_gmt":"2026-04-01T09:51:38","slug":"normandie-den","status":"publish","type":"product","link":"https:\/\/luxma.be\/fr\/producten\/normandie-den\/","title":{"rendered":"Normandie (Borne)"},"content":{"rendered":"<p id=\"tw-target-text\" class=\"tw-data-text tw-text-large tw-ta\" dir=\"ltr\" data-placeholder=\"Vertaling\"><span class=\"Y2IQFc\" lang=\"nl\"><strong>TR\u00c8S CONFORTABLE ET POLYVALENT<\/strong><\/span><\/p>\n<p class=\"tw-data-text tw-text-large tw-ta\" dir=\"ltr\" data-placeholder=\"Vertaling\"><span class=\"Y2IQFc\" lang=\"nl\">\u00a0Le DOLLE Normandie est \u00e0 l&#039;image des autres \u00e9conomiseurs d&#039;espace de la gamme, mais avec des marches encore plus larges et plus profondes. En combinant cela avec un angle beaucoup plus doux, le Normandie est un escalier tr\u00e8s confortable \u00e0 utiliser. Le Normandie est tr\u00e8s polyvalent et peut \u00eatre raccourci et plus \u00e9troit, ce qui signifie qu&#039;il peut fonctionner dans une grande vari\u00e9t\u00e9 de situations. Et en plus, il est disponible en couches de quart. Combinez la DOLLE Normandie qui convient \u00e0 votre maison en choisissant entre tout droit, quart de tour \u00e0 droite ou quart de tour \u00e0 gauche. Personnalisez votre style en d\u00e9finissant un escalier ouvert (sans contremarche) ou un escalier ferm\u00e9 (avec contremarche). Les essences de bois s\u00e9lectionn\u00e9es conviennent \u00e0 de nombreux styles d&#039;ameublement et ont une belle finition. Mais que vous souhaitiez votre escalier gain de place en \u00e9pic\u00e9a ou en h\u00eatre, il peut \u00e9galement \u00eatre verni, teint ou peint pour compl\u00e9ter votre d\u00e9cor existant.<\/span><\/p>\n<p class=\"tw-data-text tw-text-large tw-ta\" dir=\"ltr\" data-placeholder=\"Vertaling\"><strong><span class=\"Y2IQFc\" lang=\"nl\">PR\u00caT \u00c0 \u00caTRE PEINT, TEINT OU PEINT DANS LES COULEURS ADAPT\u00c9ES \u00c0 VOTRE D\u00c9COR <\/span><\/strong><\/p>\n<p class=\"tw-data-text tw-text-large tw-ta\" dir=\"ltr\" data-placeholder=\"Vertaling\"><span class=\"Y2IQFc\" lang=\"nl\">Les escaliers sont fournis avec un kit de garde-corps pour les mains et les genoux qui permet une ascension confortable et s\u00fbre. La plupart n&#039;ont que des mains courantes. Le double garde-corps offre une s\u00e9curit\u00e9 d&#039;utilisation suppl\u00e9mentaire. Le garde-corps peut \u00eatre mont\u00e9 \u00e0 droite ou \u00e0 gauche de l&#039;escalier. Pour une meilleure s\u00e9curit\u00e9 et finition, les 14 marches confortables \u2013 d&#039;une profondeur de 19 cm \u2013 sont log\u00e9es dans les parois lat\u00e9rales. N\u00e9cessite une ouverture minimale de 1,75 x 0,8 m\u00e8tre. Du sol au sol toute hauteur jusqu&#039;\u00e0 3,1 m\u00e8tres. Fourni dans un emballage plat pour un stockage et un transport faciles et avec des instructions compl\u00e8tes pour un assemblage rapide et facile. Le Normandie a \u00e9t\u00e9 test\u00e9 \u00e0 300 kg. <\/span><\/p>\n<p class=\"tw-data-text tw-text-large tw-ta\" dir=\"ltr\" data-placeholder=\"Vertaling\"><span class=\"Y2IQFc\" lang=\"nl\"><strong>AVANTAGES<\/strong><\/span><\/p>\n<ul>\n<li class=\"tw-data-text tw-text-large tw-ta\" dir=\"ltr\" data-placeholder=\"Vertaling\"><span class=\"Y2IQFc\" lang=\"nl\">Escaliers tr\u00e8s confortables pour monter et descendre <\/span><\/li>\n<li class=\"tw-data-text tw-text-large tw-ta\" dir=\"ltr\" data-placeholder=\"Vertaling\"><span class=\"Y2IQFc\" lang=\"nl\">Tr\u00e8s polyvalent \u2013 r\u00e9glage facile de la largeur <\/span><\/li>\n<li class=\"tw-data-text tw-text-large tw-ta\" dir=\"ltr\" data-placeholder=\"Vertaling\"><span class=\"Y2IQFc\" lang=\"nl\">Fourni avec un repose-mains et genoux s\u00e9curis\u00e9<\/span><\/li>\n<li dir=\"ltr\" data-placeholder=\"Vertaling\">Pr\u00eat \u00e0 vernir, teindre ou peindre pour compl\u00e9ter votre d\u00e9cor existant<\/li>\n<li dir=\"ltr\" data-placeholder=\"Vertaling\">Installation simple et rapide sans l&#039;utilisation d&#039;outils sp\u00e9ciaux<\/li>\n<\/ul>","protected":false},"excerpt":{"rendered":"<p>ZEER COMFORTABEL EN VEELZIJDIG \u00a0De DOLLE Normandie is net als de andere ruimtebespaarders in het assortiment, maar met nog bredere en diepere treden. Door dit te combineren met een veel zachtere hoek, is de Normandie een zeer comfortabele trap om te gebruiken. De Normandie is zeer veelzijdig en kan korter en smaller worden gemaakt, wat [&hellip;]<\/p>\n","protected":false},"featured_media":5619,"template":"","meta":{"_acf_changed":false},"axe":[],"kastbreedte":[],"entree":[],"hoek":[],"houtsoort":[],"kleur":[],"kastlengte":[],"productlijn":[],"sloten":[],"vl_pl_hoogte_a":[],"product_brand":[],"product_cat":[1744,1809],"product_tag":[6486,6987],"class_list":{"0":"post-5617","1":"product","2":"type-product","3":"status-publish","4":"has-post-thumbnail","6":"product_cat-trappen","7":"product_cat-molenaarstrappen","8":"product_tag-dolle","9":"product_tag-hout-en-trappen","10":"pa_beschrijving-normandie-den-rechte-trap","11":"pa_beschrijving-normandie-den-1-4-draai-rechts","12":"pa_beschrijving-normandie-den-1-4-draai-links","13":"pa_beschrijving-normandie-den-tegentreden-rechte-trap","14":"pa_beschrijving-normandie-den-tegentreden-1-4-draai","15":"pa_beschrijving-normandie-den-leuning","17":"first","18":"instock","19":"purchasable","20":"product-type-variable"},"acf":[],"_links":{"self":[{"href":"https:\/\/luxma.be\/fr\/wp-json\/wp\/v2\/product\/5617","targetHints":{"allow":["GET"]}}],"collection":[{"href":"https:\/\/luxma.be\/fr\/wp-json\/wp\/v2\/product"}],"about":[{"href":"https:\/\/luxma.be\/fr\/wp-json\/wp\/v2\/types\/product"}],"wp:featuredmedia":[{"embeddable":true,"href":"https:\/\/luxma.be\/fr\/wp-json\/wp\/v2\/media\/5619"}],"wp:attachment":[{"href":"https:\/\/luxma.be\/fr\/wp-json\/wp\/v2\/media?parent=5617"}],"wp:term":[{"taxonomy":"axe","embeddable":true,"href":"https:\/\/luxma.be\/fr\/wp-json\/wp\/v2\/axe?post=5617"},{"taxonomy":"kastbreedte","embeddable":true,"href":"https:\/\/luxma.be\/fr\/wp-json\/wp\/v2\/kastbreedte?post=5617"},{"taxonomy":"entree","embeddable":true,"href":"https:\/\/luxma.be\/fr\/wp-json\/wp\/v2\/entree?post=5617"},{"taxonomy":"hoek","embeddable":true,"href":"https:\/\/luxma.be\/fr\/wp-json\/wp\/v2\/hoek?post=5617"},{"taxonomy":"houtsoort","embeddable":true,"href":"https:\/\/luxma.be\/fr\/wp-json\/wp\/v2\/houtsoort?post=5617"},{"taxonomy":"kleur","embeddable":true,"href":"https:\/\/luxma.be\/fr\/wp-json\/wp\/v2\/kleur?post=5617"},{"taxonomy":"kastlengte","embeddable":true,"href":"https:\/\/luxma.be\/fr\/wp-json\/wp\/v2\/kastlengte?post=5617"},{"taxonomy":"productlijn","embeddable":true,"href":"https:\/\/luxma.be\/fr\/wp-json\/wp\/v2\/productlijn?post=5617"},{"taxonomy":"sloten","embeddable":true,"href":"https:\/\/luxma.be\/fr\/wp-json\/wp\/v2\/sloten?post=5617"},{"taxonomy":"vl_pl_hoogte_a","embeddable":true,"href":"https:\/\/luxma.be\/fr\/wp-json\/wp\/v2\/vl_pl_hoogte_a?post=5617"},{"taxonomy":"product_brand","embeddable":true,"href":"https:\/\/luxma.be\/fr\/wp-json\/wp\/v2\/product_brand?post=5617"},{"taxonomy":"product_cat","embeddable":true,"href":"https:\/\/luxma.be\/fr\/wp-json\/wp\/v2\/product_cat?post=5617"},{"taxonomy":"product_tag","embeddable":true,"href":"https:\/\/luxma.be\/fr\/wp-json\/wp\/v2\/product_tag?post=5617"}],"curies":[{"name":"wp","href":"https:\/\/api.w.org\/{rel}","templated":true}]}}