{"id":5535,"date":"2020-06-19T13:50:41","date_gmt":"2020-06-19T11:50:41","guid":{"rendered":"https:\/\/luxma.be\/product\/dolle-loft-sw56-4\/"},"modified":"2026-04-07T09:04:25","modified_gmt":"2026-04-07T07:04:25","slug":"dolle-loft-sw56-4","status":"publish","type":"product","link":"https:\/\/luxma.be\/fr\/producten\/dolle-loft-sw56-4\/","title":{"rendered":"Fou Loft SW64-4 sur mesure"},"content":{"rendered":"<p>L&#039;escalier de grenier DOLLE SW64-4, anciennement SW56-4, avec isolation sup\u00e9rieure est un escalier pliant en 3 parties, aucune hauteur sous plafond ni espace de rangement n&#039;est donc n\u00e9cessaire dans les combles. Enti\u00e8rement assembl\u00e9 pour garantir une installation facile et rapide.<\/p>\n<p>PORTE D&#039;ESCALIER ROBUSTE ET HAUT-INDULANTE DE 64 MM.<\/p>\n<p>Le bo\u00eetier blanc est robuste avec une hauteur de 19 cm. Les cordes et les marches de l&#039;\u00e9chelle en 3 parties sont en bois massif. Ces escaliers mansard\u00e9s en bois ont \u00e9t\u00e9 con\u00e7us pour \u00eatre d&#039;une qualit\u00e9 particuli\u00e8rement \u00e9lev\u00e9e et disposent de marches antid\u00e9rapantes pour plus de s\u00e9curit\u00e9.<br \/>\nAvec un coupe-vent dans le bo\u00eetier et une trappe avec isolation Super EPS de 58 mm, vous \u00e9vitez les courants d&#039;air et les pertes de chaleur. Avec cette \u00e9chelle de grenier, vous garantissez une r\u00e9duction des ponts thermiques dans l&#039;armoire et la trappe. En raison de ses excellentes valeurs d&#039;isolation, cette \u00e9chelle de grenier convient parfaitement aux greniers peu ou pas am\u00e9nag\u00e9s ou aux combles rarement utilis\u00e9s.<\/p>\n<p>ENTI\u00c8REMENT ASSEMBL\u00c9 POUR ASSURER UNE INSTALLATION TR\u00c8S FACILE.<\/p>\n<p>Disponible dans de nombreuses tailles standards et une personnalisation est \u00e9galement possible. Belle finition avec volet blanc. Marches antid\u00e9rapantes pour plus de s\u00e9curit\u00e9. Bo\u00eetier avec coupe-vent pour une tr\u00e8s bonne \u00e9tanch\u00e9it\u00e9. Architrave inclus. Mont\u00e9 sur \u00e9chelle pour une installation facile et rapide.<\/p>","protected":false},"excerpt":{"rendered":"<p>De zoldertrap DOLLE SW64-4, voorheen de SW56-4, met top-isolatie is een 3-delige vouwtrap, waardoor er op zolder geen stahoogte of bergruimte nodig is. Volledig gemonteerd om een \u200b\u200beenvoudige en snelle installatie te garanderen. ROBUUST EN TOP-INDULEREND TRAPDOOR VAN 64 MM. De witte behuizing is robuust met een hoogte van 19 cm. De snaren en treden [&hellip;]<\/p>\n","protected":false},"featured_media":16948,"template":"","meta":{"_acf_changed":false},"axe":[],"kastbreedte":[7083],"entree":[],"hoek":[],"houtsoort":[],"kleur":[],"kastlengte":[7084],"productlijn":[],"sloten":[],"vl_pl_hoogte_a":[],"product_brand":[],"product_cat":[1745,1744],"product_tag":[6486,6987],"class_list":{"0":"post-5535","1":"product","2":"type-product","3":"status-publish","4":"has-post-thumbnail","6":"kastbreedte-andere-maat","7":"kastlengte-andere-maat","8":"product_cat-zoldertrappen","9":"product_cat-trappen","10":"product_tag-dolle","11":"product_tag-hout-en-trappen","12":"pa_beschrijving-dolle-loft-sw56-4-maatwerk","13":"pa_beschrijving-kasthoogte-1901cm-tot-max-80c","14":"pa_beschrijving-extra-trede-in-kast","15":"pa_beschrijving-voorboring-cilinderslot","17":"first","18":"onbackorder","19":"purchasable","20":"product-type-simple"},"acf":[],"_links":{"self":[{"href":"https:\/\/luxma.be\/fr\/wp-json\/wp\/v2\/product\/5535","targetHints":{"allow":["GET"]}}],"collection":[{"href":"https:\/\/luxma.be\/fr\/wp-json\/wp\/v2\/product"}],"about":[{"href":"https:\/\/luxma.be\/fr\/wp-json\/wp\/v2\/types\/product"}],"wp:featuredmedia":[{"embeddable":true,"href":"https:\/\/luxma.be\/fr\/wp-json\/wp\/v2\/media\/16948"}],"wp:attachment":[{"href":"https:\/\/luxma.be\/fr\/wp-json\/wp\/v2\/media?parent=5535"}],"wp:term":[{"taxonomy":"axe","embeddable":true,"href":"https:\/\/luxma.be\/fr\/wp-json\/wp\/v2\/axe?post=5535"},{"taxonomy":"kastbreedte","embeddable":true,"href":"https:\/\/luxma.be\/fr\/wp-json\/wp\/v2\/kastbreedte?post=5535"},{"taxonomy":"entree","embeddable":true,"href":"https:\/\/luxma.be\/fr\/wp-json\/wp\/v2\/entree?post=5535"},{"taxonomy":"hoek","embeddable":true,"href":"https:\/\/luxma.be\/fr\/wp-json\/wp\/v2\/hoek?post=5535"},{"taxonomy":"houtsoort","embeddable":true,"href":"https:\/\/luxma.be\/fr\/wp-json\/wp\/v2\/houtsoort?post=5535"},{"taxonomy":"kleur","embeddable":true,"href":"https:\/\/luxma.be\/fr\/wp-json\/wp\/v2\/kleur?post=5535"},{"taxonomy":"kastlengte","embeddable":true,"href":"https:\/\/luxma.be\/fr\/wp-json\/wp\/v2\/kastlengte?post=5535"},{"taxonomy":"productlijn","embeddable":true,"href":"https:\/\/luxma.be\/fr\/wp-json\/wp\/v2\/productlijn?post=5535"},{"taxonomy":"sloten","embeddable":true,"href":"https:\/\/luxma.be\/fr\/wp-json\/wp\/v2\/sloten?post=5535"},{"taxonomy":"vl_pl_hoogte_a","embeddable":true,"href":"https:\/\/luxma.be\/fr\/wp-json\/wp\/v2\/vl_pl_hoogte_a?post=5535"},{"taxonomy":"product_brand","embeddable":true,"href":"https:\/\/luxma.be\/fr\/wp-json\/wp\/v2\/product_brand?post=5535"},{"taxonomy":"product_cat","embeddable":true,"href":"https:\/\/luxma.be\/fr\/wp-json\/wp\/v2\/product_cat?post=5535"},{"taxonomy":"product_tag","embeddable":true,"href":"https:\/\/luxma.be\/fr\/wp-json\/wp\/v2\/product_tag?post=5535"}],"curies":[{"name":"wp","href":"https:\/\/api.w.org\/{rel}","templated":true}]}}