{"id":5527,"date":"2020-06-19T13:50:11","date_gmt":"2020-06-19T11:50:11","guid":{"rendered":"https:\/\/luxma.be\/product\/dolle-loft-sw56-3\/"},"modified":"2026-03-16T14:23:28","modified_gmt":"2026-03-16T13:23:28","slug":"dolle-loft-sw56-3","status":"publish","type":"product","link":"https:\/\/luxma.be\/fr\/producten\/dolle-loft-sw56-3\/","title":{"rendered":"Dolle loft SW64-4"},"content":{"rendered":"<p>L&#039;escalier de grenier DOLLE SW64-4, anciennement SW56-4, avec isolation sup\u00e9rieure est un escalier pliant en 3 parties, aucune hauteur sous plafond ni espace de rangement n&#039;est donc n\u00e9cessaire dans les combles. Enti\u00e8rement assembl\u00e9 pour garantir une installation facile et rapide.<\/p>\n<p>PORTE D&#039;ESCALIER ROBUSTE ET HAUT-INDULANTE DE 64 MM.<\/p>\n<p>Le bo\u00eetier blanc est robuste avec une hauteur de 19 cm. Les cordes et les marches de l&#039;\u00e9chelle en 3 parties sont en bois massif. Ces escaliers mansard\u00e9s en bois ont \u00e9t\u00e9 con\u00e7us pour \u00eatre d&#039;une qualit\u00e9 particuli\u00e8rement \u00e9lev\u00e9e et disposent de marches antid\u00e9rapantes pour plus de s\u00e9curit\u00e9.<br \/>\nAvec un coupe-vent dans le bo\u00eetier et une trappe avec isolation Super EPS de 58 mm, vous \u00e9vitez les courants d&#039;air et les pertes de chaleur. Avec cette \u00e9chelle de grenier, vous garantissez une r\u00e9duction des ponts thermiques dans l&#039;armoire et la trappe. En raison de ses excellentes valeurs d&#039;isolation, cette \u00e9chelle de grenier convient parfaitement aux greniers peu ou pas am\u00e9nag\u00e9s ou aux combles rarement utilis\u00e9s.<\/p>\n<p>ENTI\u00c8REMENT ASSEMBL\u00c9 POUR ASSURER UNE INSTALLATION TR\u00c8S FACILE.<\/p>\n<p>Disponible dans de nombreuses tailles standards et une personnalisation est \u00e9galement possible. Belle finition avec volet blanc. Marches antid\u00e9rapantes pour plus de s\u00e9curit\u00e9. Bo\u00eetier avec coupe-vent pour une tr\u00e8s bonne \u00e9tanch\u00e9it\u00e9. Architrave inclus. Mont\u00e9 sur \u00e9chelle pour une installation facile et rapide.<\/p>\n<p>&nbsp;<\/p>","protected":false},"excerpt":{"rendered":"<p>De zoldertrap DOLLE SW64-4, voorheen de SW56-4, met top-isolatie is een 3-delige vouwtrap, waardoor er op zolder geen stahoogte of bergruimte nodig is. Volledig gemonteerd om een \u200b\u200beenvoudige en snelle installatie te garanderen. ROBUUST EN TOP-INDULEREND TRAPDOOR VAN 64 MM. De witte behuizing is robuust met een hoogte van 19 cm. De snaren en treden [&hellip;]<\/p>\n","protected":false},"featured_media":16271,"template":"","meta":{"_acf_changed":false},"axe":[],"kastbreedte":[6404,6405],"entree":[],"hoek":[],"houtsoort":[],"kleur":[],"kastlengte":[6410,6402,6408,6403],"productlijn":[],"sloten":[],"vl_pl_hoogte_a":[],"product_brand":[],"product_cat":[1745,1744],"product_tag":[6486,6987],"class_list":{"0":"post-5527","1":"product","2":"type-product","3":"status-publish","4":"has-post-thumbnail","6":"kastbreedte-60-cm","7":"kastbreedte-70-cm","8":"kastlengte-112-cm","9":"kastlengte-120-cm","10":"kastlengte-130-cm","11":"kastlengte-140-cm","12":"product_cat-zoldertrappen","13":"product_cat-trappen","14":"product_tag-dolle","15":"product_tag-hout-en-trappen","16":"pa_beschrijving-dolle-loft-sw56-4-112x70","17":"pa_beschrijving-dolle-loft-sw56-4-120x70","18":"pa_beschrijving-dolle-loft-sw56-4-130x70","19":"pa_beschrijving-dolle-loft-sw56-4-140x70","21":"first","22":"instock","23":"purchasable","24":"product-type-variable"},"acf":[],"_links":{"self":[{"href":"https:\/\/luxma.be\/fr\/wp-json\/wp\/v2\/product\/5527","targetHints":{"allow":["GET"]}}],"collection":[{"href":"https:\/\/luxma.be\/fr\/wp-json\/wp\/v2\/product"}],"about":[{"href":"https:\/\/luxma.be\/fr\/wp-json\/wp\/v2\/types\/product"}],"wp:featuredmedia":[{"embeddable":true,"href":"https:\/\/luxma.be\/fr\/wp-json\/wp\/v2\/media\/16271"}],"wp:attachment":[{"href":"https:\/\/luxma.be\/fr\/wp-json\/wp\/v2\/media?parent=5527"}],"wp:term":[{"taxonomy":"axe","embeddable":true,"href":"https:\/\/luxma.be\/fr\/wp-json\/wp\/v2\/axe?post=5527"},{"taxonomy":"kastbreedte","embeddable":true,"href":"https:\/\/luxma.be\/fr\/wp-json\/wp\/v2\/kastbreedte?post=5527"},{"taxonomy":"entree","embeddable":true,"href":"https:\/\/luxma.be\/fr\/wp-json\/wp\/v2\/entree?post=5527"},{"taxonomy":"hoek","embeddable":true,"href":"https:\/\/luxma.be\/fr\/wp-json\/wp\/v2\/hoek?post=5527"},{"taxonomy":"houtsoort","embeddable":true,"href":"https:\/\/luxma.be\/fr\/wp-json\/wp\/v2\/houtsoort?post=5527"},{"taxonomy":"kleur","embeddable":true,"href":"https:\/\/luxma.be\/fr\/wp-json\/wp\/v2\/kleur?post=5527"},{"taxonomy":"kastlengte","embeddable":true,"href":"https:\/\/luxma.be\/fr\/wp-json\/wp\/v2\/kastlengte?post=5527"},{"taxonomy":"productlijn","embeddable":true,"href":"https:\/\/luxma.be\/fr\/wp-json\/wp\/v2\/productlijn?post=5527"},{"taxonomy":"sloten","embeddable":true,"href":"https:\/\/luxma.be\/fr\/wp-json\/wp\/v2\/sloten?post=5527"},{"taxonomy":"vl_pl_hoogte_a","embeddable":true,"href":"https:\/\/luxma.be\/fr\/wp-json\/wp\/v2\/vl_pl_hoogte_a?post=5527"},{"taxonomy":"product_brand","embeddable":true,"href":"https:\/\/luxma.be\/fr\/wp-json\/wp\/v2\/product_brand?post=5527"},{"taxonomy":"product_cat","embeddable":true,"href":"https:\/\/luxma.be\/fr\/wp-json\/wp\/v2\/product_cat?post=5527"},{"taxonomy":"product_tag","embeddable":true,"href":"https:\/\/luxma.be\/fr\/wp-json\/wp\/v2\/product_tag?post=5527"}],"curies":[{"name":"wp","href":"https:\/\/api.w.org\/{rel}","templated":true}]}}