{"id":5522,"date":"2020-06-19T13:50:05","date_gmt":"2020-06-19T11:50:05","guid":{"rendered":"https:\/\/luxma.be\/product\/dolle-loft-sw36-5\/"},"modified":"2026-03-16T14:23:24","modified_gmt":"2026-03-16T13:23:24","slug":"dolle-loft-sw40-5","status":"publish","type":"product","link":"https:\/\/luxma.be\/fr\/producten\/dolle-loft-sw40-5\/","title":{"rendered":"Loft fou SW40-5"},"content":{"rendered":"<p>Enti\u00e8rement assembl\u00e9 et pr\u00eat \u00e0 installer.<br \/>\nDOLLE SW40-5, anciennement SW36-5, est un escalier pliant en 3 parties avec une hauteur de meuble de 14 cm et une trappe avec une isolation sup\u00e9rieure de 34 mm, super EPS qui assure une valeur U am\u00e9lior\u00e9e : 1,16 W\/m2*K . Les escaliers du grenier sont enti\u00e8rement assembl\u00e9s, ce qui rend l&#039;installation des escaliers du grenier rapide et facile. Aucune hauteur sous plafond ni espace de rangement n\u2019est requis dans les combles. L&#039;\u00e9chelle est en bois d&#039;\u00e9pic\u00e9a massif, avec des marches antid\u00e9rapantes pour plus de s\u00e9curit\u00e9. Il b\u00e9n\u00e9ficie d&#039;une finition de grande qualit\u00e9 avec un volet blanc. Le bo\u00eetier est \u00e9quip\u00e9 d&#039;un coupe-vent continu en caoutchouc pour \u00e9viter les courants d&#039;air et les pertes de chaleur.<br \/>\nLa DOLLE SW40-5 est disponible en diff\u00e9rentes tailles. Le DOLLE SW40-5 dispose d&#039;un syst\u00e8me de r\u00e9glage de la hauteur sp\u00e9cialement con\u00e7u et est livr\u00e9 avec une barre de pouss\u00e9e\/traction en bois pour une utilisation facile.<\/p>\n<p>CONTR\u00d4LEZ LES FUITES D\u2019AIR DANS VOTRE MAISON<\/p>\n<p>Le pare-vapeur avec film TwinActive scelle votre produit pour une isolation thermique optimale. Facile \u00e0 attacher.<\/p>","protected":false},"excerpt":{"rendered":"<p>Volledig gemonteerd en klaar om te installeren. DOLLE SW40-5, voorheen de SW36-5, is een 3-delige vouwtrap met een kasthoogte van 14 cm en een luik met 34 mm topisolatie, super EPS dat zorgt voor de verbeterde U-waarde: 1,16 W\/m2*K. De zoldertrap is volledig gemonteerd waardoor de montage van de zoldertrap snel en eenvoudig is. Er [&hellip;]<\/p>\n","protected":false},"featured_media":10211,"template":"","meta":{"_acf_changed":false},"axe":[],"kastbreedte":[6404,6405],"entree":[],"hoek":[],"houtsoort":[],"kleur":[],"kastlengte":[6402,6408,6403],"productlijn":[],"sloten":[],"vl_pl_hoogte_a":[],"product_brand":[],"product_cat":[1745,1744],"product_tag":[6342,6486,6987,7091],"class_list":{"0":"post-5522","1":"product","2":"type-product","3":"status-publish","4":"has-post-thumbnail","6":"kastbreedte-60-cm","7":"kastbreedte-70-cm","8":"kastlengte-120-cm","9":"kastlengte-130-cm","10":"kastlengte-140-cm","11":"product_cat-zoldertrappen","12":"product_cat-trappen","13":"product_tag-promo-10","14":"product_tag-dolle","15":"product_tag-hout-en-trappen","16":"product_tag-zoldertrap","17":"pa_beschrijving-dolle-loft-sw40-5-120x60","18":"pa_beschrijving-dolle-loft-sw40-5-120x70","19":"pa_beschrijving-dolle-loft-sw40-5-130x70","20":"pa_beschrijving-dolle-loft-sw40-5-140x70","22":"first","23":"instock","24":"purchasable","25":"product-type-variable"},"acf":[],"_links":{"self":[{"href":"https:\/\/luxma.be\/fr\/wp-json\/wp\/v2\/product\/5522","targetHints":{"allow":["GET"]}}],"collection":[{"href":"https:\/\/luxma.be\/fr\/wp-json\/wp\/v2\/product"}],"about":[{"href":"https:\/\/luxma.be\/fr\/wp-json\/wp\/v2\/types\/product"}],"wp:featuredmedia":[{"embeddable":true,"href":"https:\/\/luxma.be\/fr\/wp-json\/wp\/v2\/media\/10211"}],"wp:attachment":[{"href":"https:\/\/luxma.be\/fr\/wp-json\/wp\/v2\/media?parent=5522"}],"wp:term":[{"taxonomy":"axe","embeddable":true,"href":"https:\/\/luxma.be\/fr\/wp-json\/wp\/v2\/axe?post=5522"},{"taxonomy":"kastbreedte","embeddable":true,"href":"https:\/\/luxma.be\/fr\/wp-json\/wp\/v2\/kastbreedte?post=5522"},{"taxonomy":"entree","embeddable":true,"href":"https:\/\/luxma.be\/fr\/wp-json\/wp\/v2\/entree?post=5522"},{"taxonomy":"hoek","embeddable":true,"href":"https:\/\/luxma.be\/fr\/wp-json\/wp\/v2\/hoek?post=5522"},{"taxonomy":"houtsoort","embeddable":true,"href":"https:\/\/luxma.be\/fr\/wp-json\/wp\/v2\/houtsoort?post=5522"},{"taxonomy":"kleur","embeddable":true,"href":"https:\/\/luxma.be\/fr\/wp-json\/wp\/v2\/kleur?post=5522"},{"taxonomy":"kastlengte","embeddable":true,"href":"https:\/\/luxma.be\/fr\/wp-json\/wp\/v2\/kastlengte?post=5522"},{"taxonomy":"productlijn","embeddable":true,"href":"https:\/\/luxma.be\/fr\/wp-json\/wp\/v2\/productlijn?post=5522"},{"taxonomy":"sloten","embeddable":true,"href":"https:\/\/luxma.be\/fr\/wp-json\/wp\/v2\/sloten?post=5522"},{"taxonomy":"vl_pl_hoogte_a","embeddable":true,"href":"https:\/\/luxma.be\/fr\/wp-json\/wp\/v2\/vl_pl_hoogte_a?post=5522"},{"taxonomy":"product_brand","embeddable":true,"href":"https:\/\/luxma.be\/fr\/wp-json\/wp\/v2\/product_brand?post=5522"},{"taxonomy":"product_cat","embeddable":true,"href":"https:\/\/luxma.be\/fr\/wp-json\/wp\/v2\/product_cat?post=5522"},{"taxonomy":"product_tag","embeddable":true,"href":"https:\/\/luxma.be\/fr\/wp-json\/wp\/v2\/product_tag?post=5522"}],"curies":[{"name":"wp","href":"https:\/\/api.w.org\/{rel}","templated":true}]}}