{"id":5519,"date":"2020-06-19T13:50:01","date_gmt":"2020-06-19T11:50:01","guid":{"rendered":"https:\/\/luxma.be\/product\/dolle-loft-sw26-4\/"},"modified":"2026-03-16T14:23:28","modified_gmt":"2026-03-16T13:23:28","slug":"dolle-loft-sw26-4","status":"publish","type":"product","link":"https:\/\/luxma.be\/fr\/producten\/dolle-loft-sw26-4\/","title":{"rendered":"Dolle loft SW26-4"},"content":{"rendered":"<p>Le Dolle Loft SW26-4 est un escalier de haute qualit\u00e9 semi-assembl\u00e9 en trois parties. La trappe est en polystyr\u00e8ne de 20 mm et l&#039;\u00e9chelle elle-m\u00eame est constitu\u00e9e de marches en pin massif.<\/p>\n<p>\u00c9CHELLE ISOL\u00c9E<\/p>\n<p>Gr\u00e2ce \u00e0 l&#039;isolation de 20 mm, \u00e0 la construction de la trappe et \u00e0 l&#039;isolation unique en caoutchouc, cet escalier en 3 parties a une valeur U test\u00e9e de 1,60 W\/m\u00b2K. \u00c9tanch\u00e9it\u00e9 \u00e0 l&#039;air la plus \u00e9lev\u00e9e de classe 4 test\u00e9e par IFT Rosenheim (EN12207).<\/p>\n<p>SEMI-ASSEMBL\u00c9<\/p>\n<p>Cet escalier est livr\u00e9 semi-assembl\u00e9. L&#039;\u00e9chelle est d\u00e9j\u00e0 fix\u00e9e \u00e0 la trappe.<\/p>\n<p>&nbsp;<\/p>","protected":false},"excerpt":{"rendered":"<p>De Dolle Loft SW26-4 is een driedelige semi gemonteerde kwalitatieve trap. Het luik is vervaardigd in 20 mm polystyreen en de ladder zelf is vervaardigd in treden van massieve den. GEISOLEERDE LADDER Door de 20 mm isolatie, de constructie van het luik en de enkelvoudige isolatie rubber, heeft deze 3-delige trap een geteste u-waarde van [&hellip;]<\/p>\n","protected":false},"featured_media":5516,"template":"","meta":{"_acf_changed":false},"axe":[],"kastbreedte":[6404,6405],"entree":[],"hoek":[],"houtsoort":[],"kleur":[],"kastlengte":[6402],"productlijn":[],"sloten":[],"vl_pl_hoogte_a":[],"product_brand":[],"product_cat":[1745,1744],"product_tag":[6486,6987],"class_list":{"0":"post-5519","1":"product","2":"type-product","3":"status-publish","4":"has-post-thumbnail","6":"kastbreedte-60-cm","7":"kastbreedte-70-cm","8":"kastlengte-120-cm","9":"product_cat-zoldertrappen","10":"product_cat-trappen","11":"product_tag-dolle","12":"product_tag-hout-en-trappen","13":"pa_beschrijving-dolle-loft-sw26-4-120-x-60","14":"pa_beschrijving-dolle-loft-sw26-4-120-x-70","16":"first","17":"instock","18":"purchasable","19":"product-type-variable"},"acf":[],"_links":{"self":[{"href":"https:\/\/luxma.be\/fr\/wp-json\/wp\/v2\/product\/5519","targetHints":{"allow":["GET"]}}],"collection":[{"href":"https:\/\/luxma.be\/fr\/wp-json\/wp\/v2\/product"}],"about":[{"href":"https:\/\/luxma.be\/fr\/wp-json\/wp\/v2\/types\/product"}],"wp:featuredmedia":[{"embeddable":true,"href":"https:\/\/luxma.be\/fr\/wp-json\/wp\/v2\/media\/5516"}],"wp:attachment":[{"href":"https:\/\/luxma.be\/fr\/wp-json\/wp\/v2\/media?parent=5519"}],"wp:term":[{"taxonomy":"axe","embeddable":true,"href":"https:\/\/luxma.be\/fr\/wp-json\/wp\/v2\/axe?post=5519"},{"taxonomy":"kastbreedte","embeddable":true,"href":"https:\/\/luxma.be\/fr\/wp-json\/wp\/v2\/kastbreedte?post=5519"},{"taxonomy":"entree","embeddable":true,"href":"https:\/\/luxma.be\/fr\/wp-json\/wp\/v2\/entree?post=5519"},{"taxonomy":"hoek","embeddable":true,"href":"https:\/\/luxma.be\/fr\/wp-json\/wp\/v2\/hoek?post=5519"},{"taxonomy":"houtsoort","embeddable":true,"href":"https:\/\/luxma.be\/fr\/wp-json\/wp\/v2\/houtsoort?post=5519"},{"taxonomy":"kleur","embeddable":true,"href":"https:\/\/luxma.be\/fr\/wp-json\/wp\/v2\/kleur?post=5519"},{"taxonomy":"kastlengte","embeddable":true,"href":"https:\/\/luxma.be\/fr\/wp-json\/wp\/v2\/kastlengte?post=5519"},{"taxonomy":"productlijn","embeddable":true,"href":"https:\/\/luxma.be\/fr\/wp-json\/wp\/v2\/productlijn?post=5519"},{"taxonomy":"sloten","embeddable":true,"href":"https:\/\/luxma.be\/fr\/wp-json\/wp\/v2\/sloten?post=5519"},{"taxonomy":"vl_pl_hoogte_a","embeddable":true,"href":"https:\/\/luxma.be\/fr\/wp-json\/wp\/v2\/vl_pl_hoogte_a?post=5519"},{"taxonomy":"product_brand","embeddable":true,"href":"https:\/\/luxma.be\/fr\/wp-json\/wp\/v2\/product_brand?post=5519"},{"taxonomy":"product_cat","embeddable":true,"href":"https:\/\/luxma.be\/fr\/wp-json\/wp\/v2\/product_cat?post=5519"},{"taxonomy":"product_tag","embeddable":true,"href":"https:\/\/luxma.be\/fr\/wp-json\/wp\/v2\/product_tag?post=5519"}],"curies":[{"name":"wp","href":"https:\/\/api.w.org\/{rel}","templated":true}]}}