{"id":5514,"date":"2020-06-19T13:49:48","date_gmt":"2020-06-19T11:49:48","guid":{"rendered":"https:\/\/luxma.be\/product\/dolle-loft-sw26-3\/"},"modified":"2026-03-16T14:23:13","modified_gmt":"2026-03-16T13:23:13","slug":"dolle-loft-sw26-3","status":"publish","type":"product","link":"https:\/\/luxma.be\/fr\/producten\/dolle-loft-sw26-3\/","title":{"rendered":"Dolle loft SW26-3"},"content":{"rendered":"<p>L&#039;escalier de grenier peut \u00eatre utilis\u00e9 pour des pi\u00e8ces avec une hauteur libre allant jusqu&#039;\u00e0 280. La trappe est en plaque HDF et tr\u00e8s robuste avec une \u00e9paisseur de 26 mm et une isolation de 20 mm. La partie \u00e9chelle en 3 parties est en bois de pin massif.<\/p>\n<p>\u00c9CHELLE AU GRENIER AVEC CONFORT ET S\u00c9CURIT\u00c9<\/p>\n<p>Gr\u00e2ce \u00e0 la connexion en queue d&#039;aronde, cet escalier est de tr\u00e8s haute qualit\u00e9 et gr\u00e2ce \u00e0 l&#039;\u00e9chelle tr\u00e8s stable, vous pouvez atteindre le grenier en toute s\u00e9curit\u00e9. La s\u00e9curit\u00e9 \u00e0 chaque virage est garantie par les marches nervur\u00e9es. Gr\u00e2ce \u00e0 ses bonnes valeurs d&#039;isolation, l&#039;\u00e9chelle de grenier DOLLE est particuli\u00e8rement adapt\u00e9e aux combles peu ou pas am\u00e9nag\u00e9s ou aux combles rarement utilis\u00e9s.<br \/>\nL&#039;\u00e9chelle de grenier SW 26-3 est une version d&#039;escalier abordable de qualit\u00e9 artisanale et peut \u00eatre install\u00e9e rapidement et facilement. Des articles sur mesure sont \u00e9galement disponibles sur demande moyennant des frais suppl\u00e9mentaires.<\/p>","protected":false},"excerpt":{"rendered":"<p>De zoldertrap kan gebruikt worden voor ruimtes met een vrije kamerhoogte tot 280. Het luik is gemaakt van HDF-plaat en zeer robuust met een dikte van 26 mm en 20 mm isolatie. Het 3-delige ladderdeel is gemaakt van massief vurenhout. LADDER NAAR ZOLDER MET COMFORT EN VEILIGHEID Door de zwaluwstaartverbinding is deze trap van zeer [&hellip;]<\/p>\n","protected":false},"featured_media":5516,"template":"","meta":{"_acf_changed":false},"axe":[],"kastbreedte":[6404,6405],"entree":[],"hoek":[],"houtsoort":[],"kleur":[],"kastlengte":[6402,6403],"productlijn":[],"sloten":[],"vl_pl_hoogte_a":[],"product_brand":[],"product_cat":[1745,1744],"product_tag":[6486,6987],"class_list":{"0":"post-5514","1":"product","2":"type-product","3":"status-publish","4":"has-post-thumbnail","6":"kastbreedte-60-cm","7":"kastbreedte-70-cm","8":"kastlengte-120-cm","9":"kastlengte-140-cm","10":"product_cat-zoldertrappen","11":"product_cat-trappen","12":"product_tag-dolle","13":"product_tag-hout-en-trappen","14":"pa_beschrijving-dolle-loft-sw26-3-120-x-60","15":"pa_beschrijving-dolle-loft-sw26-3-120-x-70","16":"pa_beschrijving-dolle-loft-sw26-3-140-x-70","18":"first","19":"instock","20":"purchasable","21":"product-type-variable"},"acf":[],"_links":{"self":[{"href":"https:\/\/luxma.be\/fr\/wp-json\/wp\/v2\/product\/5514","targetHints":{"allow":["GET"]}}],"collection":[{"href":"https:\/\/luxma.be\/fr\/wp-json\/wp\/v2\/product"}],"about":[{"href":"https:\/\/luxma.be\/fr\/wp-json\/wp\/v2\/types\/product"}],"wp:featuredmedia":[{"embeddable":true,"href":"https:\/\/luxma.be\/fr\/wp-json\/wp\/v2\/media\/5516"}],"wp:attachment":[{"href":"https:\/\/luxma.be\/fr\/wp-json\/wp\/v2\/media?parent=5514"}],"wp:term":[{"taxonomy":"axe","embeddable":true,"href":"https:\/\/luxma.be\/fr\/wp-json\/wp\/v2\/axe?post=5514"},{"taxonomy":"kastbreedte","embeddable":true,"href":"https:\/\/luxma.be\/fr\/wp-json\/wp\/v2\/kastbreedte?post=5514"},{"taxonomy":"entree","embeddable":true,"href":"https:\/\/luxma.be\/fr\/wp-json\/wp\/v2\/entree?post=5514"},{"taxonomy":"hoek","embeddable":true,"href":"https:\/\/luxma.be\/fr\/wp-json\/wp\/v2\/hoek?post=5514"},{"taxonomy":"houtsoort","embeddable":true,"href":"https:\/\/luxma.be\/fr\/wp-json\/wp\/v2\/houtsoort?post=5514"},{"taxonomy":"kleur","embeddable":true,"href":"https:\/\/luxma.be\/fr\/wp-json\/wp\/v2\/kleur?post=5514"},{"taxonomy":"kastlengte","embeddable":true,"href":"https:\/\/luxma.be\/fr\/wp-json\/wp\/v2\/kastlengte?post=5514"},{"taxonomy":"productlijn","embeddable":true,"href":"https:\/\/luxma.be\/fr\/wp-json\/wp\/v2\/productlijn?post=5514"},{"taxonomy":"sloten","embeddable":true,"href":"https:\/\/luxma.be\/fr\/wp-json\/wp\/v2\/sloten?post=5514"},{"taxonomy":"vl_pl_hoogte_a","embeddable":true,"href":"https:\/\/luxma.be\/fr\/wp-json\/wp\/v2\/vl_pl_hoogte_a?post=5514"},{"taxonomy":"product_brand","embeddable":true,"href":"https:\/\/luxma.be\/fr\/wp-json\/wp\/v2\/product_brand?post=5514"},{"taxonomy":"product_cat","embeddable":true,"href":"https:\/\/luxma.be\/fr\/wp-json\/wp\/v2\/product_cat?post=5514"},{"taxonomy":"product_tag","embeddable":true,"href":"https:\/\/luxma.be\/fr\/wp-json\/wp\/v2\/product_tag?post=5514"}],"curies":[{"name":"wp","href":"https:\/\/api.w.org\/{rel}","templated":true}]}}