{"id":16591,"date":"2023-12-15T14:11:43","date_gmt":"2023-12-15T13:11:43","guid":{"rendered":"https:\/\/luxma.be\/?post_type=product&#038;p=16591"},"modified":"2024-06-18T16:50:22","modified_gmt":"2024-06-18T14:50:22","slug":"dolle-loft-clickfixvario-maatwerk","status":"publish","type":"product","link":"https:\/\/luxma.be\/fr\/producten\/dolle-loft-clickfixvario-maatwerk\/","title":{"rendered":"Dolle Loft clickFIX<sup>\u00ae<\/sup>Personnalisation vari\u00e9e"},"content":{"rendered":"<p>\u00c9CHELLE DE GRENIER HAUT PLAFOND \u2013 JUSQU&#039;\u00c0 415 CM<\/p>\n<p>La DOLLE clickFIX\u00ae Vario est une \u00e9chelle de grenier avec \u00e9chelle \u00e0 ciseaux pouvant atteindre une hauteur de grenier allant jusqu&#039;\u00e0 415 cm. En plus de la plus grande hauteur de grenier, le clickFIX\u00ae Vario a \u00e9t\u00e9 con\u00e7u pour r\u00e9pondre aux besoins d&#039;une plus grande s\u00e9curit\u00e9, d&#039;une manipulation ais\u00e9e de l&#039;\u00e9chelle et d&#039;un plus grand confort pour acc\u00e9der \u00e0 cette hauteur. L&#039;\u00e9chelle \u00e0 ciseaux, en aluminium, est facile \u00e0 \u00e9tendre et \u00e0 plier. Pour plus de s\u00e9curit\u00e9, l&#039;\u00e9chelle est \u00e9quip\u00e9e de marches profondes, ce qui garantit \u00e0 la fois confort et s\u00e9curit\u00e9. Ajoutez 2 mains courantes t\u00e9lescopiques VARIO si celles-ci doivent \u00eatre install\u00e9es des deux c\u00f4t\u00e9s de l&#039;\u00e9chelle pour plus de s\u00e9curit\u00e9 et de confort.<\/p>\n<p>INSTALLATION FACILE GR\u00c2CE \u00c0 LA TECHNOLOGIE CLICKFIX\u00ae<\/p>\n<p>Gr\u00e2ce au syst\u00e8me de clic brevet\u00e9 sur l&#039;escalier de grenier clickFIX\u00ae de DOLLE, le clickFIX\u00ae Vario peut \u00eatre facilement install\u00e9 en quelques clics, sans avoir besoin d&#039;outils sp\u00e9ciaux. L&#039;escalier des combles se compose de trois parties distinctes : placard, \u00e9chelle et trappe. Apr\u00e8s avoir mont\u00e9 l&#039;armoire et la trappe, l&#039;\u00e9chelle s&#039;enclenche facilement sur l&#039;armoire sans outils sp\u00e9ciaux gr\u00e2ce \u00e0 la technologie d&#039;encliquetage brevet\u00e9e. L&#039;\u00e9chelle de grenier sur mesure offre un placard extra haut jusqu&#039;\u00e0 80 cm, permettant d&#039;installer l&#039;escalier de grenier dans des combles \u00e0 isolation plus \u00e9paisse. La hauteur de l&#039;enceinte est ajust\u00e9e \u00e0 l&#039;aide de l&#039;outil de conception sur la page. Une hauteur de meuble sup\u00e9rieure \u00e0 36 cm est mont\u00e9e avec une surface de roulement suppl\u00e9mentaire dans le meuble. Si la hauteur du meuble est sup\u00e9rieure \u00e0 65 cm, 2 marches doivent \u00eatre install\u00e9es pour respecter la r\u00e9glementation de la construction.<br \/>\nLa trappe est en contreplaqu\u00e9 lamin\u00e9 blanc et l&#039;\u00e9chelle \u00e0 ciseaux est en aluminium anodis\u00e9. Le bo\u00eetier est en contreplaqu\u00e9 blanc appr\u00eat\u00e9.<br \/>\nLa trappe clickFIX\u00ae Vario de 76 mm d&#039;\u00e9paisseur retient efficacement la chaleur. DOLLE clickFIX\u00ae Vario a une valeur U test\u00e9e de 0,49 W\/m2*K.<\/p>\n<p>LE BOUTON DE COMMANDE ET LES CADRES DE COUVERTURE SONT INCLUS DANS LE PAQUET.<\/p>\n<p>Augmentez la s\u00e9curit\u00e9 et le confort en ajoutant la main courante t\u00e9lescopique assortie.<\/p>\n<p>&nbsp;<\/p>","protected":false},"excerpt":{"rendered":"<p>HOOG PLAFOND ZOLDERLADDER &#8211; TOT 415 CM De DOLLE clickFIX\u00ae Vario is een zoldertrap met schaarladder waarmee een zolderhoogte tot 415 cm bereikt kan worden. Naast de grotere zolderhoogte is de clickFIX\u00ae Vario ontworpen om tegemoet te komen aan de behoefte aan meer veiligheid, gemakkelijk hanteren van de ladder en meer comfort bij het betreden [&hellip;]<\/p>\n","protected":false},"featured_media":16597,"template":"","meta":{"_acf_changed":false},"axe":[],"kastbreedte":[7083],"entree":[],"hoek":[],"houtsoort":[],"kleur":[],"kastlengte":[7084],"productlijn":[],"sloten":[],"vl_pl_hoogte_a":[],"product_brand":[],"product_cat":[1745,1744],"product_tag":[6486,6987],"class_list":{"0":"post-16591","1":"product","2":"type-product","3":"status-publish","4":"has-post-thumbnail","6":"kastbreedte-andere-maat","7":"kastlengte-andere-maat","8":"product_cat-zoldertrappen","9":"product_cat-trappen","10":"product_tag-dolle","11":"product_tag-hout-en-trappen","13":"first","14":"onbackorder","15":"purchasable","16":"product-type-simple"},"acf":[],"_links":{"self":[{"href":"https:\/\/luxma.be\/fr\/wp-json\/wp\/v2\/product\/16591","targetHints":{"allow":["GET"]}}],"collection":[{"href":"https:\/\/luxma.be\/fr\/wp-json\/wp\/v2\/product"}],"about":[{"href":"https:\/\/luxma.be\/fr\/wp-json\/wp\/v2\/types\/product"}],"wp:featuredmedia":[{"embeddable":true,"href":"https:\/\/luxma.be\/fr\/wp-json\/wp\/v2\/media\/16597"}],"wp:attachment":[{"href":"https:\/\/luxma.be\/fr\/wp-json\/wp\/v2\/media?parent=16591"}],"wp:term":[{"taxonomy":"axe","embeddable":true,"href":"https:\/\/luxma.be\/fr\/wp-json\/wp\/v2\/axe?post=16591"},{"taxonomy":"kastbreedte","embeddable":true,"href":"https:\/\/luxma.be\/fr\/wp-json\/wp\/v2\/kastbreedte?post=16591"},{"taxonomy":"entree","embeddable":true,"href":"https:\/\/luxma.be\/fr\/wp-json\/wp\/v2\/entree?post=16591"},{"taxonomy":"hoek","embeddable":true,"href":"https:\/\/luxma.be\/fr\/wp-json\/wp\/v2\/hoek?post=16591"},{"taxonomy":"houtsoort","embeddable":true,"href":"https:\/\/luxma.be\/fr\/wp-json\/wp\/v2\/houtsoort?post=16591"},{"taxonomy":"kleur","embeddable":true,"href":"https:\/\/luxma.be\/fr\/wp-json\/wp\/v2\/kleur?post=16591"},{"taxonomy":"kastlengte","embeddable":true,"href":"https:\/\/luxma.be\/fr\/wp-json\/wp\/v2\/kastlengte?post=16591"},{"taxonomy":"productlijn","embeddable":true,"href":"https:\/\/luxma.be\/fr\/wp-json\/wp\/v2\/productlijn?post=16591"},{"taxonomy":"sloten","embeddable":true,"href":"https:\/\/luxma.be\/fr\/wp-json\/wp\/v2\/sloten?post=16591"},{"taxonomy":"vl_pl_hoogte_a","embeddable":true,"href":"https:\/\/luxma.be\/fr\/wp-json\/wp\/v2\/vl_pl_hoogte_a?post=16591"},{"taxonomy":"product_brand","embeddable":true,"href":"https:\/\/luxma.be\/fr\/wp-json\/wp\/v2\/product_brand?post=16591"},{"taxonomy":"product_cat","embeddable":true,"href":"https:\/\/luxma.be\/fr\/wp-json\/wp\/v2\/product_cat?post=16591"},{"taxonomy":"product_tag","embeddable":true,"href":"https:\/\/luxma.be\/fr\/wp-json\/wp\/v2\/product_tag?post=16591"}],"curies":[{"name":"wp","href":"https:\/\/api.w.org\/{rel}","templated":true}]}}