{"id":16513,"date":"2023-12-01T10:27:08","date_gmt":"2023-12-01T09:27:08","guid":{"rendered":"https:\/\/luxma.be\/?post_type=product&#038;p=16513"},"modified":"2026-03-16T14:22:43","modified_gmt":"2026-03-16T13:22:43","slug":"dolle-rei-60-brandwerend-3-delig-maatwerk","status":"publish","type":"product","link":"https:\/\/luxma.be\/fr\/producten\/dolle-rei-60-brandwerend-3-delig-maatwerk\/","title":{"rendered":"Dolle Rei 60 R\u00e9sistant au feu 3 pi\u00e8ces Sur mesure"},"content":{"rendered":"<p>\u00c9CHELLE DE GRENIER Ignifuge 60 MINUTES<\/p>\n<p>DOLLE REI 60 a une r\u00e9sistance au feu de 60 minutes et est conforme \u00e0 la norme EN 13501-2. La trappe est isol\u00e9e avec un panneau de laine de roche de 70 mm, compos\u00e9 de laine de roche ininflammable, hydrofuge et hydrofuge. minutes r\u00e9sistant au feu et conforme \u00e0 la norme EN 13501-2. La trappe est isol\u00e9e avec une \u00c9CHELLE DE GRENIER \u00c0 REV\u00caTEMENT CPL de 50 mm POUR UNE PROTECTION LONGUE DUR\u00c9E.<\/p>\n<p>La trappe de 76 mm d&#039;\u00e9paisseur du DOLLE REI 60 vario est isol\u00e9e avec un panneau de laine de roche de 70 mm, compos\u00e9 de laine de roche ininflammable, hydrofuge et hydrofuge. Cette isolation r\u00e9siste non seulement au feu, mais retient \u00e9galement la chaleur en hiver et r\u00e9duit efficacement la chaleur dans l&#039;espace de vie en \u00e9t\u00e9. La trappe est recouverte d&#039;un stratifi\u00e9 CPL robuste qui est nettement plus r\u00e9sistant \u00e0 l&#039;usure, aux rayures et aux chocs que les autres surfaces. Le secret r\u00e9side dans la couche sup\u00e9rieure, constitu\u00e9e de r\u00e9sine de m\u00e9lamine. Il r\u00e9siste aux rayures l\u00e9g\u00e8res et \u00e0 la salet\u00e9 normale, r\u00e9siste aux solvants et \u00e0 la chaleur, aux taches et est facile \u00e0 nettoyer. La trappe s&#039;int\u00e8gre discr\u00e8tement dans le plafond et reste en parfait \u00e9tat. La surface blanche CPL est r\u00e9sistante aux UV et conserve ainsi longtemps sa couleur blanche brillante. L&#039;escalier mansard\u00e9 en bois DOLLE REI 60 est fabriqu\u00e9 en pin robuste de qualit\u00e9 avec 12 marches antid\u00e9rapantes en bois de h\u00eatre avec pieds en plastique antid\u00e9rapant noir pour prot\u00e9ger le sol. Le bo\u00eetier de 19 cm de haut est \u00e9quip\u00e9 de bandes d&#039;\u00e9tanch\u00e9it\u00e9 pour \u00e9viter les pertes de chaleur. L&#039;\u00e9chelle en bois est facile \u00e0 utiliser, de haute qualit\u00e9, stable et facile \u00e0 utiliser.<br \/>\n\u00c9chelle de grenier comme pi\u00e8ce coupe-feu \u2013 DOLLE REI 60<\/p>\n<p>Il est important qu&#039;une maison soit construite de mani\u00e8re \u00e0 ce que la structure soit prot\u00e9g\u00e9e pendant une courte p\u00e9riode en cas d&#039;incendie. La r\u00e9glementation de la construction impose donc plusieurs exigences concernant la r\u00e9sistance au feu des \u00e9l\u00e9ments de construction d&#039;un b\u00e2timent ou d&#039;une habitation. Cela inclut une norme pour les escaliers de grenier. C&#039;est pourquoi nous testons notre gamme d&#039;\u00e9chelles de grenier coupe-feu selon les normes les plus \u00e9lev\u00e9es d&#039;Europe et elles sont conformes \u00e0 la norme EN 13501-2. DOLLE REI 60 a une r\u00e9sistance au feu de 60 minutes.<br \/>\nUn escalier de grenier r\u00e9sistant au feu est test\u00e9 lors d&#039;un essai au feu dans lequel l&#039;escalier de grenier est int\u00e9gr\u00e9 dans une chambre de feu et expos\u00e9 \u00e0 une situation d&#039;incendie r\u00e9elle. Les escaliers de grenier coupe-feu de DOLLE ont \u00e9t\u00e9 test\u00e9s selon la nouvelle m\u00e9thode europ\u00e9enne commune pour tester la r\u00e9sistance au feu des \u00e9l\u00e9ments de construction REI. Les escaliers de grenier coupe-feu DOLLE REI 60 ont \u00e9t\u00e9 test\u00e9s et certifi\u00e9s par le DBI (Institut technique danois d&#039;incendie et de s\u00e9curit\u00e9).<\/p>\n<p>&nbsp;<\/p>","protected":false},"excerpt":{"rendered":"<p>BRANDWERENDE ZOLDERLADDER 60 MINUTEN DOLLE REI 60 heeft een brandwerendheid van 60 minuten en voldoet aan EN 13501-2. Het luik is ge\u00efsoleerd met 70 mm steenwolplaat, deze is gemaakt van onbrandbare, vocht- en waterafstotende steenwol. minuten brandwerend en voldoet aan EN 13501-2. Het luik is ge\u00efsoleerd met 50 mm CPL COATING ZOLDERLADDER VOOR LANGDURIGE BESCHERMING. [&hellip;]<\/p>\n","protected":false},"featured_media":12516,"template":"","meta":{"_acf_changed":false},"axe":[],"kastbreedte":[7083],"entree":[],"hoek":[],"houtsoort":[],"kleur":[],"kastlengte":[7084],"productlijn":[],"sloten":[],"vl_pl_hoogte_a":[],"product_brand":[],"product_cat":[1745,1744],"product_tag":[6486,6987],"class_list":{"0":"post-16513","1":"product","2":"type-product","3":"status-publish","4":"has-post-thumbnail","6":"kastbreedte-andere-maat","7":"kastlengte-andere-maat","8":"product_cat-zoldertrappen","9":"product_cat-trappen","10":"product_tag-dolle","11":"product_tag-hout-en-trappen","12":"pa_beschrijving-dolle-rei-45-brandwerend-3-delig-mw","13":"pa_beschrijving-dolle-rei-45-brandwerend-3-delig-mw-kasthoogte-19","14":"pa_beschrijving-dolle-rei-45-brandwerend-3-delig-mw-extentionkit","15":"pa_beschrijving-dolle-rei-45-brandwerend-3-delig-mw-voorboring-cilinderslot","17":"first","18":"onbackorder","19":"purchasable","20":"product-type-simple"},"acf":[],"_links":{"self":[{"href":"https:\/\/luxma.be\/fr\/wp-json\/wp\/v2\/product\/16513","targetHints":{"allow":["GET"]}}],"collection":[{"href":"https:\/\/luxma.be\/fr\/wp-json\/wp\/v2\/product"}],"about":[{"href":"https:\/\/luxma.be\/fr\/wp-json\/wp\/v2\/types\/product"}],"wp:featuredmedia":[{"embeddable":true,"href":"https:\/\/luxma.be\/fr\/wp-json\/wp\/v2\/media\/12516"}],"wp:attachment":[{"href":"https:\/\/luxma.be\/fr\/wp-json\/wp\/v2\/media?parent=16513"}],"wp:term":[{"taxonomy":"axe","embeddable":true,"href":"https:\/\/luxma.be\/fr\/wp-json\/wp\/v2\/axe?post=16513"},{"taxonomy":"kastbreedte","embeddable":true,"href":"https:\/\/luxma.be\/fr\/wp-json\/wp\/v2\/kastbreedte?post=16513"},{"taxonomy":"entree","embeddable":true,"href":"https:\/\/luxma.be\/fr\/wp-json\/wp\/v2\/entree?post=16513"},{"taxonomy":"hoek","embeddable":true,"href":"https:\/\/luxma.be\/fr\/wp-json\/wp\/v2\/hoek?post=16513"},{"taxonomy":"houtsoort","embeddable":true,"href":"https:\/\/luxma.be\/fr\/wp-json\/wp\/v2\/houtsoort?post=16513"},{"taxonomy":"kleur","embeddable":true,"href":"https:\/\/luxma.be\/fr\/wp-json\/wp\/v2\/kleur?post=16513"},{"taxonomy":"kastlengte","embeddable":true,"href":"https:\/\/luxma.be\/fr\/wp-json\/wp\/v2\/kastlengte?post=16513"},{"taxonomy":"productlijn","embeddable":true,"href":"https:\/\/luxma.be\/fr\/wp-json\/wp\/v2\/productlijn?post=16513"},{"taxonomy":"sloten","embeddable":true,"href":"https:\/\/luxma.be\/fr\/wp-json\/wp\/v2\/sloten?post=16513"},{"taxonomy":"vl_pl_hoogte_a","embeddable":true,"href":"https:\/\/luxma.be\/fr\/wp-json\/wp\/v2\/vl_pl_hoogte_a?post=16513"},{"taxonomy":"product_brand","embeddable":true,"href":"https:\/\/luxma.be\/fr\/wp-json\/wp\/v2\/product_brand?post=16513"},{"taxonomy":"product_cat","embeddable":true,"href":"https:\/\/luxma.be\/fr\/wp-json\/wp\/v2\/product_cat?post=16513"},{"taxonomy":"product_tag","embeddable":true,"href":"https:\/\/luxma.be\/fr\/wp-json\/wp\/v2\/product_tag?post=16513"}],"curies":[{"name":"wp","href":"https:\/\/api.w.org\/{rel}","templated":true}]}}