{"id":16347,"date":"2023-06-22T17:23:47","date_gmt":"2023-06-22T15:23:47","guid":{"rendered":"https:\/\/luxma.be\/?post_type=product&#038;p=16347"},"modified":"2026-03-16T14:23:23","modified_gmt":"2026-03-16T13:23:23","slug":"goksu-koper","status":"publish","type":"product","link":"https:\/\/luxma.be\/fr\/producten\/goksu-koper\/","title":{"rendered":"ACHETEUR GOKSU"},"content":{"rendered":"<p>Avec une gracieuse rosace \u00e0 clic (4 cm de diam\u00e8tre) et un savoir-faire pr\u00e9cis, cette poign\u00e9e de porte est fournie avec un filetage de 9 mm, des vis et un boulon brevet\u00e9 de 5 cm.<\/p>\n<p>Les \u00e9l\u00e9gantes rosaces de WC sont disponibles s\u00e9par\u00e9ment.<\/p>","protected":false},"excerpt":{"rendered":"<p>Met een gracieuze klik rosas (4cm diameter) en nauwkeurig vakmanschap, wordt deze deurklink geleverd met een 9mm tige, vijzen en een patentbout van 5 cm. De elegante WC rosas is apart verkrijgbaar.<\/p>","protected":false},"featured_media":16473,"template":"","meta":{"_acf_changed":false},"axe":[],"kastbreedte":[],"entree":[],"hoek":[],"houtsoort":[],"kleur":[921],"kastlengte":[],"productlijn":[6011],"sloten":[],"vl_pl_hoogte_a":[],"product_brand":[],"product_cat":[904,867],"product_tag":[],"class_list":{"0":"post-16347","1":"product","2":"type-product","3":"status-publish","4":"has-post-thumbnail","6":"kleur-koper","7":"productlijn-original","8":"product_cat-klinken","9":"product_cat-deurbeslag","10":"pa_beschrijving-wc-garnituur-sezar-firat-and-goksu","11":"pa_beschrijving-goksu-koper-sleutel","12":"pa_beschrijving-goksu-koper-cilinder","14":"first","15":"instock","16":"purchasable","17":"product-type-variable"},"acf":[],"_links":{"self":[{"href":"https:\/\/luxma.be\/fr\/wp-json\/wp\/v2\/product\/16347","targetHints":{"allow":["GET"]}}],"collection":[{"href":"https:\/\/luxma.be\/fr\/wp-json\/wp\/v2\/product"}],"about":[{"href":"https:\/\/luxma.be\/fr\/wp-json\/wp\/v2\/types\/product"}],"wp:featuredmedia":[{"embeddable":true,"href":"https:\/\/luxma.be\/fr\/wp-json\/wp\/v2\/media\/16473"}],"wp:attachment":[{"href":"https:\/\/luxma.be\/fr\/wp-json\/wp\/v2\/media?parent=16347"}],"wp:term":[{"taxonomy":"axe","embeddable":true,"href":"https:\/\/luxma.be\/fr\/wp-json\/wp\/v2\/axe?post=16347"},{"taxonomy":"kastbreedte","embeddable":true,"href":"https:\/\/luxma.be\/fr\/wp-json\/wp\/v2\/kastbreedte?post=16347"},{"taxonomy":"entree","embeddable":true,"href":"https:\/\/luxma.be\/fr\/wp-json\/wp\/v2\/entree?post=16347"},{"taxonomy":"hoek","embeddable":true,"href":"https:\/\/luxma.be\/fr\/wp-json\/wp\/v2\/hoek?post=16347"},{"taxonomy":"houtsoort","embeddable":true,"href":"https:\/\/luxma.be\/fr\/wp-json\/wp\/v2\/houtsoort?post=16347"},{"taxonomy":"kleur","embeddable":true,"href":"https:\/\/luxma.be\/fr\/wp-json\/wp\/v2\/kleur?post=16347"},{"taxonomy":"kastlengte","embeddable":true,"href":"https:\/\/luxma.be\/fr\/wp-json\/wp\/v2\/kastlengte?post=16347"},{"taxonomy":"productlijn","embeddable":true,"href":"https:\/\/luxma.be\/fr\/wp-json\/wp\/v2\/productlijn?post=16347"},{"taxonomy":"sloten","embeddable":true,"href":"https:\/\/luxma.be\/fr\/wp-json\/wp\/v2\/sloten?post=16347"},{"taxonomy":"vl_pl_hoogte_a","embeddable":true,"href":"https:\/\/luxma.be\/fr\/wp-json\/wp\/v2\/vl_pl_hoogte_a?post=16347"},{"taxonomy":"product_brand","embeddable":true,"href":"https:\/\/luxma.be\/fr\/wp-json\/wp\/v2\/product_brand?post=16347"},{"taxonomy":"product_cat","embeddable":true,"href":"https:\/\/luxma.be\/fr\/wp-json\/wp\/v2\/product_cat?post=16347"},{"taxonomy":"product_tag","embeddable":true,"href":"https:\/\/luxma.be\/fr\/wp-json\/wp\/v2\/product_tag?post=16347"}],"curies":[{"name":"wp","href":"https:\/\/api.w.org\/{rel}","templated":true}]}}