{"id":16159,"date":"2023-03-23T21:06:53","date_gmt":"2023-03-23T20:06:53","guid":{"rendered":"https:\/\/luxma.be\/?post_type=product&#038;p=16159"},"modified":"2026-03-16T14:23:22","modified_gmt":"2026-03-16T13:23:22","slug":"schuifdeurkom-mat-zwart-sleutel","status":"publish","type":"product","link":"https:\/\/luxma.be\/fr\/producten\/schuifdeurkom-mat-zwart-sleutel\/","title":{"rendered":"SCHUIFDEURKOM MAT ZWART MET SLOT"},"content":{"rendered":"<p>Un bol de porte coulissante est une poign\u00e9e de porte pour une porte coulissante. Ce bol coulissant s&#039;enfonce dans la porte coulissante, cr\u00e9ant une poign\u00e9e. Vous accrochez ensuite vos doigts dans cette poign\u00e9e, afin de pouvoir ouvrir et fermer la porte. Vous pouvez ouvrir et fermer sans effort des portes encore plus lourdes.<\/p>","protected":false},"excerpt":{"rendered":"<p>Un bol de porte coulissante est une poign\u00e9e de porte pour une porte coulissante. Ce bol coulissant s&#039;enfonce dans la porte coulissante, cr\u00e9ant une poign\u00e9e. Vous accrochez ensuite vos doigts dans cette poign\u00e9e, afin de pouvoir ouvrir et fermer la porte. Vous pouvez ouvrir et fermer sans effort des portes encore plus lourdes.<\/p>","protected":false},"featured_media":17424,"template":"","meta":{"_acf_changed":false},"axe":[],"kastbreedte":[],"entree":[],"hoek":[],"houtsoort":[],"kleur":[943],"kastlengte":[],"productlijn":[6010],"sloten":[7115],"vl_pl_hoogte_a":[],"product_brand":[],"product_cat":[7048,867],"product_tag":[],"class_list":{"0":"post-16159","1":"product","2":"type-product","3":"status-publish","4":"has-post-thumbnail","6":"kleur-zwart","7":"productlijn-basic","8":"sloten-sleutel","9":"product_cat-schuifdeurkom","10":"product_cat-deurbeslag","11":"pa_beschrijving-schuifdeurkom-mat-zwart-sleutel","12":"pa_beschrijving-schuifdeurkom-mat-zwart-wc-garn","14":"first","15":"instock","16":"purchasable","17":"product-type-variable"},"acf":[],"_links":{"self":[{"href":"https:\/\/luxma.be\/fr\/wp-json\/wp\/v2\/product\/16159","targetHints":{"allow":["GET"]}}],"collection":[{"href":"https:\/\/luxma.be\/fr\/wp-json\/wp\/v2\/product"}],"about":[{"href":"https:\/\/luxma.be\/fr\/wp-json\/wp\/v2\/types\/product"}],"wp:featuredmedia":[{"embeddable":true,"href":"https:\/\/luxma.be\/fr\/wp-json\/wp\/v2\/media\/17424"}],"wp:attachment":[{"href":"https:\/\/luxma.be\/fr\/wp-json\/wp\/v2\/media?parent=16159"}],"wp:term":[{"taxonomy":"axe","embeddable":true,"href":"https:\/\/luxma.be\/fr\/wp-json\/wp\/v2\/axe?post=16159"},{"taxonomy":"kastbreedte","embeddable":true,"href":"https:\/\/luxma.be\/fr\/wp-json\/wp\/v2\/kastbreedte?post=16159"},{"taxonomy":"entree","embeddable":true,"href":"https:\/\/luxma.be\/fr\/wp-json\/wp\/v2\/entree?post=16159"},{"taxonomy":"hoek","embeddable":true,"href":"https:\/\/luxma.be\/fr\/wp-json\/wp\/v2\/hoek?post=16159"},{"taxonomy":"houtsoort","embeddable":true,"href":"https:\/\/luxma.be\/fr\/wp-json\/wp\/v2\/houtsoort?post=16159"},{"taxonomy":"kleur","embeddable":true,"href":"https:\/\/luxma.be\/fr\/wp-json\/wp\/v2\/kleur?post=16159"},{"taxonomy":"kastlengte","embeddable":true,"href":"https:\/\/luxma.be\/fr\/wp-json\/wp\/v2\/kastlengte?post=16159"},{"taxonomy":"productlijn","embeddable":true,"href":"https:\/\/luxma.be\/fr\/wp-json\/wp\/v2\/productlijn?post=16159"},{"taxonomy":"sloten","embeddable":true,"href":"https:\/\/luxma.be\/fr\/wp-json\/wp\/v2\/sloten?post=16159"},{"taxonomy":"vl_pl_hoogte_a","embeddable":true,"href":"https:\/\/luxma.be\/fr\/wp-json\/wp\/v2\/vl_pl_hoogte_a?post=16159"},{"taxonomy":"product_brand","embeddable":true,"href":"https:\/\/luxma.be\/fr\/wp-json\/wp\/v2\/product_brand?post=16159"},{"taxonomy":"product_cat","embeddable":true,"href":"https:\/\/luxma.be\/fr\/wp-json\/wp\/v2\/product_cat?post=16159"},{"taxonomy":"product_tag","embeddable":true,"href":"https:\/\/luxma.be\/fr\/wp-json\/wp\/v2\/product_tag?post=16159"}],"curies":[{"name":"wp","href":"https:\/\/api.w.org\/{rel}","templated":true}]}}