{"id":16150,"date":"2023-03-23T21:04:09","date_gmt":"2023-03-23T20:04:09","guid":{"rendered":"https:\/\/luxma.be\/?post_type=product&#038;p=16150"},"modified":"2026-03-16T14:23:21","modified_gmt":"2026-03-16T13:23:21","slug":"asta-zwart","status":"publish","type":"product","link":"https:\/\/luxma.be\/fr\/producten\/asta-zwart\/","title":{"rendered":"ASTA NOIR"},"content":{"rendered":"<p>Le design de la poign\u00e9e de porte est minimaliste et simple, avec des lignes droites et une finition \u00e9pur\u00e9e. L&#039;utilisation de la couleur noire offre un contraste saisissant avec les portes et les murs clairs et peut am\u00e9liorer l&#039;esth\u00e9tique de la pi\u00e8ce.<\/p>\n<p>Il est fabriqu\u00e9 \u00e0 partir d&#039;un mat\u00e9riau en aluminium durable de haute qualit\u00e9, une garantie de durer des ann\u00e9es sans s&#039;user ni se corroder.<\/p>\n<p>Les lignes \u00e9pur\u00e9es et la finition lisse de cette poign\u00e9e de porte moderne offrent une utilisation confortable et une belle esth\u00e9tique avec une prise ferme.<\/p>\n<p>Fabriqu\u00e9 en Italie !<\/p>","protected":false},"excerpt":{"rendered":"<p>Het ontwerp van de deurklink is minimalistisch en eenvoudig, met rechte lijnen en een strakke afwerking. Het gebruik van de kleur zwart zorgt voor een opvallend contrast op lichte deuren en muren en kan de esthetiek van de ruimte versterken. Hij is vervaardigd op basis van hoogwaardig duurzaam aluminiummateriaal, een garantie om\u00a0 jarenlang mee te [&hellip;]<\/p>\n","protected":false},"featured_media":16164,"template":"","meta":{"_acf_changed":false},"axe":[],"kastbreedte":[],"entree":[],"hoek":[],"houtsoort":[],"kleur":[943],"kastlengte":[],"productlijn":[6011],"sloten":[],"vl_pl_hoogte_a":[],"product_brand":[],"product_cat":[904,867],"product_tag":[],"class_list":{"0":"post-16150","1":"product","2":"type-product","3":"status-publish","4":"has-post-thumbnail","6":"kleur-zwart","7":"productlijn-original","8":"product_cat-klinken","9":"product_cat-deurbeslag","10":"pa_beschrijving-deurkruk-asta-mat-zwart-rosas-sleutel","11":"pa_beschrijving-deurkruk-asta-mat-zwart-rosas-cilinder","12":"pa_beschrijving-deurkruk-asta-mat-zwart-rosas-wc","14":"first","15":"instock","16":"purchasable","17":"product-type-variable"},"acf":[],"_links":{"self":[{"href":"https:\/\/luxma.be\/fr\/wp-json\/wp\/v2\/product\/16150","targetHints":{"allow":["GET"]}}],"collection":[{"href":"https:\/\/luxma.be\/fr\/wp-json\/wp\/v2\/product"}],"about":[{"href":"https:\/\/luxma.be\/fr\/wp-json\/wp\/v2\/types\/product"}],"wp:featuredmedia":[{"embeddable":true,"href":"https:\/\/luxma.be\/fr\/wp-json\/wp\/v2\/media\/16164"}],"wp:attachment":[{"href":"https:\/\/luxma.be\/fr\/wp-json\/wp\/v2\/media?parent=16150"}],"wp:term":[{"taxonomy":"axe","embeddable":true,"href":"https:\/\/luxma.be\/fr\/wp-json\/wp\/v2\/axe?post=16150"},{"taxonomy":"kastbreedte","embeddable":true,"href":"https:\/\/luxma.be\/fr\/wp-json\/wp\/v2\/kastbreedte?post=16150"},{"taxonomy":"entree","embeddable":true,"href":"https:\/\/luxma.be\/fr\/wp-json\/wp\/v2\/entree?post=16150"},{"taxonomy":"hoek","embeddable":true,"href":"https:\/\/luxma.be\/fr\/wp-json\/wp\/v2\/hoek?post=16150"},{"taxonomy":"houtsoort","embeddable":true,"href":"https:\/\/luxma.be\/fr\/wp-json\/wp\/v2\/houtsoort?post=16150"},{"taxonomy":"kleur","embeddable":true,"href":"https:\/\/luxma.be\/fr\/wp-json\/wp\/v2\/kleur?post=16150"},{"taxonomy":"kastlengte","embeddable":true,"href":"https:\/\/luxma.be\/fr\/wp-json\/wp\/v2\/kastlengte?post=16150"},{"taxonomy":"productlijn","embeddable":true,"href":"https:\/\/luxma.be\/fr\/wp-json\/wp\/v2\/productlijn?post=16150"},{"taxonomy":"sloten","embeddable":true,"href":"https:\/\/luxma.be\/fr\/wp-json\/wp\/v2\/sloten?post=16150"},{"taxonomy":"vl_pl_hoogte_a","embeddable":true,"href":"https:\/\/luxma.be\/fr\/wp-json\/wp\/v2\/vl_pl_hoogte_a?post=16150"},{"taxonomy":"product_brand","embeddable":true,"href":"https:\/\/luxma.be\/fr\/wp-json\/wp\/v2\/product_brand?post=16150"},{"taxonomy":"product_cat","embeddable":true,"href":"https:\/\/luxma.be\/fr\/wp-json\/wp\/v2\/product_cat?post=16150"},{"taxonomy":"product_tag","embeddable":true,"href":"https:\/\/luxma.be\/fr\/wp-json\/wp\/v2\/product_tag?post=16150"}],"curies":[{"name":"wp","href":"https:\/\/api.w.org\/{rel}","templated":true}]}}