{"id":13904,"date":"2022-02-01T20:28:58","date_gmt":"2022-02-01T19:28:58","guid":{"rendered":"https:\/\/luxma.be\/?post_type=product&#038;p=13904"},"modified":"2026-03-16T14:23:19","modified_gmt":"2026-03-16T13:23:19","slug":"deurkruk-oia-zwart-24e-enkel-klink","status":"publish","type":"product","link":"https:\/\/luxma.be\/fr\/producten\/deurkruk-oia-zwart-24e-enkel-klink\/","title":{"rendered":"OIA NOIR"},"content":{"rendered":"<p>Deze strakke maar afgeronde tijdloze klink met unieke horizontale lijnen past perfect bij een modern interieur.<br \/>\nLa cl\u00e9 horizontale, le cylindre ou l&#039;ensemble de toilette (24E) assortis, \u00e0 commander s\u00e9par\u00e9ment, compl\u00e8tent le tableau.<br \/>\nDe OIA is de afgeronde versie van de nog strakkere ACE.<\/p>\n<p>De bijhorende horizontale sleutel, cilinder of WC garnituur (24E) is apart te<br \/>\nbestellen. Je kan hem dus gebruiken met of zonder rosas.<\/p>","protected":false},"excerpt":{"rendered":"<p>Deze strakke maar afgeronde tijdloze klink met unieke horizontale lijnen past perfect bij een modern interieur. De bijhorende horizontale sleutel, cilinder of WC garnituur (24E), apart te bestellen, maakt het plaatje compleet. De OIA is de afgeronde versie van de nog strakkere ACE. De bijhorende horizontale sleutel, cilinder of WC garnituur (24E) is apart te [&hellip;]<\/p>\n","protected":false},"featured_media":15650,"template":"","meta":{"_acf_changed":false},"axe":[],"kastbreedte":[],"entree":[],"hoek":[],"houtsoort":[],"kleur":[943],"kastlengte":[],"productlijn":[6009],"sloten":[],"vl_pl_hoogte_a":[],"product_brand":[],"product_cat":[904,867],"product_tag":[],"class_list":{"0":"post-13904","1":"product","2":"type-product","3":"status-publish","4":"has-post-thumbnail","6":"kleur-zwart","7":"productlijn-orooro","8":"product_cat-klinken","9":"product_cat-deurbeslag","10":"pa_beschrijving-deurkruk-oia-zwart-24e-enkel-klink","11":"pa_beschrijving-deurkruk-oia-zwart-24e-rosas-wc","12":"pa_beschrijving-deurkruk-oia-zwart-24e-rosas-cilinder","13":"pa_beschrijving-deurkruk-oia-zwart-24e-rosas-sleutel","15":"first","16":"instock","17":"purchasable","18":"product-type-variable"},"acf":[],"_links":{"self":[{"href":"https:\/\/luxma.be\/fr\/wp-json\/wp\/v2\/product\/13904","targetHints":{"allow":["GET"]}}],"collection":[{"href":"https:\/\/luxma.be\/fr\/wp-json\/wp\/v2\/product"}],"about":[{"href":"https:\/\/luxma.be\/fr\/wp-json\/wp\/v2\/types\/product"}],"wp:featuredmedia":[{"embeddable":true,"href":"https:\/\/luxma.be\/fr\/wp-json\/wp\/v2\/media\/15650"}],"wp:attachment":[{"href":"https:\/\/luxma.be\/fr\/wp-json\/wp\/v2\/media?parent=13904"}],"wp:term":[{"taxonomy":"axe","embeddable":true,"href":"https:\/\/luxma.be\/fr\/wp-json\/wp\/v2\/axe?post=13904"},{"taxonomy":"kastbreedte","embeddable":true,"href":"https:\/\/luxma.be\/fr\/wp-json\/wp\/v2\/kastbreedte?post=13904"},{"taxonomy":"entree","embeddable":true,"href":"https:\/\/luxma.be\/fr\/wp-json\/wp\/v2\/entree?post=13904"},{"taxonomy":"hoek","embeddable":true,"href":"https:\/\/luxma.be\/fr\/wp-json\/wp\/v2\/hoek?post=13904"},{"taxonomy":"houtsoort","embeddable":true,"href":"https:\/\/luxma.be\/fr\/wp-json\/wp\/v2\/houtsoort?post=13904"},{"taxonomy":"kleur","embeddable":true,"href":"https:\/\/luxma.be\/fr\/wp-json\/wp\/v2\/kleur?post=13904"},{"taxonomy":"kastlengte","embeddable":true,"href":"https:\/\/luxma.be\/fr\/wp-json\/wp\/v2\/kastlengte?post=13904"},{"taxonomy":"productlijn","embeddable":true,"href":"https:\/\/luxma.be\/fr\/wp-json\/wp\/v2\/productlijn?post=13904"},{"taxonomy":"sloten","embeddable":true,"href":"https:\/\/luxma.be\/fr\/wp-json\/wp\/v2\/sloten?post=13904"},{"taxonomy":"vl_pl_hoogte_a","embeddable":true,"href":"https:\/\/luxma.be\/fr\/wp-json\/wp\/v2\/vl_pl_hoogte_a?post=13904"},{"taxonomy":"product_brand","embeddable":true,"href":"https:\/\/luxma.be\/fr\/wp-json\/wp\/v2\/product_brand?post=13904"},{"taxonomy":"product_cat","embeddable":true,"href":"https:\/\/luxma.be\/fr\/wp-json\/wp\/v2\/product_cat?post=13904"},{"taxonomy":"product_tag","embeddable":true,"href":"https:\/\/luxma.be\/fr\/wp-json\/wp\/v2\/product_tag?post=13904"}],"curies":[{"name":"wp","href":"https:\/\/api.w.org\/{rel}","templated":true}]}}