{"id":13881,"date":"2022-02-01T20:19:04","date_gmt":"2022-02-01T19:19:04","guid":{"rendered":"https:\/\/luxma.be\/?post_type=product&#038;p=13881"},"modified":"2026-03-16T14:22:31","modified_gmt":"2026-03-16T13:22:31","slug":"veiligheidscilinder-profil-doppel-v55-40-40-met-kaart","status":"publish","type":"product","link":"https:\/\/luxma.be\/fr\/producten\/veiligheidscilinder-profil-doppel-v55-40-40-met-kaart\/","title":{"rendered":"VERIN DE SECURITE PROFIL-DOPPEL V55 40\/40 AVEC CARTE"},"content":{"rendered":"<p>Cylindre de s\u00e9curit\u00e9 80 mm division \u00e9gale 40mm\/40mm avec 5 cl\u00e9s.<\/p>\n<p>Veuillez noter que ces cl\u00e9s ne peuvent \u00eatre obtenues que via Luxma avec le code de la carte.<\/p>","protected":false},"excerpt":{"rendered":"<p>Veiligheidscilinder 80 mm gelijke verdeling 40mm\/40mm met 5 sleutels. Opgepast deze sleutels kunnen enkel via Luxma worden bijgemaakt met de code van de kaart.<\/p>","protected":false},"featured_media":16086,"template":"","meta":{"_acf_changed":false},"axe":[],"kastbreedte":[],"entree":[],"hoek":[],"houtsoort":[],"kleur":[],"kastlengte":[],"productlijn":[],"sloten":[],"vl_pl_hoogte_a":[],"product_brand":[],"product_cat":[7148,867],"product_tag":[],"class_list":{"0":"post-13881","1":"product","2":"type-product","3":"status-publish","4":"has-post-thumbnail","6":"product_cat-cilinders","7":"product_cat-deurbeslag","9":"first","10":"instock","11":"purchasable","12":"product-type-simple"},"acf":[],"_links":{"self":[{"href":"https:\/\/luxma.be\/fr\/wp-json\/wp\/v2\/product\/13881","targetHints":{"allow":["GET"]}}],"collection":[{"href":"https:\/\/luxma.be\/fr\/wp-json\/wp\/v2\/product"}],"about":[{"href":"https:\/\/luxma.be\/fr\/wp-json\/wp\/v2\/types\/product"}],"wp:featuredmedia":[{"embeddable":true,"href":"https:\/\/luxma.be\/fr\/wp-json\/wp\/v2\/media\/16086"}],"wp:attachment":[{"href":"https:\/\/luxma.be\/fr\/wp-json\/wp\/v2\/media?parent=13881"}],"wp:term":[{"taxonomy":"axe","embeddable":true,"href":"https:\/\/luxma.be\/fr\/wp-json\/wp\/v2\/axe?post=13881"},{"taxonomy":"kastbreedte","embeddable":true,"href":"https:\/\/luxma.be\/fr\/wp-json\/wp\/v2\/kastbreedte?post=13881"},{"taxonomy":"entree","embeddable":true,"href":"https:\/\/luxma.be\/fr\/wp-json\/wp\/v2\/entree?post=13881"},{"taxonomy":"hoek","embeddable":true,"href":"https:\/\/luxma.be\/fr\/wp-json\/wp\/v2\/hoek?post=13881"},{"taxonomy":"houtsoort","embeddable":true,"href":"https:\/\/luxma.be\/fr\/wp-json\/wp\/v2\/houtsoort?post=13881"},{"taxonomy":"kleur","embeddable":true,"href":"https:\/\/luxma.be\/fr\/wp-json\/wp\/v2\/kleur?post=13881"},{"taxonomy":"kastlengte","embeddable":true,"href":"https:\/\/luxma.be\/fr\/wp-json\/wp\/v2\/kastlengte?post=13881"},{"taxonomy":"productlijn","embeddable":true,"href":"https:\/\/luxma.be\/fr\/wp-json\/wp\/v2\/productlijn?post=13881"},{"taxonomy":"sloten","embeddable":true,"href":"https:\/\/luxma.be\/fr\/wp-json\/wp\/v2\/sloten?post=13881"},{"taxonomy":"vl_pl_hoogte_a","embeddable":true,"href":"https:\/\/luxma.be\/fr\/wp-json\/wp\/v2\/vl_pl_hoogte_a?post=13881"},{"taxonomy":"product_brand","embeddable":true,"href":"https:\/\/luxma.be\/fr\/wp-json\/wp\/v2\/product_brand?post=13881"},{"taxonomy":"product_cat","embeddable":true,"href":"https:\/\/luxma.be\/fr\/wp-json\/wp\/v2\/product_cat?post=13881"},{"taxonomy":"product_tag","embeddable":true,"href":"https:\/\/luxma.be\/fr\/wp-json\/wp\/v2\/product_tag?post=13881"}],"curies":[{"name":"wp","href":"https:\/\/api.w.org\/{rel}","templated":true}]}}