{"id":12813,"date":"2021-11-23T10:46:23","date_gmt":"2021-11-23T09:46:23","guid":{"rendered":"https:\/\/luxma.be\/?post_type=product&#038;p=12813"},"modified":"2025-01-24T11:54:17","modified_gmt":"2025-01-24T10:54:17","slug":"dolle-loft-clickfixthermo-comfort-maatwerk","status":"publish","type":"product","link":"https:\/\/luxma.be\/fr\/producten\/dolle-loft-clickfixthermo-comfort-maatwerk\/","title":{"rendered":"Dolle Loft clickFIX<sup>\u00ae<\/sup>Confort sur mesure"},"content":{"rendered":"<p>ClickFIX\u00ae-FACILE \u00c0 INSTALLER<\/p>\n<p>Le clic kFIX\u00ae Comfort fait partie de la gamme unique d&#039;\u00e9chelles de grenier clickFIX\u00ae de DOLLE. Gr\u00e2ce \u00e0 son faible poids et \u00e0 sa technologie de montage brevet\u00e9e, clickFIX\u00ae est facile \u00e0 installer<br \/>\n\u00eatre install\u00e9 par une seule personne. Tr\u00e8s simple, alignez le caisson de 240 mm de hauteur, vissez-le, encliquetez la trappe et le profil\u00e9 d&#039;\u00e9chelle et ajustez-le \u00e0 la hauteur de la pi\u00e8ce, c&#039;est fait. Il en r\u00e9sulte une installation parfaitement \u00e9tanche \u00e0 l&#039;air.<\/p>\n<p>MARCHES CONFORTABLES, MAIN COURANTE T\u00c9LESCOPIQUE ET M\u00c9CANISME \u00c0 RESSORT<\/p>\n<p>Pour plus de confort et de s\u00e9curit\u00e9, les marches du DOLLE clickFIX\u00ae confort sont con\u00e7ues particuli\u00e8rement profondes. Ils mesurent 13 cm de profondeur et offrent donc une surface tr\u00e8s s\u00fbre. La main courante t\u00e9lescopique offre une prise s\u00fbre lors des mont\u00e9es et des descentes. Une deuxi\u00e8me main courante peut \u00eatre command\u00e9e comme accessoire sur demande. Le DOLLE clickFIX\u00ae confort est facile et confortable \u00e0 utiliser. Un m\u00e9canisme \u00e0 ressort rend le pliage et le d\u00e9pliage aussi l\u00e9ger qu&#039;une plume.<\/p>\n<p>A FAIBLE CONSOMMATION<\/p>\n<p>La gamme brevet\u00e9e DOLLE clickFIX\u00ae est parfaitement isol\u00e9e et facile \u00e0 installer pour la transition du salon chaleureux au grenier souvent plus frais. Il \u00e9vite les pertes d&#039;\u00e9nergie dues \u00e0 l&#039;\u00e9tanch\u00e9it\u00e9 \u00e0 l&#039;air obtenue par le coupe-vent. Les doubles joints sur tout le pourtour et les joints d&#039;angle r\u00e9duisent consid\u00e9rablement le risque de condensation et prot\u00e8gent efficacement contre une \u00e9ventuelle croissance de moisissures. DOLLE clickFIX\u00ae confort a une valeur U test\u00e9e par les composants de 0,49 W\/m\u00b2 \u00b7 K test\u00e9e par IFT Rosenheim.<\/p>","protected":false},"excerpt":{"rendered":"<p>ClickFIX\u00ae-EENVOUDIG TE INSTALLEREN De clic kFIX\u00ae Comfort maakt deel uit van de unieke clickFIX\u00ae zolderladderlijn van DOLLE. Dankzij het lage gewicht en de gepatenteerde montagetechniek kan clickFIX\u00ae eenvoudig door \u00e9\u00e9n persoon worden ge\u00efnstalleerd. Heel eenvoudig, de 240 mm hoge omkasting uitlijnen, vastschroeven, luik en het ladder gedeelte klikken en aanpassen aan de hoogte van de [&hellip;]<\/p>\n","protected":false},"featured_media":18048,"template":"","meta":{"_acf_changed":false},"axe":[],"kastbreedte":[7083],"entree":[],"hoek":[],"houtsoort":[],"kleur":[],"kastlengte":[7084],"productlijn":[],"sloten":[],"vl_pl_hoogte_a":[],"product_brand":[],"product_cat":[1745,1744],"product_tag":[6486,6987],"class_list":{"0":"post-12813","1":"product","2":"type-product","3":"status-publish","4":"has-post-thumbnail","6":"kastbreedte-andere-maat","7":"kastlengte-andere-maat","8":"product_cat-zoldertrappen","9":"product_cat-trappen","10":"product_tag-dolle","11":"product_tag-hout-en-trappen","13":"first","14":"onbackorder","15":"purchasable","16":"product-type-simple"},"acf":[],"_links":{"self":[{"href":"https:\/\/luxma.be\/fr\/wp-json\/wp\/v2\/product\/12813","targetHints":{"allow":["GET"]}}],"collection":[{"href":"https:\/\/luxma.be\/fr\/wp-json\/wp\/v2\/product"}],"about":[{"href":"https:\/\/luxma.be\/fr\/wp-json\/wp\/v2\/types\/product"}],"wp:featuredmedia":[{"embeddable":true,"href":"https:\/\/luxma.be\/fr\/wp-json\/wp\/v2\/media\/18048"}],"wp:attachment":[{"href":"https:\/\/luxma.be\/fr\/wp-json\/wp\/v2\/media?parent=12813"}],"wp:term":[{"taxonomy":"axe","embeddable":true,"href":"https:\/\/luxma.be\/fr\/wp-json\/wp\/v2\/axe?post=12813"},{"taxonomy":"kastbreedte","embeddable":true,"href":"https:\/\/luxma.be\/fr\/wp-json\/wp\/v2\/kastbreedte?post=12813"},{"taxonomy":"entree","embeddable":true,"href":"https:\/\/luxma.be\/fr\/wp-json\/wp\/v2\/entree?post=12813"},{"taxonomy":"hoek","embeddable":true,"href":"https:\/\/luxma.be\/fr\/wp-json\/wp\/v2\/hoek?post=12813"},{"taxonomy":"houtsoort","embeddable":true,"href":"https:\/\/luxma.be\/fr\/wp-json\/wp\/v2\/houtsoort?post=12813"},{"taxonomy":"kleur","embeddable":true,"href":"https:\/\/luxma.be\/fr\/wp-json\/wp\/v2\/kleur?post=12813"},{"taxonomy":"kastlengte","embeddable":true,"href":"https:\/\/luxma.be\/fr\/wp-json\/wp\/v2\/kastlengte?post=12813"},{"taxonomy":"productlijn","embeddable":true,"href":"https:\/\/luxma.be\/fr\/wp-json\/wp\/v2\/productlijn?post=12813"},{"taxonomy":"sloten","embeddable":true,"href":"https:\/\/luxma.be\/fr\/wp-json\/wp\/v2\/sloten?post=12813"},{"taxonomy":"vl_pl_hoogte_a","embeddable":true,"href":"https:\/\/luxma.be\/fr\/wp-json\/wp\/v2\/vl_pl_hoogte_a?post=12813"},{"taxonomy":"product_brand","embeddable":true,"href":"https:\/\/luxma.be\/fr\/wp-json\/wp\/v2\/product_brand?post=12813"},{"taxonomy":"product_cat","embeddable":true,"href":"https:\/\/luxma.be\/fr\/wp-json\/wp\/v2\/product_cat?post=12813"},{"taxonomy":"product_tag","embeddable":true,"href":"https:\/\/luxma.be\/fr\/wp-json\/wp\/v2\/product_tag?post=12813"}],"curies":[{"name":"wp","href":"https:\/\/api.w.org\/{rel}","templated":true}]}}