{"id":12748,"date":"2021-11-22T14:04:30","date_gmt":"2021-11-22T13:04:30","guid":{"rendered":"https:\/\/luxma.be\/?post_type=product&#038;p=12748"},"modified":"2026-03-16T12:04:08","modified_gmt":"2026-03-16T11:04:08","slug":"dolle-klikslot-voor-cf-ladders","status":"publish","type":"product","link":"https:\/\/luxma.be\/fr\/producten\/dolle-klikslot-voor-cf-ladders\/","title":{"rendered":"DOLLE CLICK LOCK pour \u00e9chelles CF"},"content":{"rendered":"<p>Verrouillage clic pour \u00e9chelle clickFIX\u00ae. La ferrure de suspension fait partie du grand avantage lors du montage d&#039;un escalier clickFIX\u00ae. Vous le montez s\u00e9par\u00e9ment. Ce raccord s&#039;adapte \u00e0 tous les mod\u00e8les clickFIX\u00ae 56 et clickFIX\u00ae 76<\/p>","protected":false},"excerpt":{"rendered":"<p>Verrouillage clic pour \u00e9chelle clickFIX\u00ae. La ferrure de suspension fait partie du grand avantage lors du montage d&#039;un escalier clickFIX\u00ae. Vous le montez s\u00e9par\u00e9ment. Ce raccord s&#039;adapte \u00e0 tous les mod\u00e8les clickFIX\u00ae 56 et clickFIX\u00ae 76<\/p>","protected":false},"featured_media":12749,"template":"","meta":{"_acf_changed":false},"axe":[],"kastbreedte":[],"entree":[],"hoek":[],"houtsoort":[],"kleur":[],"kastlengte":[],"productlijn":[],"sloten":[],"vl_pl_hoogte_a":[],"product_brand":[],"product_cat":[1744,6981],"product_tag":[6987],"class_list":{"0":"post-12748","1":"product","2":"type-product","3":"status-publish","4":"has-post-thumbnail","6":"product_cat-trappen","7":"product_cat-onderdelen","8":"product_tag-hout-en-trappen","10":"first","11":"onbackorder","12":"purchasable","13":"product-type-simple"},"acf":[],"_links":{"self":[{"href":"https:\/\/luxma.be\/fr\/wp-json\/wp\/v2\/product\/12748","targetHints":{"allow":["GET"]}}],"collection":[{"href":"https:\/\/luxma.be\/fr\/wp-json\/wp\/v2\/product"}],"about":[{"href":"https:\/\/luxma.be\/fr\/wp-json\/wp\/v2\/types\/product"}],"wp:featuredmedia":[{"embeddable":true,"href":"https:\/\/luxma.be\/fr\/wp-json\/wp\/v2\/media\/12749"}],"wp:attachment":[{"href":"https:\/\/luxma.be\/fr\/wp-json\/wp\/v2\/media?parent=12748"}],"wp:term":[{"taxonomy":"axe","embeddable":true,"href":"https:\/\/luxma.be\/fr\/wp-json\/wp\/v2\/axe?post=12748"},{"taxonomy":"kastbreedte","embeddable":true,"href":"https:\/\/luxma.be\/fr\/wp-json\/wp\/v2\/kastbreedte?post=12748"},{"taxonomy":"entree","embeddable":true,"href":"https:\/\/luxma.be\/fr\/wp-json\/wp\/v2\/entree?post=12748"},{"taxonomy":"hoek","embeddable":true,"href":"https:\/\/luxma.be\/fr\/wp-json\/wp\/v2\/hoek?post=12748"},{"taxonomy":"houtsoort","embeddable":true,"href":"https:\/\/luxma.be\/fr\/wp-json\/wp\/v2\/houtsoort?post=12748"},{"taxonomy":"kleur","embeddable":true,"href":"https:\/\/luxma.be\/fr\/wp-json\/wp\/v2\/kleur?post=12748"},{"taxonomy":"kastlengte","embeddable":true,"href":"https:\/\/luxma.be\/fr\/wp-json\/wp\/v2\/kastlengte?post=12748"},{"taxonomy":"productlijn","embeddable":true,"href":"https:\/\/luxma.be\/fr\/wp-json\/wp\/v2\/productlijn?post=12748"},{"taxonomy":"sloten","embeddable":true,"href":"https:\/\/luxma.be\/fr\/wp-json\/wp\/v2\/sloten?post=12748"},{"taxonomy":"vl_pl_hoogte_a","embeddable":true,"href":"https:\/\/luxma.be\/fr\/wp-json\/wp\/v2\/vl_pl_hoogte_a?post=12748"},{"taxonomy":"product_brand","embeddable":true,"href":"https:\/\/luxma.be\/fr\/wp-json\/wp\/v2\/product_brand?post=12748"},{"taxonomy":"product_cat","embeddable":true,"href":"https:\/\/luxma.be\/fr\/wp-json\/wp\/v2\/product_cat?post=12748"},{"taxonomy":"product_tag","embeddable":true,"href":"https:\/\/luxma.be\/fr\/wp-json\/wp\/v2\/product_tag?post=12748"}],"curies":[{"name":"wp","href":"https:\/\/api.w.org\/{rel}","templated":true}]}}