{"id":9939,"date":"2021-04-20T15:43:27","date_gmt":"2021-04-20T13:43:27","guid":{"rendered":"https:\/\/luxma.be\/?page_id=9939"},"modified":"2021-04-22T15:58:27","modified_gmt":"2021-04-22T13:58:27","slug":"de-clickfix-technologie","status":"publish","type":"page","link":"https:\/\/luxma.be\/fr\/de-clickfix-technologie\/","title":{"rendered":"La technologie clickFIX\u00ae"},"content":{"rendered":"<div data-elementor-type=\"wp-page\" data-elementor-id=\"9939\" class=\"elementor elementor-9939\" data-elementor-post-type=\"page\">\n\t\t\t\t\t\t<section class=\"elementor-section elementor-top-section elementor-element elementor-element-79f855d0 elementor-section-boxed elementor-section-height-default elementor-section-height-default\" data-id=\"79f855d0\" data-element_type=\"section\" data-e-type=\"section\">\n\t\t\t\t\t\t<div class=\"elementor-container elementor-column-gap-default\">\n\t\t\t\t\t<div class=\"elementor-column elementor-col-100 elementor-top-column elementor-element elementor-element-4cefc3b6\" data-id=\"4cefc3b6\" data-element_type=\"column\" data-e-type=\"column\">\n\t\t\t<div class=\"elementor-widget-wrap elementor-element-populated\">\n\t\t\t\t\t\t<div class=\"elementor-element elementor-element-d6d7e4e elementor-widget elementor-widget-image\" data-id=\"d6d7e4e\" data-element_type=\"widget\" data-e-type=\"widget\" data-widget_type=\"image.default\">\n\t\t\t\t<div class=\"elementor-widget-container\">\n\t\t\t\t\t\t\t\t\t\t\t\t\t\t\t<img decoding=\"async\" width=\"220\" height=\"85\" src=\"https:\/\/luxma.be\/wp-content\/uploads\/2021\/04\/dolle-logo.png\" class=\"attachment-woocommerce_thumbnail size-woocommerce_thumbnail wp-image-9904\" alt=\"\" \/>\t\t\t\t\t\t\t\t\t\t\t\t\t\t\t<\/div>\n\t\t\t\t<\/div>\n\t\t\t\t<div class=\"elementor-element elementor-element-62c7c92 elementor-widget elementor-widget-heading\" data-id=\"62c7c92\" data-element_type=\"widget\" data-e-type=\"widget\" data-widget_type=\"heading.default\">\n\t\t\t\t<div class=\"elementor-widget-container\">\n\t\t\t\t\t<h2 class=\"elementor-heading-title elementor-size-large\"><span style=\"font-weight: 600;white-space: normal\">La technologie clickFIX\u00ae<\/span><\/h2>\t\t\t\t<\/div>\n\t\t\t\t<\/div>\n\t\t\t\t<div class=\"elementor-element elementor-element-f61ef78 elementor-widget elementor-widget-text-editor\" data-id=\"f61ef78\" data-element_type=\"widget\" data-e-type=\"widget\" data-widget_type=\"text-editor.default\">\n\t\t\t\t<div class=\"elementor-widget-container\">\n\t\t\t\t\t\t\t\t\t<p><\/p>\n<p><strong style=\"color: var( --e-global-color-text ); font-family: var( --e-global-typography-text-font-family ), Sans-serif; font-size: var( --e-global-typography-text-font-size ); letter-spacing: var( --e-global-typography-text-letter-spacing );\">UNE EXCELLENTE ISOLATION R\u00c9DUIT LA CHALEUR<\/strong><strong style=\"color: var( --e-global-color-text ); font-family: var( --e-global-typography-text-font-family ), Sans-serif; font-size: var( --e-global-typography-text-font-size ); letter-spacing: var( --e-global-typography-text-letter-spacing );\">RELIES ET PONT THERMIQUE<\/strong><strong style=\"color: var( --e-global-color-text ); font-family: var( --e-global-typography-text-font-family ), Sans-serif; font-size: var( --e-global-typography-text-font-size ); letter-spacing: var( --e-global-typography-text-letter-spacing );\">G\u00c8NE<\/strong><\/p>\n<p>Le design et l&#039;artisanat scandinaves se combinent pour offrir une efficacit\u00e9 \u00e9nerg\u00e9tique de pointe. La technologie brevet\u00e9e clickFIX\u00ae garantit qu&#039;aucun pont thermique ne se forme. Ceci est principalement d\u00fb au fait que la trappe se compose exclusivement d&#039;un mat\u00e9riau hautement isolant et non d&#039;une construction en bois. Le joint unique assure \u00e9galement l&#039;\u00e9tanch\u00e9it\u00e9 \u00e0 l&#039;air. Tout cela nous permet de r\u00e9aliser une excellente isolation thermique pour votre maison. Dolle a les meilleures valeurs U du march\u00e9, plus la valeur U est basse, meilleure est l&#039;isolation.\u00a0<span style=\"color: var( --e-global-color-text ); font-family: var( --e-global-typography-text-font-family ), Sans-serif; font-size: var( --e-global-typography-text-font-size ); font-weight: var( --e-global-typography-text-font-weight ); letter-spacing: var( --e-global-typography-text-letter-spacing );\">La valeur U obtenue est le r\u00e9sultat d&#039;un test de l&#039;escalier du grenier en tant qu&#039;\u00e9l\u00e9ment de construction et non bas\u00e9 sur une valeur mesur\u00e9e.\u00a0<\/span><span style=\"color: var( --e-global-color-text ); font-family: var( --e-global-typography-text-font-family ), Sans-serif; font-size: var( --e-global-typography-text-font-size ); font-weight: var( --e-global-typography-text-font-weight ); letter-spacing: var( --e-global-typography-text-letter-spacing );\">.<\/span><\/p>\n<p>Ce\u00a0<span style=\"color: var( --e-global-color-text ); font-family: var( --e-global-typography-text-font-family ), Sans-serif; font-size: var( --e-global-typography-text-font-size ); font-weight: var( --e-global-typography-text-font-weight ); letter-spacing: var( --e-global-typography-text-letter-spacing );\">La trappe clickFIX\u00ae est enti\u00e8rement isol\u00e9e avec une \u00e9paisse couche de polystyr\u00e8ne avec un rev\u00eatement blanc. Cela garantit une faible valeur U. :<\/span><\/p>\n<p><img fetchpriority=\"high\" decoding=\"async\" class=\"alignnone size-full wp-image-10023\" src=\"https:\/\/luxma.be\/wp-content\/uploads\/2021\/04\/Dolle-6.gif\" alt=\"\" width=\"248\" height=\"208\" \/><\/p>\n<p><span style=\"color: var( --e-global-color-text ); font-family: var( --e-global-typography-text-font-family ), Sans-serif; font-size: var( --e-global-typography-text-font-size ); font-weight: var( --e-global-typography-text-font-weight ); letter-spacing: var( --e-global-typography-text-letter-spacing );\">Ces \u00e9chelles de grenier sont fabriqu\u00e9es au Danemark et la plupart du bois provient de for\u00eats renouvelables certifi\u00e9es FSC\u00ae<\/span><\/p>\n<p><img decoding=\"async\" class=\"size-full wp-image-10022 alignnone\" src=\"https:\/\/luxma.be\/wp-content\/uploads\/2021\/04\/Dolle-5.gif\" alt=\"\" width=\"261\" height=\"213\" \/><\/p>\n<p><span style=\"color: var( --e-global-color-text ); font-family: var( --e-global-typography-text-font-family ), Sans-serif; font-size: var( --e-global-typography-text-font-size ); font-weight: var( --e-global-typography-text-font-weight ); letter-spacing: var( --e-global-typography-text-letter-spacing );\">Parce que la trappe clickFIX\u00ae se compose uniquement d&#039;un mat\u00e9riau isolant de haute qualit\u00e9 sans aucune construction en bois, il n&#039;y a pas de ponts thermiques. Ceci, combin\u00e9 \u00e0 un joint unique, permet d&#039;obtenir une isolation maximale\u00a0:<\/span><\/p>\n<p><span style=\"color: var( --e-global-color-text ); font-family: var( --e-global-typography-text-font-family ), Sans-serif; font-size: var( --e-global-typography-text-font-size ); font-weight: var( --e-global-typography-text-font-weight ); letter-spacing: var( --e-global-typography-text-letter-spacing );\">\u00a0<\/span><img loading=\"lazy\" decoding=\"async\" style=\"color: var( --e-global-color-text ); font-family: var( --e-global-typography-text-font-family ), Sans-serif; font-size: var( --e-global-typography-text-font-size ); font-weight: var( --e-global-typography-text-font-weight ); letter-spacing: var( --e-global-typography-text-letter-spacing );\" src=\"https:\/\/luxma.be\/wp-content\/uploads\/2021\/04\/Dolle-1-150x150.gif\" alt=\"\" width=\"150\" height=\"150\" \/><img loading=\"lazy\" decoding=\"async\" class=\"size-large wp-image-10020 alignright\" src=\"https:\/\/luxma.be\/wp-content\/uploads\/2021\/04\/Dolle-3-1024x131.gif\" alt=\"\" width=\"800\" height=\"102\" srcset=\"https:\/\/luxma.be\/wp-content\/uploads\/2021\/04\/Dolle-3-1024x131.gif 1024w, https:\/\/luxma.be\/wp-content\/uploads\/2021\/04\/Dolle-3-600x77.gif 600w, https:\/\/luxma.be\/wp-content\/uploads\/2021\/04\/Dolle-3-300x39.gif 300w, https:\/\/luxma.be\/wp-content\/uploads\/2021\/04\/Dolle-3-768x99.gif 768w\" sizes=\"(max-width: 800px) 100vw, 800px\" \/><\/p>\n<p>\u00a0<\/p>\n<p><strong>FOCUS<\/strong><strong style=\"color: var( --e-global-color-text ); font-family: var( --e-global-typography-text-font-family ), Sans-serif; font-size: var( --e-global-typography-text-font-size ); letter-spacing: var( --e-global-typography-text-letter-spacing );\">S SUR L&#039;INSTALLATION FACILE D&#039;UNE \u00c9CHELLE LOFT<\/strong><\/p>\n<p><span style=\"color: var( --e-global-color-text ); font-family: var( --e-global-typography-text-font-family ), Sans-serif; font-size: var( --e-global-typography-text-font-size ); font-weight: var( --e-global-typography-text-font-weight ); letter-spacing: var( --e-global-typography-text-letter-spacing );\">Les \u00e9chelles de grenier ClickFIX\u00ae se composent de trois composants distincts, le bo\u00eetier, l&#039;\u00e9chelle et la trappe, qui sont mont\u00e9s \u00e0 l&#039;aide d&#039;un syst\u00e8me de clic brevet\u00e9. Les professionnels comme les bricoleurs trouveront les escaliers de grenier clickFIX\u00ae faciles \u00e0 installer, m\u00eame seuls.<\/span><\/p>\n<p>Gr\u00e2ce au faible poids et \u00e0 la technologie d&#039;assemblage brevet\u00e9e avec des modules &#039;click&#039;, un\u00a0<span style=\"color: var( --e-global-color-text ); font-family: var( --e-global-typography-text-font-family ), Sans-serif; font-size: var( --e-global-typography-text-font-size ); font-weight: var( --e-global-typography-text-font-weight ); letter-spacing: var( --e-global-typography-text-letter-spacing );\">L&#039;\u00e9chelle de grenier ClickFIX\u00ae peut \u00eatre facilement install\u00e9e par 1 personne :<\/span><\/p>\n<p><span style=\"color: var( --e-global-color-text ); font-family: var( --e-global-typography-text-font-family ), Sans-serif; font-size: var( --e-global-typography-text-font-size ); font-weight: var( --e-global-typography-text-font-weight ); letter-spacing: var( --e-global-typography-text-letter-spacing );\">\u00a0\u00a0<\/span><img loading=\"lazy\" decoding=\"async\" style=\"color: var( --e-global-color-text ); font-family: var( --e-global-typography-text-font-family ), Sans-serif; font-size: var( --e-global-typography-text-font-size ); font-weight: var( --e-global-typography-text-font-weight ); letter-spacing: var( --e-global-typography-text-letter-spacing );\" src=\"https:\/\/luxma.be\/wp-content\/uploads\/2021\/04\/Dolle-2-150x150.gif\" alt=\"\" width=\"150\" height=\"150\" \/><img loading=\"lazy\" decoding=\"async\" class=\"alignnone size-full wp-image-10021\" src=\"https:\/\/luxma.be\/wp-content\/uploads\/2021\/04\/Dolle-4.gif\" alt=\"\" width=\"962\" height=\"133\" \/><\/p>\n<h1>\u00a0<a href=\"https:\/\/www.youtube.com\/watch?v=LyjVqLCF_mw\" target=\"_blank\" rel=\"noopener\"><strong>Vid\u00e9o d&#039;installation<\/strong><\/a><\/h1>\n<p><\/p>\t\t\t\t\t\t\t\t<\/div>\n\t\t\t\t<\/div>\n\t\t\t\t\t<\/div>\n\t\t<\/div>\n\t\t\t\t\t<\/div>\n\t\t<\/section>\n\t\t\t\t<section class=\"elementor-section elementor-top-section elementor-element elementor-element-bd5fd9c elementor-section-boxed elementor-section-height-default elementor-section-height-default\" data-id=\"bd5fd9c\" data-element_type=\"section\" data-e-type=\"section\">\n\t\t\t\t\t\t<div class=\"elementor-container elementor-column-gap-default\">\n\t\t\t\t\t<div class=\"elementor-column elementor-col-100 elementor-top-column elementor-element elementor-element-457b619\" data-id=\"457b619\" data-element_type=\"column\" data-e-type=\"column\">\n\t\t\t<div class=\"elementor-widget-wrap elementor-element-populated\">\n\t\t\t\t\t\t<div class=\"elementor-element elementor-element-93702ad elementor-widget elementor-widget-image\" data-id=\"93702ad\" data-element_type=\"widget\" data-e-type=\"widget\" data-widget_type=\"image.default\">\n\t\t\t\t<div class=\"elementor-widget-container\">\n\t\t\t\t\t\t\t\t\t\t\t\t\t\t\t<img loading=\"lazy\" decoding=\"async\" width=\"2560\" height=\"1440\" src=\"https:\/\/luxma.be\/wp-content\/uploads\/2020\/07\/CF56_miljo-scaled.jpg\" class=\"attachment-full size-full wp-image-9866\" alt=\"\" srcset=\"https:\/\/luxma.be\/wp-content\/uploads\/2020\/07\/CF56_miljo-scaled.jpg 2560w, https:\/\/luxma.be\/wp-content\/uploads\/2020\/07\/CF56_miljo-scaled-600x338.jpg 600w, https:\/\/luxma.be\/wp-content\/uploads\/2020\/07\/CF56_miljo-scaled-300x169.jpg 300w, https:\/\/luxma.be\/wp-content\/uploads\/2020\/07\/CF56_miljo-1024x576.jpg 1024w, https:\/\/luxma.be\/wp-content\/uploads\/2020\/07\/CF56_miljo-768x432.jpg 768w, https:\/\/luxma.be\/wp-content\/uploads\/2020\/07\/CF56_miljo-1536x864.jpg 1536w, https:\/\/luxma.be\/wp-content\/uploads\/2020\/07\/CF56_miljo-2048x1152.jpg 2048w\" sizes=\"(max-width: 2560px) 100vw, 2560px\" \/>\t\t\t\t\t\t\t\t\t\t\t\t\t\t\t<\/div>\n\t\t\t\t<\/div>\n\t\t\t\t\t<\/div>\n\t\t<\/div>\n\t\t\t\t\t<\/div>\n\t\t<\/section>\n\t\t\t\t<\/div>","protected":false},"excerpt":{"rendered":"<p>De clickFIX\u00ae-technologie UITSTEKENDE ISOLATIE VERMINDERT WARMTEVERLIES EN THERMISCHE BRUGGEN Het Scandinavisch design en vakmanschap worden gecombineerd om toonaangevende energie-effici\u00ebntie te leveren. De gepatenteerde clickFIX\u00ae-technologie zorgt ervoor dat er geen koudebruggen ontstaan. Dit is voornamelijk omdat het luik uitsluitend uit hoog isolerend materiaal bestaat en niet uit een houten constructie. De unieke afdichting zorgt tevens voor [&hellip;]<\/p>\n","protected":false},"author":1,"featured_media":0,"parent":0,"menu_order":0,"comment_status":"closed","ping_status":"closed","template":"elementor_header_footer","meta":{"_acf_changed":false,"footnotes":""},"class_list":["post-9939","page","type-page","status-publish","hentry"],"acf":[],"_links":{"self":[{"href":"https:\/\/luxma.be\/fr\/wp-json\/wp\/v2\/pages\/9939","targetHints":{"allow":["GET"]}}],"collection":[{"href":"https:\/\/luxma.be\/fr\/wp-json\/wp\/v2\/pages"}],"about":[{"href":"https:\/\/luxma.be\/fr\/wp-json\/wp\/v2\/types\/page"}],"author":[{"embeddable":true,"href":"https:\/\/luxma.be\/fr\/wp-json\/wp\/v2\/users\/1"}],"replies":[{"embeddable":true,"href":"https:\/\/luxma.be\/fr\/wp-json\/wp\/v2\/comments?post=9939"}],"version-history":[{"count":0,"href":"https:\/\/luxma.be\/fr\/wp-json\/wp\/v2\/pages\/9939\/revisions"}],"wp:attachment":[{"href":"https:\/\/luxma.be\/fr\/wp-json\/wp\/v2\/media?parent=9939"}],"curies":[{"name":"wp","href":"https:\/\/api.w.org\/{rel}","templated":true}]}}