{"id":7418,"date":"2020-08-06T16:23:59","date_gmt":"2020-08-06T14:23:59","guid":{"rendered":"https:\/\/luxma.be\/?page_id=7418"},"modified":"2026-01-29T13:16:11","modified_gmt":"2026-01-29T12:16:11","slug":"prova","status":"publish","type":"page","link":"https:\/\/luxma.be\/fr\/prova\/","title":{"rendered":"Prova"},"content":{"rendered":"<div data-elementor-type=\"wp-page\" data-elementor-id=\"7418\" class=\"elementor elementor-7418\" data-elementor-post-type=\"page\">\n\t\t\t\t\t\t<section class=\"elementor-section elementor-top-section elementor-element elementor-element-d450b72 elementor-section-boxed elementor-section-height-default elementor-section-height-default\" data-id=\"d450b72\" data-element_type=\"section\" data-e-type=\"section\">\n\t\t\t\t\t\t<div class=\"elementor-container elementor-column-gap-default\">\n\t\t\t\t\t\t<\/div>\n\t\t<\/section>\n\t\t\t\t<section class=\"elementor-section elementor-top-section elementor-element elementor-element-1323848 elementor-section-boxed elementor-section-height-default elementor-section-height-default\" data-id=\"1323848\" data-element_type=\"section\" data-e-type=\"section\">\n\t\t\t\t\t\t<div class=\"elementor-container elementor-column-gap-default\">\n\t\t\t\t\t<div class=\"elementor-column elementor-col-100 elementor-top-column elementor-element elementor-element-ff46343\" data-id=\"ff46343\" data-element_type=\"column\" data-e-type=\"column\">\n\t\t\t<div class=\"elementor-widget-wrap elementor-element-populated\">\n\t\t\t\t\t\t<div class=\"elementor-element elementor-element-907986f elementor-widget elementor-widget-text-editor\" data-id=\"907986f\" data-element_type=\"widget\" data-e-type=\"widget\" data-widget_type=\"text-editor.default\">\n\t\t\t\t<div class=\"elementor-widget-container\">\n\t\t\t\t\t\t\t\t\t<p id=\"tw-target-text\" class=\"tw-data-text tw-text-large XcVN5d tw-ta\" dir=\"ltr\" data-placeholder=\"Vertaling\"><span lang=\"nl\">Le syst\u00e8me de balustrade PROVA a un design minimaliste et simple qui facilite l&#039;int\u00e9gration du syst\u00e8me de rampe d&#039;escalier dans le style existant de votre maison. <\/span><\/p><p class=\"tw-data-text tw-text-large XcVN5d tw-ta\" dir=\"ltr\" data-placeholder=\"Vertaling\"><span lang=\"nl\">Des composants sp\u00e9cialement con\u00e7us font de Prova une solution flexible avec de nombreuses options de montage. <\/span><\/p><p class=\"tw-data-text tw-text-large XcVN5d tw-ta\" dir=\"ltr\" data-placeholder=\"Vertaling\"><span lang=\"nl\">Prova se compose d&#039;un nombre limit\u00e9 de composants et est tr\u00e8s facile \u00e0 assembler. La grande capacit\u00e9 de r\u00e9glage du syst\u00e8me permet de niveler facilement et facilement les poteaux de main courante, quelle que soit la surface in\u00e9gale. <\/span><\/p><p class=\"tw-data-text tw-text-large XcVN5d tw-ta\" dir=\"ltr\" data-placeholder=\"Vertaling\"><span lang=\"nl\">Prova convient \u00e0 une utilisation int\u00e9rieure et ext\u00e9rieure comme garde-corps pour terrasses, balcons et couloirs ou comme solution de garde-corps pour escaliers. <\/span><\/p><p class=\"tw-data-text tw-text-large XcVN5d tw-ta\" dir=\"ltr\" data-placeholder=\"Vertaling\"><span lang=\"nl\">Prova is verkrijgbaar in 4 uitvoeringen:\u00a0<\/span><\/p><p class=\"tw-data-text tw-text-large XcVN5d tw-ta\" dir=\"ltr\" data-placeholder=\"Vertaling\">\u00a0<\/p>\t\t\t\t\t\t\t\t<\/div>\n\t\t\t\t<\/div>\n\t\t\t\t\t<\/div>\n\t\t<\/div>\n\t\t\t\t<div class=\"elementor-column elementor-col-100 elementor-top-column elementor-element elementor-element-6d20612\" data-id=\"6d20612\" data-element_type=\"column\" data-e-type=\"column\">\n\t\t\t<div class=\"elementor-widget-wrap elementor-element-populated\">\n\t\t\t\t\t\t<div class=\"elementor-element elementor-element-ec188c6 elementor-widget elementor-widget-image\" data-id=\"ec188c6\" data-element_type=\"widget\" data-e-type=\"widget\" data-widget_type=\"image.default\">\n\t\t\t\t<div class=\"elementor-widget-container\">\n\t\t\t\t\t\t\t\t\t\t\t\t\t\t\t<img fetchpriority=\"high\" decoding=\"async\" width=\"300\" height=\"208\" src=\"https:\/\/luxma.be\/wp-content\/uploads\/2020\/08\/Eik-1-300x208.gif\" class=\"attachment-medium size-medium wp-image-7762\" alt=\"\" srcset=\"https:\/\/luxma.be\/wp-content\/uploads\/2020\/08\/Eik-1-scaled-300x208.gif 300w, https:\/\/luxma.be\/wp-content\/uploads\/2020\/08\/Eik-1-scaled-600x416.gif 600w, https:\/\/luxma.be\/wp-content\/uploads\/2020\/08\/Eik-1-1024x711.gif 1024w, https:\/\/luxma.be\/wp-content\/uploads\/2020\/08\/Eik-1-768x533.gif 768w, https:\/\/luxma.be\/wp-content\/uploads\/2020\/08\/Eik-1-1536x1066.gif 1536w, https:\/\/luxma.be\/wp-content\/uploads\/2020\/08\/Eik-1-2048x1422.gif 2048w\" sizes=\"(max-width: 300px) 100vw, 300px\" \/>\t\t\t\t\t\t\t\t\t\t\t\t\t\t\t<\/div>\n\t\t\t\t<\/div>\n\t\t\t\t<div class=\"elementor-element elementor-element-0e134be elementor-widget elementor-widget-button\" data-id=\"0e134be\" data-element_type=\"widget\" data-e-type=\"widget\" data-widget_type=\"button.default\">\n\t\t\t\t<div class=\"elementor-widget-container\">\n\t\t\t\t\t\t\t\t\t<div class=\"elementor-button-wrapper\">\n\t\t\t\t\t<a class=\"elementor-button elementor-button-link elementor-size-sm\" href=\"http:\/\/dolle.cubicasahost.dk\/dolleas\/provasystem\">\n\t\t\t\t\t\t<span class=\"elementor-button-content-wrapper\">\n\t\t\t\t\t\t\t\t\t<span class=\"elementor-button-text\">Vers la calculatrice<\/span>\n\t\t\t\t\t<\/span>\n\t\t\t\t\t<\/a>\n\t\t\t\t<\/div>\n\t\t\t\t\t\t\t\t<\/div>\n\t\t\t\t<\/div>\n\t\t\t\t<div class=\"elementor-element elementor-element-2c37198 elementor-widget__width-initial elementor-widget elementor-widget-button\" data-id=\"2c37198\" data-element_type=\"widget\" data-e-type=\"widget\" data-widget_type=\"button.default\">\n\t\t\t\t<div class=\"elementor-widget-container\">\n\t\t\t\t\t\t\t\t\t<div class=\"elementor-button-wrapper\">\n\t\t\t\t\t<a class=\"elementor-button elementor-button-link elementor-size-sm\" href=\"https:\/\/luxma.be\/wp-content\/uploads\/2023\/03\/Consumenten-brochure-balustradesystemen-2023-NL-PDF.pdf\" target=\"_blank\">\n\t\t\t\t\t\t<span class=\"elementor-button-content-wrapper\">\n\t\t\t\t\t\t\t\t\t<span class=\"elementor-button-text\">Brochure <\/span>\n\t\t\t\t\t<\/span>\n\t\t\t\t\t<\/a>\n\t\t\t\t<\/div>\n\t\t\t\t\t\t\t\t<\/div>\n\t\t\t\t<\/div>\n\t\t\t\t\t<\/div>\n\t\t<\/div>\n\t\t\t\t\t<\/div>\n\t\t<\/section>\n\t\t<div class=\"elementor-element elementor-element-de51f83 e-grid e-con-boxed e-con e-parent\" data-id=\"de51f83\" data-element_type=\"container\" data-e-type=\"container\">\n\t\t\t\t\t<div class=\"e-con-inner\">\n\t\t<div class=\"elementor-element elementor-element-6493a7e e-con-full e-flex e-con e-child\" data-id=\"6493a7e\" data-element_type=\"container\" data-e-type=\"container\">\n\t\t<div class=\"elementor-element elementor-element-b4199f7 e-con-full e-flex e-con e-child\" data-id=\"b4199f7\" data-element_type=\"container\" data-e-type=\"container\">\n\t\t\t\t<div class=\"elementor-element elementor-element-57472d3 elementor-widget__width-initial elementor-widget elementor-widget-button\" data-id=\"57472d3\" data-element_type=\"widget\" data-e-type=\"widget\" data-widget_type=\"button.default\">\n\t\t\t\t<div class=\"elementor-widget-container\">\n\t\t\t\t\t\t\t\t\t<div class=\"elementor-button-wrapper\">\n\t\t\t\t\t<a class=\"elementor-button elementor-button-link elementor-size-sm\" href=\"https:\/\/luxma.be\/fr\/producten\/?_categorie=prova-black\">\n\t\t\t\t\t\t<span class=\"elementor-button-content-wrapper\">\n\t\t\t\t\t\t\t\t\t<span class=\"elementor-button-text\">PROVA BLACK<\/span>\n\t\t\t\t\t<\/span>\n\t\t\t\t\t<\/a>\n\t\t\t\t<\/div>\n\t\t\t\t\t\t\t\t<\/div>\n\t\t\t\t<\/div>\n\t\t\t\t<div class=\"elementor-element elementor-element-417b1d2 elementor-widget__width-initial elementor-widget elementor-widget-button\" data-id=\"417b1d2\" data-element_type=\"widget\" data-e-type=\"widget\" data-widget_type=\"button.default\">\n\t\t\t\t<div class=\"elementor-widget-container\">\n\t\t\t\t\t\t\t\t\t<div class=\"elementor-button-wrapper\">\n\t\t\t\t\t<a class=\"elementor-button elementor-button-link elementor-size-sm\" href=\"https:\/\/luxma.be\/wp-content\/uploads\/2024\/10\/CATALOOG-PROVA-LUXMA-NL-NEW.pdf\" target=\"_blank\">\n\t\t\t\t\t\t<span class=\"elementor-button-content-wrapper\">\n\t\t\t\t\t\t\t\t\t<span class=\"elementor-button-text\">Brochure <\/span>\n\t\t\t\t\t<\/span>\n\t\t\t\t\t<\/a>\n\t\t\t\t<\/div>\n\t\t\t\t\t\t\t\t<\/div>\n\t\t\t\t<\/div>\n\t\t\t\t<\/div>\n\t\t\t\t<div class=\"elementor-element elementor-element-a20d940 elementor-widget elementor-widget-image\" data-id=\"a20d940\" data-element_type=\"widget\" data-e-type=\"widget\" data-widget_type=\"image.default\">\n\t\t\t\t<div class=\"elementor-widget-container\">\n\t\t\t\t\t\t\t\t\t\t\t\t\t\t\t<img decoding=\"async\" width=\"1500\" height=\"1125\" src=\"https:\/\/luxma.be\/wp-content\/uploads\/2022\/02\/Dolle_Prova-black_closeup1_testrender_03.jpg\" class=\"attachment-full size-full wp-image-13985\" alt=\"\" srcset=\"https:\/\/luxma.be\/wp-content\/uploads\/2022\/02\/Dolle_Prova-black_closeup1_testrender_03.jpg 1500w, https:\/\/luxma.be\/wp-content\/uploads\/2022\/02\/Dolle_Prova-black_closeup1_testrender_03-300x225.jpg 300w, https:\/\/luxma.be\/wp-content\/uploads\/2022\/02\/Dolle_Prova-black_closeup1_testrender_03-1024x768.jpg 1024w, https:\/\/luxma.be\/wp-content\/uploads\/2022\/02\/Dolle_Prova-black_closeup1_testrender_03-768x576.jpg 768w, https:\/\/luxma.be\/wp-content\/uploads\/2022\/02\/Dolle_Prova-black_closeup1_testrender_03-16x12.jpg 16w, https:\/\/luxma.be\/wp-content\/uploads\/2022\/02\/Dolle_Prova-black_closeup1_testrender_03-600x450.jpg 600w\" sizes=\"(max-width: 1500px) 100vw, 1500px\" \/>\t\t\t\t\t\t\t\t\t\t\t\t\t\t\t<\/div>\n\t\t\t\t<\/div>\n\t\t\t\t<\/div>\n\t\t<div class=\"elementor-element elementor-element-62d5527 e-con-full e-flex e-con e-child\" data-id=\"62d5527\" data-element_type=\"container\" data-e-type=\"container\">\n\t\t<div class=\"elementor-element elementor-element-5e7d51f e-con-full e-flex e-con e-child\" data-id=\"5e7d51f\" data-element_type=\"container\" data-e-type=\"container\">\n\t\t\t\t<div class=\"elementor-element elementor-element-d956f6f elementor-widget elementor-widget-button\" data-id=\"d956f6f\" data-element_type=\"widget\" data-e-type=\"widget\" data-widget_type=\"button.default\">\n\t\t\t\t<div class=\"elementor-widget-container\">\n\t\t\t\t\t\t\t\t\t<div class=\"elementor-button-wrapper\">\n\t\t\t\t\t<a class=\"elementor-button elementor-button-link elementor-size-sm\" href=\"https:\/\/luxma.be\/fr\/producten\/?_categorie=prova-rvs\">\n\t\t\t\t\t\t<span class=\"elementor-button-content-wrapper\">\n\t\t\t\t\t\t\t\t\t<span class=\"elementor-button-text\">PROVA INOX<\/span>\n\t\t\t\t\t<\/span>\n\t\t\t\t\t<\/a>\n\t\t\t\t<\/div>\n\t\t\t\t\t\t\t\t<\/div>\n\t\t\t\t<\/div>\n\t\t\t\t<div class=\"elementor-element elementor-element-b1e9e56 elementor-widget__width-initial elementor-widget elementor-widget-button\" data-id=\"b1e9e56\" data-element_type=\"widget\" data-e-type=\"widget\" data-widget_type=\"button.default\">\n\t\t\t\t<div class=\"elementor-widget-container\">\n\t\t\t\t\t\t\t\t\t<div class=\"elementor-button-wrapper\">\n\t\t\t\t\t<a class=\"elementor-button elementor-button-link elementor-size-sm\" href=\"https:\/\/luxma.be\/wp-content\/uploads\/2024\/10\/CATALOOG-PROVA-LUXMA-NL-NEW.pdf\" target=\"_blank\">\n\t\t\t\t\t\t<span class=\"elementor-button-content-wrapper\">\n\t\t\t\t\t\t\t\t\t<span class=\"elementor-button-text\">Brochure <\/span>\n\t\t\t\t\t<\/span>\n\t\t\t\t\t<\/a>\n\t\t\t\t<\/div>\n\t\t\t\t\t\t\t\t<\/div>\n\t\t\t\t<\/div>\n\t\t\t\t<\/div>\n\t\t\t\t<div class=\"elementor-element elementor-element-eb4c7e0 elementor-widget elementor-widget-image\" data-id=\"eb4c7e0\" data-element_type=\"widget\" data-e-type=\"widget\" data-widget_type=\"image.default\">\n\t\t\t\t<div class=\"elementor-widget-container\">\n\t\t\t\t\t\t\t\t\t\t\t\t\t\t\t<img decoding=\"async\" width=\"792\" height=\"929\" src=\"https:\/\/luxma.be\/wp-content\/uploads\/2024\/10\/ps.pic3_.png\" class=\"attachment-large size-large wp-image-17754\" alt=\"\" srcset=\"https:\/\/luxma.be\/wp-content\/uploads\/2024\/10\/ps.pic3_.png 792w, https:\/\/luxma.be\/wp-content\/uploads\/2024\/10\/ps.pic3_-256x300.png 256w, https:\/\/luxma.be\/wp-content\/uploads\/2024\/10\/ps.pic3_-768x901.png 768w, https:\/\/luxma.be\/wp-content\/uploads\/2024\/10\/ps.pic3_-10x12.png 10w, https:\/\/luxma.be\/wp-content\/uploads\/2024\/10\/ps.pic3_-600x704.png 600w\" sizes=\"(max-width: 792px) 100vw, 792px\" \/>\t\t\t\t\t\t\t\t\t\t\t\t\t\t\t<\/div>\n\t\t\t\t<\/div>\n\t\t\t\t<\/div>\n\t\t<div class=\"elementor-element elementor-element-5bd3103 e-con-full e-flex e-con e-child\" data-id=\"5bd3103\" data-element_type=\"container\" data-e-type=\"container\">\n\t\t<div class=\"elementor-element elementor-element-2955b8f e-con-full e-flex e-con e-child\" data-id=\"2955b8f\" data-element_type=\"container\" data-e-type=\"container\">\n\t\t\t\t<div class=\"elementor-element elementor-element-92f473e elementor-widget elementor-widget-button\" data-id=\"92f473e\" data-element_type=\"widget\" data-e-type=\"widget\" data-widget_type=\"button.default\">\n\t\t\t\t<div class=\"elementor-widget-container\">\n\t\t\t\t\t\t\t\t\t<div class=\"elementor-button-wrapper\">\n\t\t\t\t\t<a class=\"elementor-button elementor-button-link elementor-size-sm\" href=\"https:\/\/luxma.be\/fr\/producten\/?_categorie=prova-antraciet\">\n\t\t\t\t\t\t<span class=\"elementor-button-content-wrapper\">\n\t\t\t\t\t\t\t\t\t<span class=\"elementor-button-text\">PROVA ANTHRACITE<\/span>\n\t\t\t\t\t<\/span>\n\t\t\t\t\t<\/a>\n\t\t\t\t<\/div>\n\t\t\t\t\t\t\t\t<\/div>\n\t\t\t\t<\/div>\n\t\t\t\t<div class=\"elementor-element elementor-element-a2227b1 elementor-widget__width-initial elementor-widget elementor-widget-button\" data-id=\"a2227b1\" data-element_type=\"widget\" data-e-type=\"widget\" data-widget_type=\"button.default\">\n\t\t\t\t<div class=\"elementor-widget-container\">\n\t\t\t\t\t\t\t\t\t<div class=\"elementor-button-wrapper\">\n\t\t\t\t\t<a class=\"elementor-button elementor-button-link elementor-size-sm\" href=\"https:\/\/luxma.be\/wp-content\/uploads\/2024\/10\/CATALOOG-PROVA-LUXMA-NL-1.pdf\" target=\"_blank\">\n\t\t\t\t\t\t<span class=\"elementor-button-content-wrapper\">\n\t\t\t\t\t\t\t\t\t<span class=\"elementor-button-text\">Brochure NL<\/span>\n\t\t\t\t\t<\/span>\n\t\t\t\t\t<\/a>\n\t\t\t\t<\/div>\n\t\t\t\t\t\t\t\t<\/div>\n\t\t\t\t<\/div>\n\t\t\t\t<div class=\"elementor-element elementor-element-02e0b06 elementor-widget__width-initial elementor-widget elementor-widget-button\" data-id=\"02e0b06\" data-element_type=\"widget\" data-e-type=\"widget\" data-widget_type=\"button.default\">\n\t\t\t\t<div class=\"elementor-widget-container\">\n\t\t\t\t\t\t\t\t\t<div class=\"elementor-button-wrapper\">\n\t\t\t\t\t<a class=\"elementor-button elementor-button-link elementor-size-sm\" href=\"https:\/\/luxma.be\/wp-content\/uploads\/2024\/10\/CATALOOG-PROVA-LUXMA-FR-1.pdf\" target=\"_blank\">\n\t\t\t\t\t\t<span class=\"elementor-button-content-wrapper\">\n\t\t\t\t\t\t\t\t\t<span class=\"elementor-button-text\">Brochure FR<\/span>\n\t\t\t\t\t<\/span>\n\t\t\t\t\t<\/a>\n\t\t\t\t<\/div>\n\t\t\t\t\t\t\t\t<\/div>\n\t\t\t\t<\/div>\n\t\t\t\t<\/div>\n\t\t\t\t<div class=\"elementor-element elementor-element-55aa9ec elementor-widget elementor-widget-image\" data-id=\"55aa9ec\" data-element_type=\"widget\" data-e-type=\"widget\" data-widget_type=\"image.default\">\n\t\t\t\t<div class=\"elementor-widget-container\">\n\t\t\t\t\t\t\t\t\t\t\t\t\t\t\t<img loading=\"lazy\" decoding=\"async\" width=\"831\" height=\"1200\" src=\"https:\/\/luxma.be\/wp-content\/uploads\/2024\/10\/an1.jpg\" class=\"attachment-full size-full wp-image-17626\" alt=\"\" srcset=\"https:\/\/luxma.be\/wp-content\/uploads\/2024\/10\/an1.jpg 831w, https:\/\/luxma.be\/wp-content\/uploads\/2024\/10\/an1-208x300.jpg 208w, https:\/\/luxma.be\/wp-content\/uploads\/2024\/10\/an1-709x1024.jpg 709w, https:\/\/luxma.be\/wp-content\/uploads\/2024\/10\/an1-768x1109.jpg 768w, https:\/\/luxma.be\/wp-content\/uploads\/2024\/10\/an1-8x12.jpg 8w, https:\/\/luxma.be\/wp-content\/uploads\/2024\/10\/an1-600x866.jpg 600w\" sizes=\"(max-width: 831px) 100vw, 831px\" \/>\t\t\t\t\t\t\t\t\t\t\t\t\t\t\t<\/div>\n\t\t\t\t<\/div>\n\t\t\t\t<\/div>\n\t\t<div class=\"elementor-element elementor-element-715e8c4 e-con-full e-flex e-con e-child\" data-id=\"715e8c4\" data-element_type=\"container\" data-e-type=\"container\">\n\t\t<div class=\"elementor-element elementor-element-9ef70c9 e-con-full e-flex e-con e-child\" data-id=\"9ef70c9\" data-element_type=\"container\" data-e-type=\"container\">\n\t\t\t\t<div class=\"elementor-element elementor-element-fa54349 elementor-widget elementor-widget-button\" data-id=\"fa54349\" data-element_type=\"widget\" data-e-type=\"widget\" data-widget_type=\"button.default\">\n\t\t\t\t<div class=\"elementor-widget-container\">\n\t\t\t\t\t\t\t\t\t<div class=\"elementor-button-wrapper\">\n\t\t\t\t\t<a class=\"elementor-button elementor-button-link elementor-size-sm\" href=\"https:\/\/luxma.be\/fr\/producten\/?_categorie=prova-basic-alu\">\n\t\t\t\t\t\t<span class=\"elementor-button-content-wrapper\">\n\t\t\t\t\t\t\t\t\t<span class=\"elementor-button-text\">PROVA BASIC ALU<\/span>\n\t\t\t\t\t<\/span>\n\t\t\t\t\t<\/a>\n\t\t\t\t<\/div>\n\t\t\t\t\t\t\t\t<\/div>\n\t\t\t\t<\/div>\n\t\t\t\t<\/div>\n\t\t\t\t<div class=\"elementor-element elementor-element-656757d elementor-widget elementor-widget-image\" data-id=\"656757d\" data-element_type=\"widget\" data-e-type=\"widget\" data-widget_type=\"image.default\">\n\t\t\t\t<div class=\"elementor-widget-container\">\n\t\t\t\t\t\t\t\t\t\t\t\t\t\t\t<img loading=\"lazy\" decoding=\"async\" width=\"689\" height=\"508\" src=\"https:\/\/luxma.be\/wp-content\/uploads\/2024\/10\/p1-1.jpg\" class=\"attachment-full size-full wp-image-17747\" alt=\"\" srcset=\"https:\/\/luxma.be\/wp-content\/uploads\/2024\/10\/p1-1.jpg 689w, https:\/\/luxma.be\/wp-content\/uploads\/2024\/10\/p1-1-300x221.jpg 300w, https:\/\/luxma.be\/wp-content\/uploads\/2024\/10\/p1-1-16x12.jpg 16w, https:\/\/luxma.be\/wp-content\/uploads\/2024\/10\/p1-1-600x442.jpg 600w\" sizes=\"(max-width: 689px) 100vw, 689px\" \/>\t\t\t\t\t\t\t\t\t\t\t\t\t\t\t<\/div>\n\t\t\t\t<\/div>\n\t\t\t\t<\/div>\n\t\t\t\t\t<\/div>\n\t\t\t\t<\/div>\n\t\t\t\t<\/div>","protected":false},"excerpt":{"rendered":"<p>Het PROVA-balustradesysteem heeft een minimalistisch en eenvoudig ontwerp waardoor het gemakkelijk is om het trapleuning-systeem te integreren in de bestaande stijl van uw huis. Speciaal ontworpen componenten maken Prova tot een flexibele oplossing met veel montagemogelijkheden. Prova bestaat uit een beperkt aantal componenten en is zeer eenvoudig te monteren. De uitgebreide verstelbaarheid van het systeem [&hellip;]<\/p>\n","protected":false},"author":1,"featured_media":0,"parent":0,"menu_order":0,"comment_status":"closed","ping_status":"closed","template":"elementor_header_footer","meta":{"_acf_changed":false,"footnotes":""},"class_list":["post-7418","page","type-page","status-publish","hentry"],"acf":[],"_links":{"self":[{"href":"https:\/\/luxma.be\/fr\/wp-json\/wp\/v2\/pages\/7418","targetHints":{"allow":["GET"]}}],"collection":[{"href":"https:\/\/luxma.be\/fr\/wp-json\/wp\/v2\/pages"}],"about":[{"href":"https:\/\/luxma.be\/fr\/wp-json\/wp\/v2\/types\/page"}],"author":[{"embeddable":true,"href":"https:\/\/luxma.be\/fr\/wp-json\/wp\/v2\/users\/1"}],"replies":[{"embeddable":true,"href":"https:\/\/luxma.be\/fr\/wp-json\/wp\/v2\/comments?post=7418"}],"version-history":[{"count":27,"href":"https:\/\/luxma.be\/fr\/wp-json\/wp\/v2\/pages\/7418\/revisions"}],"predecessor-version":[{"id":18542,"href":"https:\/\/luxma.be\/fr\/wp-json\/wp\/v2\/pages\/7418\/revisions\/18542"}],"wp:attachment":[{"href":"https:\/\/luxma.be\/fr\/wp-json\/wp\/v2\/media?parent=7418"}],"curies":[{"name":"wp","href":"https:\/\/api.w.org\/{rel}","templated":true}]}}