{"id":5814,"date":"2020-06-29T17:25:40","date_gmt":"2020-06-29T15:25:40","guid":{"rendered":"https:\/\/luxma.be\/?page_id=5814"},"modified":"2024-02-12T14:19:34","modified_gmt":"2024-02-12T13:19:34","slug":"wij-zijn-een-inclusieve-onderneming","status":"publish","type":"page","link":"https:\/\/luxma.be\/fr\/wij-zijn-een-inclusieve-onderneming\/","title":{"rendered":"Nous sommes une entreprise inclusive"},"content":{"rendered":"<p class=\"has-text-align-left\">Nous sommes extr\u00eamement fiers d\u2019avoir \u00e9t\u00e9 reconnus comme \u00ab Entreprise Inclusive \u00bb. Cela signifie que nous pouvons offrir aux gens une v\u00e9ritable exp\u00e9rience de travail et ainsi contribuer \u00e0 leur d\u00e9veloppement ult\u00e9rieur.<\/p>\n\n\n\n<figure class=\"wp-block-image size-large\"><img fetchpriority=\"high\" decoding=\"async\" width=\"597\" height=\"844\" src=\"https:\/\/luxma.be\/wp-content\/uploads\/2020\/06\/luxma-IO.jpg\" alt=\"\" class=\"wp-image-5807\" srcset=\"https:\/\/luxma.be\/wp-content\/uploads\/2020\/06\/luxma-IO.jpg 597w, https:\/\/luxma.be\/wp-content\/uploads\/2020\/06\/luxma-IO-212x300.jpg 212w\" sizes=\"(max-width: 597px) 100vw, 597px\" \/><\/figure>\n\n\n\n<p><\/p>","protected":false},"excerpt":{"rendered":"<p>Nous sommes extr\u00eamement fiers d\u2019avoir \u00e9t\u00e9 reconnus comme \u00ab Entreprise Inclusive \u00bb. Cela signifie que nous pouvons offrir aux gens une v\u00e9ritable exp\u00e9rience de travail et ainsi contribuer \u00e0 leur d\u00e9veloppement ult\u00e9rieur.<\/p>","protected":false},"author":1,"featured_media":0,"parent":0,"menu_order":0,"comment_status":"closed","ping_status":"closed","template":"","meta":{"_acf_changed":false,"footnotes":""},"class_list":["post-5814","page","type-page","status-publish","hentry"],"acf":[],"_links":{"self":[{"href":"https:\/\/luxma.be\/fr\/wp-json\/wp\/v2\/pages\/5814","targetHints":{"allow":["GET"]}}],"collection":[{"href":"https:\/\/luxma.be\/fr\/wp-json\/wp\/v2\/pages"}],"about":[{"href":"https:\/\/luxma.be\/fr\/wp-json\/wp\/v2\/types\/page"}],"author":[{"embeddable":true,"href":"https:\/\/luxma.be\/fr\/wp-json\/wp\/v2\/users\/1"}],"replies":[{"embeddable":true,"href":"https:\/\/luxma.be\/fr\/wp-json\/wp\/v2\/comments?post=5814"}],"version-history":[{"count":1,"href":"https:\/\/luxma.be\/fr\/wp-json\/wp\/v2\/pages\/5814\/revisions"}],"predecessor-version":[{"id":16708,"href":"https:\/\/luxma.be\/fr\/wp-json\/wp\/v2\/pages\/5814\/revisions\/16708"}],"wp:attachment":[{"href":"https:\/\/luxma.be\/fr\/wp-json\/wp\/v2\/media?parent=5814"}],"curies":[{"name":"wp","href":"https:\/\/api.w.org\/{rel}","templated":true}]}}