{"id":3968,"date":"2020-05-27T14:08:53","date_gmt":"2020-05-27T12:08:53","guid":{"rendered":"https:\/\/luxma.be\/?page_id=3968"},"modified":"2020-06-02T16:04:17","modified_gmt":"2020-06-02T14:04:17","slug":"kwaliteit","status":"publish","type":"page","link":"https:\/\/luxma.be\/fr\/kwaliteit\/","title":{"rendered":"Qualit\u00e9"},"content":{"rendered":"<div data-elementor-type=\"wp-page\" data-elementor-id=\"3968\" class=\"elementor elementor-3968\" data-elementor-post-type=\"page\">\n\t\t\t\t\t\t<section class=\"elementor-section elementor-top-section elementor-element elementor-element-47077e95 elementor-section-boxed elementor-section-height-default elementor-section-height-default\" data-id=\"47077e95\" data-element_type=\"section\" data-e-type=\"section\">\n\t\t\t\t\t\t<div class=\"elementor-container elementor-column-gap-default\">\n\t\t\t\t\t<div class=\"elementor-column elementor-col-100 elementor-top-column elementor-element elementor-element-3e8f3771\" data-id=\"3e8f3771\" data-element_type=\"column\" data-e-type=\"column\">\n\t\t\t<div class=\"elementor-widget-wrap elementor-element-populated\">\n\t\t\t\t\t\t<div class=\"elementor-element elementor-element-72c80a89 elementor-widget elementor-widget-text-editor\" data-id=\"72c80a89\" data-element_type=\"widget\" data-e-type=\"widget\" data-widget_type=\"text-editor.default\">\n\t\t\t\t<div class=\"elementor-widget-container\">\n\t\t\t\t\t\t\t\t\t<p><\/p>\n<div class=\"wp-block-image\">\n<figure class=\"alignleft size-large is-resized\"><img fetchpriority=\"high\" decoding=\"async\" class=\"wp-image-3876\" src=\"https:\/\/luxma.be\/wp-content\/uploads\/2020\/05\/1-3-1024x614.png\" alt=\"\" width=\"1024\" height=\"614\" srcset=\"https:\/\/luxma.be\/wp-content\/uploads\/2020\/05\/1-3-1024x614.png 1024w, https:\/\/luxma.be\/wp-content\/uploads\/2020\/05\/1-3-600x360.png 600w, https:\/\/luxma.be\/wp-content\/uploads\/2020\/05\/1-3-300x180.png 300w, https:\/\/luxma.be\/wp-content\/uploads\/2020\/05\/1-3-768x461.png 768w, https:\/\/luxma.be\/wp-content\/uploads\/2020\/05\/1-3-1536x922.png 1536w, https:\/\/luxma.be\/wp-content\/uploads\/2020\/05\/1-3.png 1890w\" sizes=\"(max-width: 1024px) 100vw, 1024px\" \/><\/figure>\n<figure class=\"alignleft size-large is-resized\"><span style=\"font-size: 1rem\">Lorsque vous achetez une authentique poign\u00e9e ORO &amp; ORO, vous achetez un produit unique, d\u00e9velopp\u00e9 et fabriqu\u00e9 selon des normes italiennes strictes<\/span><\/figure>\n<\/div>\n<p><\/p>\n<p>Apr\u00e8s tout, notre \u00e9quipe qualit\u00e9 suit des normes de qualit\u00e9 strictes.<\/p>\n<p><\/p>\n<p>Notre \u00e9quipe d&#039;inspection suit les normes europ\u00e9ennes et italiennes.<\/p>\n<p><\/p>\n<p>Un soin particulier est apport\u00e9 \u00e0 l&#039;inspection de chaque \u00e9tape du processus de production, de l&#039;achat des mati\u00e8res premi\u00e8res \u00e0 l&#039;emballage final<\/p>\n<p><\/p>\n<p>Nous offrons donc une garantie de 5 ans contre les d\u00e9fauts de fabrication :<\/p>\n<p><\/p>\n<ul class=\"wp-block-list\">\n<li>M\u00e9canisme d&#039;ouverture et de fermeture<\/li>\n<\/ul>\n<p><\/p>\n<p>Nous garantissons le m\u00e9canisme d&#039;ouverture\/fermeture de nos poign\u00e9es pour au moins 200 000 mouvements d&#039;ouverture et de fermeture<\/p>\n<p><\/p>\n<ul class=\"wp-block-list\">\n<li>Surface<\/li>\n<\/ul>\n<p><\/p>\n<p>Nous garantissons que le traitement de surface restera intact pendant au moins 5 ans *<\/p>\n<p><\/p>\n<h6><em>Remarque : Afin de conserver les caract\u00e9ristiques d&#039;origine du produit, il est fortement recommand\u00e9 de ne pas utiliser de d\u00e9tergents abrasifs pour le nettoyage, utilisez simplement un chiffon doux et sec.<\/em><\/h6>\n<p><\/p>\t\t\t\t\t\t\t\t<\/div>\n\t\t\t\t<\/div>\n\t\t\t\t\t<\/div>\n\t\t<\/div>\n\t\t\t\t\t<\/div>\n\t\t<\/section>\n\t\t\t\t<\/div>","protected":false},"excerpt":{"rendered":"<p>Ons kwaliteitsteam volgt immers strikte kwaliteitsnormen. Ons Inspectieteam volgt de Europese en Italiaanse standaarden. Speciale zorg wordt besteed aan het inspecteren van elke stap in het productieproces van bij de aankoop van de grondstoffen tot en met de uiteindelijke verpakking Wij geven daarom een garantie van 5 jaar tegen fabricage fouten: Open en sluit mechaniek [&hellip;]<\/p>\n","protected":false},"author":1,"featured_media":0,"parent":0,"menu_order":0,"comment_status":"closed","ping_status":"closed","template":"elementor_header_footer","meta":{"_acf_changed":false,"footnotes":""},"class_list":["post-3968","page","type-page","status-publish","hentry"],"acf":[],"_links":{"self":[{"href":"https:\/\/luxma.be\/fr\/wp-json\/wp\/v2\/pages\/3968","targetHints":{"allow":["GET"]}}],"collection":[{"href":"https:\/\/luxma.be\/fr\/wp-json\/wp\/v2\/pages"}],"about":[{"href":"https:\/\/luxma.be\/fr\/wp-json\/wp\/v2\/types\/page"}],"author":[{"embeddable":true,"href":"https:\/\/luxma.be\/fr\/wp-json\/wp\/v2\/users\/1"}],"replies":[{"embeddable":true,"href":"https:\/\/luxma.be\/fr\/wp-json\/wp\/v2\/comments?post=3968"}],"version-history":[{"count":0,"href":"https:\/\/luxma.be\/fr\/wp-json\/wp\/v2\/pages\/3968\/revisions"}],"wp:attachment":[{"href":"https:\/\/luxma.be\/fr\/wp-json\/wp\/v2\/media?parent=3968"}],"curies":[{"name":"wp","href":"https:\/\/api.w.org\/{rel}","templated":true}]}}