{"id":17378,"date":"2024-09-20T15:39:35","date_gmt":"2024-09-20T13:39:35","guid":{"rendered":"https:\/\/luxma.be\/?page_id=17378"},"modified":"2025-12-04T13:13:29","modified_gmt":"2025-12-04T12:13:29","slug":"disclaimer","status":"publish","type":"page","link":"https:\/\/luxma.be\/fr\/disclaimer\/","title":{"rendered":"Disclaimer"},"content":{"rendered":"<div data-elementor-type=\"wp-page\" data-elementor-id=\"17378\" class=\"elementor elementor-17378\" data-elementor-post-type=\"page\">\n\t\t\t\t<div class=\"elementor-element elementor-element-d857dc9 e-flex e-con-boxed e-con e-parent\" data-id=\"d857dc9\" data-element_type=\"container\" data-e-type=\"container\">\n\t\t\t\t\t<div class=\"e-con-inner\">\n\t\t\t\t<div class=\"elementor-element elementor-element-854a359 elementor-widget elementor-widget-heading\" data-id=\"854a359\" data-element_type=\"widget\" data-e-type=\"widget\" data-widget_type=\"heading.default\">\n\t\t\t\t<div class=\"elementor-widget-container\">\n\t\t\t\t\t<h1 class=\"elementor-heading-title elementor-size-default\">Disclaimer<\/h1>\t\t\t\t<\/div>\n\t\t\t\t<\/div>\n\t\t\t\t<div class=\"elementor-element elementor-element-6872d96 elementor-widget elementor-widget-heading\" data-id=\"6872d96\" data-element_type=\"widget\" data-e-type=\"widget\" data-widget_type=\"heading.default\">\n\t\t\t\t<div class=\"elementor-widget-container\">\n\t\t\t\t\t<h2 class=\"elementor-heading-title elementor-size-default\">PRODUITS SUR MESURE<\/h2>\t\t\t\t<\/div>\n\t\t\t\t<\/div>\n\t\t\t\t<div class=\"elementor-element elementor-element-c9b9445 elementor-widget elementor-widget-text-editor\" data-id=\"c9b9445\" data-element_type=\"widget\" data-e-type=\"widget\" data-widget_type=\"text-editor.default\">\n\t\t\t\t<div class=\"elementor-widget-container\">\n\t\t\t\t\t\t\t\t\t<p>En achetant des produits sur mesure, vous reconnaissez, apr\u00e8s confirmation de la commande, que le produit ne peut pas \u00eatre retourn\u00e9 ou annul\u00e9. Vous confirmez \u00e9galement que les mesures fournies sont exactes et ne peuvent pas \u00eatre modifi\u00e9es apr\u00e8s la confirmation de l\u2019achat. Les m\u00eames conditions s\u2019appliquent aux achats suppl\u00e9mentaires de produits sur mesure.<\/p>\t\t\t\t\t\t\t\t<\/div>\n\t\t\t\t<\/div>\n\t\t\t\t\t<\/div>\n\t\t\t\t<\/div>\n\t\t\t\t<\/div>","protected":false},"excerpt":{"rendered":"<p>Disclaimer Maatwerkproducten Bij de aankoop van producten op speciale maat erkent u, na bevestiging van de bestelling, dat het product niet kan worden geretourneerd of geannuleerd. U bevestigt ook dat de opgegeven afmetingen correct zijn en na de bevestiging van de aankoop niet meer kunnen worden gewijzigd. Dezelfde voorwaarden gelden voor aanvullende aankopen van maatwerkproducten.<\/p>","protected":false},"author":1,"featured_media":0,"parent":0,"menu_order":0,"comment_status":"closed","ping_status":"closed","template":"elementor_header_footer","meta":{"_acf_changed":false,"footnotes":""},"class_list":["post-17378","page","type-page","status-publish","hentry"],"acf":[],"_links":{"self":[{"href":"https:\/\/luxma.be\/fr\/wp-json\/wp\/v2\/pages\/17378","targetHints":{"allow":["GET"]}}],"collection":[{"href":"https:\/\/luxma.be\/fr\/wp-json\/wp\/v2\/pages"}],"about":[{"href":"https:\/\/luxma.be\/fr\/wp-json\/wp\/v2\/types\/page"}],"author":[{"embeddable":true,"href":"https:\/\/luxma.be\/fr\/wp-json\/wp\/v2\/users\/1"}],"replies":[{"embeddable":true,"href":"https:\/\/luxma.be\/fr\/wp-json\/wp\/v2\/comments?post=17378"}],"version-history":[{"count":7,"href":"https:\/\/luxma.be\/fr\/wp-json\/wp\/v2\/pages\/17378\/revisions"}],"predecessor-version":[{"id":18503,"href":"https:\/\/luxma.be\/fr\/wp-json\/wp\/v2\/pages\/17378\/revisions\/18503"}],"wp:attachment":[{"href":"https:\/\/luxma.be\/fr\/wp-json\/wp\/v2\/media?parent=17378"}],"curies":[{"name":"wp","href":"https:\/\/api.w.org\/{rel}","templated":true}]}}