{"id":11,"date":"2019-10-25T12:01:48","date_gmt":"2019-10-25T10:01:48","guid":{"rendered":"http:\/\/luxma.local\/?page_id=11"},"modified":"2020-06-29T17:26:02","modified_gmt":"2020-06-29T15:26:02","slug":"over-ons","status":"publish","type":"page","link":"https:\/\/luxma.be\/fr\/over-ons\/","title":{"rendered":"\u00c0 propos de nous"},"content":{"rendered":"<div data-elementor-type=\"wp-page\" data-elementor-id=\"11\" class=\"elementor elementor-11\" data-elementor-post-type=\"page\">\n\t\t\t\t\t\t<section class=\"elementor-section elementor-top-section elementor-element elementor-element-e3e44be elementor-section-boxed elementor-section-height-default elementor-section-height-default\" data-id=\"e3e44be\" data-element_type=\"section\" data-e-type=\"section\">\n\t\t\t\t\t\t<div class=\"elementor-container elementor-column-gap-default\">\n\t\t\t\t\t<div class=\"elementor-column elementor-col-100 elementor-top-column elementor-element elementor-element-8c5a98c\" data-id=\"8c5a98c\" data-element_type=\"column\" data-e-type=\"column\">\n\t\t\t<div class=\"elementor-widget-wrap elementor-element-populated\">\n\t\t\t\t\t\t<div class=\"elementor-element elementor-element-0ea2f0c elementor-widget elementor-widget-image\" data-id=\"0ea2f0c\" data-element_type=\"widget\" data-e-type=\"widget\" data-widget_type=\"image.default\">\n\t\t\t\t<div class=\"elementor-widget-container\">\n\t\t\t\t\t\t\t\t\t\t\t\t\t\t\t\t<a href=\"https:\/\/luxma.be\/fr\/wij-zijn-een-inclusieve-onderneming\/\">\n\t\t\t\t\t\t\t<img fetchpriority=\"high\" decoding=\"async\" width=\"775\" height=\"156\" src=\"https:\/\/luxma.be\/wp-content\/uploads\/2020\/06\/Luxma-Inclusieve-onderneming-small.pdf.gif\" class=\"attachment-large size-large wp-image-5795\" alt=\"\" \/>\t\t\t\t\t\t\t\t<\/a>\n\t\t\t\t\t\t\t\t\t\t\t\t\t\t\t<\/div>\n\t\t\t\t<\/div>\n\t\t\t\t\t<\/div>\n\t\t<\/div>\n\t\t\t\t\t<\/div>\n\t\t<\/section>\n\t\t\t\t<section class=\"elementor-section elementor-top-section elementor-element elementor-element-cc1cbcf elementor-section-boxed elementor-section-height-default elementor-section-height-default\" data-id=\"cc1cbcf\" data-element_type=\"section\" data-e-type=\"section\">\n\t\t\t\t\t\t<div class=\"elementor-container elementor-column-gap-default\">\n\t\t\t\t\t<div class=\"elementor-column elementor-col-50 elementor-top-column elementor-element elementor-element-8699cea\" data-id=\"8699cea\" data-element_type=\"column\" data-e-type=\"column\">\n\t\t\t<div class=\"elementor-widget-wrap elementor-element-populated\">\n\t\t\t\t\t\t<div class=\"elementor-element elementor-element-7bdbb64 elementor-widget elementor-widget-image\" data-id=\"7bdbb64\" data-element_type=\"widget\" data-e-type=\"widget\" data-widget_type=\"image.default\">\n\t\t\t\t<div class=\"elementor-widget-container\">\n\t\t\t\t\t\t\t\t\t\t\t\t\t\t\t<img decoding=\"async\" width=\"2560\" height=\"1810\" src=\"https:\/\/luxma.be\/wp-content\/uploads\/2020\/05\/Luxma-overzicht-scaled.jpg\" class=\"attachment-full size-full wp-image-4044\" alt=\"\" srcset=\"https:\/\/luxma.be\/wp-content\/uploads\/2020\/05\/Luxma-overzicht-scaled.jpg 2560w, https:\/\/luxma.be\/wp-content\/uploads\/2020\/05\/Luxma-overzicht-scaled-600x424.jpg 600w, https:\/\/luxma.be\/wp-content\/uploads\/2020\/05\/Luxma-overzicht-scaled-300x212.jpg 300w, https:\/\/luxma.be\/wp-content\/uploads\/2020\/05\/Luxma-overzicht-1024x724.jpg 1024w, https:\/\/luxma.be\/wp-content\/uploads\/2020\/05\/Luxma-overzicht-768x543.jpg 768w, https:\/\/luxma.be\/wp-content\/uploads\/2020\/05\/Luxma-overzicht-1536x1086.jpg 1536w, https:\/\/luxma.be\/wp-content\/uploads\/2020\/05\/Luxma-overzicht-2048x1448.jpg 2048w\" sizes=\"(max-width: 2560px) 100vw, 2560px\" \/>\t\t\t\t\t\t\t\t\t\t\t\t\t\t\t<\/div>\n\t\t\t\t<\/div>\n\t\t\t\t\t<\/div>\n\t\t<\/div>\n\t\t\t\t<div class=\"elementor-column elementor-col-50 elementor-top-column elementor-element elementor-element-6712565\" data-id=\"6712565\" data-element_type=\"column\" data-e-type=\"column\">\n\t\t\t<div class=\"elementor-widget-wrap elementor-element-populated\">\n\t\t\t\t\t\t<div class=\"elementor-element elementor-element-64d191f elementor-widget elementor-widget-heading\" data-id=\"64d191f\" data-element_type=\"widget\" data-e-type=\"widget\" data-widget_type=\"heading.default\">\n\t\t\t\t<div class=\"elementor-widget-container\">\n\t\t\t\t\t<h3 class=\"elementor-heading-title elementor-size-default\">Soci\u00e9t\u00e9<\/h3>\t\t\t\t<\/div>\n\t\t\t\t<\/div>\n\t\t\t\t<div class=\"elementor-element elementor-element-3652684 elementor-widget-divider--view-line elementor-widget elementor-widget-divider\" data-id=\"3652684\" data-element_type=\"widget\" data-e-type=\"widget\" data-widget_type=\"divider.default\">\n\t\t\t\t<div class=\"elementor-widget-container\">\n\t\t\t\t\t\t\t<div class=\"elementor-divider\">\n\t\t\t<span class=\"elementor-divider-separator\">\n\t\t\t\t\t\t<\/span>\n\t\t<\/div>\n\t\t\t\t\t\t<\/div>\n\t\t\t\t<\/div>\n\t\t\t\t<div class=\"elementor-element elementor-element-b4abe92 elementor-widget elementor-widget-text-editor\" data-id=\"b4abe92\" data-element_type=\"widget\" data-e-type=\"widget\" data-widget_type=\"text-editor.default\">\n\t\t\t\t<div class=\"elementor-widget-container\">\n\t\t\t\t\t\t\t\t\t<p>LUXMA est une r\u00e9f\u00e9rence dans le domaine du bricolage, du commerce du bois et du sp\u00e9cialiste des portes depuis plus de 30 ans. En tant que distributeur de ferrures et poign\u00e9es de porte, LUXMA suit de pr\u00e8s les tendances : en plus d&#039;une gamme classique de ferrures de porte en cuivre, bronze, nickel et acier inoxydable, nous proposons \u00e9galement une gamme exclusive de poign\u00e9es de porte design.<\/p><p>Dans notre d\u00e9partement du bois, vous trouverez une vaste gamme de portes ext\u00e9rieures, d&#039;armoires \u00e0 rideaux, de cadres de portes, de poutres int\u00e9rieures et bien plus encore.<\/p><p>Nous poss\u00e9dons \u00e9galement notre propre d\u00e9partement d&#039;impression de compteurs et crayons avec votre propre logo, ceci comme cadeau d&#039;entreprise ou de fin d&#039;ann\u00e9e id\u00e9al.<\/p><p>Nous gardons tous nos articles en stock pour que vous puissiez ex\u00e9cuter vos commandes rapidement et efficacement.<\/p><p>Une \u00e9quipe enthousiaste d&#039;employ\u00e9s internes et externes est toujours pr\u00eate \u00e0 vous fournir des conseils d&#039;experts.<\/p><p>LUXMA OUVRE LES PORTES !<\/p>\t\t\t\t\t\t\t\t<\/div>\n\t\t\t\t<\/div>\n\t\t\t\t\t<\/div>\n\t\t<\/div>\n\t\t\t\t\t<\/div>\n\t\t<\/section>\n\t\t\t\t<\/div>","protected":false},"excerpt":{"rendered":"<p>Onderneming LUXMA is reeds meer dan 30 jaar een begrip in de DHZ sector, de houthandel en de deurenspeciaalzaak. Als verdeler van deurbeslag en deurkrukken volgt LUXMA de trends op de voet : naast een klassiek gamma deurbeslag in koper, brons, nikkel en roestvrij staal, bieden wij bovendien een exclusief aanbod design deurkrukken. In onze [&hellip;]<\/p>\n","protected":false},"author":1,"featured_media":0,"parent":0,"menu_order":2,"comment_status":"closed","ping_status":"closed","template":"elementor_header_footer","meta":{"_acf_changed":false,"footnotes":""},"class_list":["post-11","page","type-page","status-publish","hentry"],"acf":[],"_links":{"self":[{"href":"https:\/\/luxma.be\/fr\/wp-json\/wp\/v2\/pages\/11","targetHints":{"allow":["GET"]}}],"collection":[{"href":"https:\/\/luxma.be\/fr\/wp-json\/wp\/v2\/pages"}],"about":[{"href":"https:\/\/luxma.be\/fr\/wp-json\/wp\/v2\/types\/page"}],"author":[{"embeddable":true,"href":"https:\/\/luxma.be\/fr\/wp-json\/wp\/v2\/users\/1"}],"replies":[{"embeddable":true,"href":"https:\/\/luxma.be\/fr\/wp-json\/wp\/v2\/comments?post=11"}],"version-history":[{"count":0,"href":"https:\/\/luxma.be\/fr\/wp-json\/wp\/v2\/pages\/11\/revisions"}],"wp:attachment":[{"href":"https:\/\/luxma.be\/fr\/wp-json\/wp\/v2\/media?parent=11"}],"curies":[{"name":"wp","href":"https:\/\/api.w.org\/{rel}","templated":true}]}}