{"id":6240,"date":"2020-07-16T17:48:00","date_gmt":"2020-07-16T15:48:00","guid":{"rendered":"https:\/\/luxma.be\/?post_type=product&#038;p=6240"},"modified":"2026-03-23T14:31:08","modified_gmt":"2026-03-23T13:31:08","slug":"dolle-loft-cf56s","status":"publish","type":"product","link":"https:\/\/luxma.be\/en\/producten\/dolle-loft-cf56s\/","title":{"rendered":"Dolle Loft clickFIX\u00ae56S"},"content":{"rendered":"<p>The clickFIX\u00ae 56S is also part of DOLLE&#039;s unique clickFIX\u00ae attic ladder line. Thanks to its low weight and patented mounting technology, clickFIX\u00ae can be easily installed by one person. Very simple, align the 240 mm high casing, screw it on, click the hatch and the ladder section and adjust it to the height of the room, done. This results in a perfectly airtight installation.<\/p>\n<p>EXCELLENTLY INSULATED LADDER<\/p>\n<p>Due to the 50 mm insulation, the sandwich construction of the hatch and the double insulation rubbers, this 3-piece clickFIX\u00ae 56S has a low tested u-value of 0.64W \/m\u00b2K. Highest class 4 airtightness tested by IFT Rosenheim (EN12207).<\/p>\n<p>CPL COATING FOR A VERY LONG LIFE<\/p>\n<p>The 50 mm thick hatch of the DOLLE clickFIX\u00ae 56S keeps the heat efficiently in the living space and is also CPL coated. This particularly robust laminate makes the hatch considerably more wear-resistant, scratch- and impact-resistant than other surfaces. The secret is in the top layer, which consists of melamine resin. It is resistant to light scratches and normal dirt, it is solvent and heat resistant, smudge-proof and easy to clean.<\/p>\n<p>&nbsp;<\/p>","protected":false},"excerpt":{"rendered":"<p>De clickFIX\u00ae 56S maakt eveneens deel uit van de unieke clickFIX \u00ae zolderladderlijn van DOLLE. Dankzij het lage gewicht en de gepatenteerde montagetechniek kan clickFIX\u00ae eenvoudig door \u00e9\u00e9n persoon worden ge\u00efnstalleerd. Heel eenvoudig, de 240 mm hoge omkasting uitlijnen, vastschroeven, luik en het ladder gedeelte klikken en aanpassen aan de hoogte van de ruimte, klaar. [&hellip;]<\/p>\n","protected":false},"featured_media":16944,"template":"","meta":{"_acf_changed":false},"axe":[],"kastbreedte":[6404,6405],"entree":[],"hoek":[],"houtsoort":[],"kleur":[],"kastlengte":[6402,6408,6403],"productlijn":[],"sloten":[],"vl_pl_hoogte_a":[],"product_brand":[],"product_cat":[1745,1744],"product_tag":[6486,6987],"class_list":{"0":"post-6240","1":"product","2":"type-product","3":"status-publish","4":"has-post-thumbnail","6":"kastbreedte-60-cm","7":"kastbreedte-70-cm","8":"kastlengte-120-cm","9":"kastlengte-130-cm","10":"kastlengte-140-cm","11":"product_cat-zoldertrappen","12":"product_cat-trappen","13":"product_tag-dolle","14":"product_tag-hout-en-trappen","15":"pa_beschrijving-dolle-loft-cf56s-120-x-60","16":"pa_beschrijving-dolle-loft-cf56s-120-x-70","17":"pa_beschrijving-dolle-loft-cf56s-130-x-70","18":"pa_beschrijving-dolle-loft-cf56s-140-x-70","19":"pa_beschrijving-dolle-loft-cf56s-extentionkit","21":"first","22":"instock","23":"purchasable","24":"product-type-variable"},"acf":[],"_links":{"self":[{"href":"https:\/\/luxma.be\/en\/wp-json\/wp\/v2\/product\/6240","targetHints":{"allow":["GET"]}}],"collection":[{"href":"https:\/\/luxma.be\/en\/wp-json\/wp\/v2\/product"}],"about":[{"href":"https:\/\/luxma.be\/en\/wp-json\/wp\/v2\/types\/product"}],"wp:featuredmedia":[{"embeddable":true,"href":"https:\/\/luxma.be\/en\/wp-json\/wp\/v2\/media\/16944"}],"wp:attachment":[{"href":"https:\/\/luxma.be\/en\/wp-json\/wp\/v2\/media?parent=6240"}],"wp:term":[{"taxonomy":"axe","embeddable":true,"href":"https:\/\/luxma.be\/en\/wp-json\/wp\/v2\/axe?post=6240"},{"taxonomy":"kastbreedte","embeddable":true,"href":"https:\/\/luxma.be\/en\/wp-json\/wp\/v2\/kastbreedte?post=6240"},{"taxonomy":"entree","embeddable":true,"href":"https:\/\/luxma.be\/en\/wp-json\/wp\/v2\/entree?post=6240"},{"taxonomy":"hoek","embeddable":true,"href":"https:\/\/luxma.be\/en\/wp-json\/wp\/v2\/hoek?post=6240"},{"taxonomy":"houtsoort","embeddable":true,"href":"https:\/\/luxma.be\/en\/wp-json\/wp\/v2\/houtsoort?post=6240"},{"taxonomy":"kleur","embeddable":true,"href":"https:\/\/luxma.be\/en\/wp-json\/wp\/v2\/kleur?post=6240"},{"taxonomy":"kastlengte","embeddable":true,"href":"https:\/\/luxma.be\/en\/wp-json\/wp\/v2\/kastlengte?post=6240"},{"taxonomy":"productlijn","embeddable":true,"href":"https:\/\/luxma.be\/en\/wp-json\/wp\/v2\/productlijn?post=6240"},{"taxonomy":"sloten","embeddable":true,"href":"https:\/\/luxma.be\/en\/wp-json\/wp\/v2\/sloten?post=6240"},{"taxonomy":"vl_pl_hoogte_a","embeddable":true,"href":"https:\/\/luxma.be\/en\/wp-json\/wp\/v2\/vl_pl_hoogte_a?post=6240"},{"taxonomy":"product_brand","embeddable":true,"href":"https:\/\/luxma.be\/en\/wp-json\/wp\/v2\/product_brand?post=6240"},{"taxonomy":"product_cat","embeddable":true,"href":"https:\/\/luxma.be\/en\/wp-json\/wp\/v2\/product_cat?post=6240"},{"taxonomy":"product_tag","embeddable":true,"href":"https:\/\/luxma.be\/en\/wp-json\/wp\/v2\/product_tag?post=6240"}],"curies":[{"name":"wp","href":"https:\/\/api.w.org\/{rel}","templated":true}]}}