{"id":6233,"date":"2020-07-16T17:46:02","date_gmt":"2020-07-16T15:46:02","guid":{"rendered":"https:\/\/luxma.be\/?post_type=product&#038;p=6233"},"modified":"2026-03-31T11:40:26","modified_gmt":"2026-03-31T09:40:26","slug":"dolle-loft-cf76g-3-en-4-delig","status":"publish","type":"product","link":"https:\/\/luxma.be\/en\/producten\/dolle-loft-cf76g-3-en-4-delig\/","title":{"rendered":"Dolle Loft clickFIX\u00ae76  3 en 4-delig Maatwerk"},"content":{"rendered":"<section>\n<section class=\"description\">ClickFIX\u00ae-EASY TO INSTALL<\/section>\n<section class=\"description\">The clickFIX\u00ae 76G is part of DOLLE&#039;s unique clickFIX\u00ae attic ladder line. Thanks to its low weight and patented mounting technology, clickFIX\u00ae can be installed easily<br \/>\none person to install. Very simple, the 240 mm high casing<br \/>\nalign, screw in place, click the hatch and the ladder part and adjust it to the height of the room, done. This results in a perfectly airtight installation.<\/section>\n<section class=\"description\">THE SECOND BEST INSULATED LADDER ON THE MARKET<\/section>\n<section class=\"description\">Due to the 70 mm insulation, the sandwich construction of the hatch and the double insulation rubbers, this 3-piece clickFIX\u00ae 76G has a very low tested u-value of 0.49W \/m\u00b2K.<\/section>\n<section class=\"description\">Only the CF Thermo Comfort does even better. Highest class 4 airtightness tested by IFT Rosenheim (EN12207).<\/section>\n<section class=\"description\">CPL COATING FOR A VERY LONG LIFE<\/section>\n<section class=\"description\">The 76 mm thick hatch of the DOLLE clickFIX\u00ae 76G keeps the heat efficiently in the living space and is also CPL coated. This particularly robust laminate makes the hatch considerably more wear-resistant, scratch- and impact-resistant than other surfaces. The secret is in the top layer, which consists of melamine resin. It is resistant to light scratches and normal dirt. It is solvent and heat resistant, smudge-proof and easy to clean.<\/section>\n<section><\/section>\n<\/section>","protected":false},"excerpt":{"rendered":"<p>ClickFIX\u00ae-EENVOUDIG TE INSTALLEREN De clickFIX\u00ae 76G maakt deel uit van de unieke clickFIX \u00ae zolderladderlijn van DOLLE. Dankzij het lage gewicht en de gepatenteerde montagetechniek kan clickFIX\u00ae eenvoudig door \u00e9\u00e9n persoon worden ge\u00efnstalleerd. Heel eenvoudig, de 240 mm hoge omkasting uitlijnen, vastschroeven, luik en het ladder gedeelte klikken en aanpassen aan de hoogte van de [&hellip;]<\/p>\n","protected":false},"featured_media":10107,"template":"","meta":{"_acf_changed":false},"axe":[],"kastbreedte":[7083],"entree":[],"hoek":[],"houtsoort":[],"kleur":[],"kastlengte":[7084],"productlijn":[],"sloten":[],"vl_pl_hoogte_a":[],"product_brand":[],"product_cat":[1745,1744],"product_tag":[6486,6987],"class_list":{"0":"post-6233","1":"product","2":"type-product","3":"status-publish","4":"has-post-thumbnail","6":"kastbreedte-andere-maat","7":"kastlengte-andere-maat","8":"product_cat-zoldertrappen","9":"product_cat-trappen","10":"product_tag-dolle","11":"product_tag-hout-en-trappen","12":"pa_beschrijving-dolle-loft-cf76g-3-en-4-delig","13":"pa_beschrijving-dolle-loft-cf76g-3-en-4-delig-kasthoogte-24cm-80-cm","14":"pa_beschrijving-dolle-loft-cf76g-3-en-4-delig-extra-trede","15":"pa_beschrijving-dolle-loft-cf76g-3-en-4-delig-standaardhoogte","17":"first","18":"onbackorder","19":"purchasable","20":"product-type-simple"},"acf":[],"_links":{"self":[{"href":"https:\/\/luxma.be\/en\/wp-json\/wp\/v2\/product\/6233","targetHints":{"allow":["GET"]}}],"collection":[{"href":"https:\/\/luxma.be\/en\/wp-json\/wp\/v2\/product"}],"about":[{"href":"https:\/\/luxma.be\/en\/wp-json\/wp\/v2\/types\/product"}],"wp:featuredmedia":[{"embeddable":true,"href":"https:\/\/luxma.be\/en\/wp-json\/wp\/v2\/media\/10107"}],"wp:attachment":[{"href":"https:\/\/luxma.be\/en\/wp-json\/wp\/v2\/media?parent=6233"}],"wp:term":[{"taxonomy":"axe","embeddable":true,"href":"https:\/\/luxma.be\/en\/wp-json\/wp\/v2\/axe?post=6233"},{"taxonomy":"kastbreedte","embeddable":true,"href":"https:\/\/luxma.be\/en\/wp-json\/wp\/v2\/kastbreedte?post=6233"},{"taxonomy":"entree","embeddable":true,"href":"https:\/\/luxma.be\/en\/wp-json\/wp\/v2\/entree?post=6233"},{"taxonomy":"hoek","embeddable":true,"href":"https:\/\/luxma.be\/en\/wp-json\/wp\/v2\/hoek?post=6233"},{"taxonomy":"houtsoort","embeddable":true,"href":"https:\/\/luxma.be\/en\/wp-json\/wp\/v2\/houtsoort?post=6233"},{"taxonomy":"kleur","embeddable":true,"href":"https:\/\/luxma.be\/en\/wp-json\/wp\/v2\/kleur?post=6233"},{"taxonomy":"kastlengte","embeddable":true,"href":"https:\/\/luxma.be\/en\/wp-json\/wp\/v2\/kastlengte?post=6233"},{"taxonomy":"productlijn","embeddable":true,"href":"https:\/\/luxma.be\/en\/wp-json\/wp\/v2\/productlijn?post=6233"},{"taxonomy":"sloten","embeddable":true,"href":"https:\/\/luxma.be\/en\/wp-json\/wp\/v2\/sloten?post=6233"},{"taxonomy":"vl_pl_hoogte_a","embeddable":true,"href":"https:\/\/luxma.be\/en\/wp-json\/wp\/v2\/vl_pl_hoogte_a?post=6233"},{"taxonomy":"product_brand","embeddable":true,"href":"https:\/\/luxma.be\/en\/wp-json\/wp\/v2\/product_brand?post=6233"},{"taxonomy":"product_cat","embeddable":true,"href":"https:\/\/luxma.be\/en\/wp-json\/wp\/v2\/product_cat?post=6233"},{"taxonomy":"product_tag","embeddable":true,"href":"https:\/\/luxma.be\/en\/wp-json\/wp\/v2\/product_tag?post=6233"}],"curies":[{"name":"wp","href":"https:\/\/api.w.org\/{rel}","templated":true}]}}