{"id":12813,"date":"2021-11-23T10:46:23","date_gmt":"2021-11-23T09:46:23","guid":{"rendered":"https:\/\/luxma.be\/?post_type=product&#038;p=12813"},"modified":"2025-01-24T11:54:17","modified_gmt":"2025-01-24T10:54:17","slug":"dolle-loft-clickfixthermo-comfort-maatwerk","status":"publish","type":"product","link":"https:\/\/luxma.be\/en\/producten\/dolle-loft-clickfixthermo-comfort-maatwerk\/","title":{"rendered":"Dolle Loft clickFIX<sup>\u00ae<\/sup>Comfort Customization"},"content":{"rendered":"<p>ClickFIX\u00ae-EASY TO INSTALL<\/p>\n<p>The clic kFIX\u00ae Comfort is part of the unique clickFIX\u00ae attic ladder line from DOLLE. Thanks to its low weight and patented mounting technology, clickFIX\u00ae is easy to install<br \/>\nbe installed by one person. Very simple, align the 240 mm high casing, screw it on, click the hatch and the ladder section and adjust it to the height of the room, done. This results in a perfectly airtight installation.<\/p>\n<p>COMFORTABLE STEPS, TELESCOPIC HANDRAIL AND SPRING MECHANISM<\/p>\n<p>For greater comfort and safety, the steps of the DOLLE clickFIX\u00ae comfort are designed particularly deep. They are 13 cm deep and therefore offer a very safe surface. The telescopic handrail provides a safe grip when going up and down. A second handrail can be ordered as an accessory upon request. The DOLLE clickFIX\u00ae comfort is easy and comfortable to operate. A spring mechanism makes folding and unfolding literally as light as a feather.<\/p>\n<p>ENERGY EFFICIENT<\/p>\n<p>The patented DOLLE clickFIX\u00ae range is optimally insulated and easy to install for the transition from the warm living room to the often cooler attic. It prevents energy loss due to the airtightness achieved by the draft stopper. The all-round double seals and corner seals significantly reduce the risk of condensation and effectively protect against possible mold growth. DOLLE clickFIX\u00ae comfort has a component-tested U-value of 0.49 W\/m\u00b2 \u00b7 K tested by IFT Rosenheim.<\/p>","protected":false},"excerpt":{"rendered":"<p>ClickFIX\u00ae-EENVOUDIG TE INSTALLEREN De clic kFIX\u00ae Comfort maakt deel uit van de unieke clickFIX\u00ae zolderladderlijn van DOLLE. Dankzij het lage gewicht en de gepatenteerde montagetechniek kan clickFIX\u00ae eenvoudig door \u00e9\u00e9n persoon worden ge\u00efnstalleerd. Heel eenvoudig, de 240 mm hoge omkasting uitlijnen, vastschroeven, luik en het ladder gedeelte klikken en aanpassen aan de hoogte van de [&hellip;]<\/p>\n","protected":false},"featured_media":18048,"template":"","meta":{"_acf_changed":false},"axe":[],"kastbreedte":[7083],"entree":[],"hoek":[],"houtsoort":[],"kleur":[],"kastlengte":[7084],"productlijn":[],"sloten":[],"vl_pl_hoogte_a":[],"product_brand":[],"product_cat":[1745,1744],"product_tag":[6486,6987],"class_list":{"0":"post-12813","1":"product","2":"type-product","3":"status-publish","4":"has-post-thumbnail","6":"kastbreedte-andere-maat","7":"kastlengte-andere-maat","8":"product_cat-zoldertrappen","9":"product_cat-trappen","10":"product_tag-dolle","11":"product_tag-hout-en-trappen","13":"first","14":"onbackorder","15":"purchasable","16":"product-type-simple"},"acf":[],"_links":{"self":[{"href":"https:\/\/luxma.be\/en\/wp-json\/wp\/v2\/product\/12813","targetHints":{"allow":["GET"]}}],"collection":[{"href":"https:\/\/luxma.be\/en\/wp-json\/wp\/v2\/product"}],"about":[{"href":"https:\/\/luxma.be\/en\/wp-json\/wp\/v2\/types\/product"}],"wp:featuredmedia":[{"embeddable":true,"href":"https:\/\/luxma.be\/en\/wp-json\/wp\/v2\/media\/18048"}],"wp:attachment":[{"href":"https:\/\/luxma.be\/en\/wp-json\/wp\/v2\/media?parent=12813"}],"wp:term":[{"taxonomy":"axe","embeddable":true,"href":"https:\/\/luxma.be\/en\/wp-json\/wp\/v2\/axe?post=12813"},{"taxonomy":"kastbreedte","embeddable":true,"href":"https:\/\/luxma.be\/en\/wp-json\/wp\/v2\/kastbreedte?post=12813"},{"taxonomy":"entree","embeddable":true,"href":"https:\/\/luxma.be\/en\/wp-json\/wp\/v2\/entree?post=12813"},{"taxonomy":"hoek","embeddable":true,"href":"https:\/\/luxma.be\/en\/wp-json\/wp\/v2\/hoek?post=12813"},{"taxonomy":"houtsoort","embeddable":true,"href":"https:\/\/luxma.be\/en\/wp-json\/wp\/v2\/houtsoort?post=12813"},{"taxonomy":"kleur","embeddable":true,"href":"https:\/\/luxma.be\/en\/wp-json\/wp\/v2\/kleur?post=12813"},{"taxonomy":"kastlengte","embeddable":true,"href":"https:\/\/luxma.be\/en\/wp-json\/wp\/v2\/kastlengte?post=12813"},{"taxonomy":"productlijn","embeddable":true,"href":"https:\/\/luxma.be\/en\/wp-json\/wp\/v2\/productlijn?post=12813"},{"taxonomy":"sloten","embeddable":true,"href":"https:\/\/luxma.be\/en\/wp-json\/wp\/v2\/sloten?post=12813"},{"taxonomy":"vl_pl_hoogte_a","embeddable":true,"href":"https:\/\/luxma.be\/en\/wp-json\/wp\/v2\/vl_pl_hoogte_a?post=12813"},{"taxonomy":"product_brand","embeddable":true,"href":"https:\/\/luxma.be\/en\/wp-json\/wp\/v2\/product_brand?post=12813"},{"taxonomy":"product_cat","embeddable":true,"href":"https:\/\/luxma.be\/en\/wp-json\/wp\/v2\/product_cat?post=12813"},{"taxonomy":"product_tag","embeddable":true,"href":"https:\/\/luxma.be\/en\/wp-json\/wp\/v2\/product_tag?post=12813"}],"curies":[{"name":"wp","href":"https:\/\/api.w.org\/{rel}","templated":true}]}}