{"id":6240,"date":"2020-07-16T17:48:00","date_gmt":"2020-07-16T15:48:00","guid":{"rendered":"https:\/\/luxma.be\/?post_type=product&#038;p=6240"},"modified":"2026-03-23T14:31:08","modified_gmt":"2026-03-23T13:31:08","slug":"dolle-loft-cf56s","status":"publish","type":"product","link":"https:\/\/luxma.be\/de\/producten\/dolle-loft-cf56s\/","title":{"rendered":"Dolle Loft clickFIX\u00ae56S"},"content":{"rendered":"<p>Der clickFIX\u00ae 56S ist auch Teil der einzigartigen clickFIX\u00ae Dachbodenleiter-Linie von DOLLE. Dank seines geringen Gewichts und der patentierten Montagetechnik kann clickFIX\u00ae problemlos von einer Person montiert werden. Ganz einfach, 240 mm hohes Geh\u00e4use ausrichten, verschrauben, Luke und Leiterteil einklicken und an die Raumh\u00f6he anpassen, fertig. Dies f\u00fchrt zu einer absolut luftdichten Installation.<\/p>\n<p>AUSGEZEICHNET ISOLIERTE LEITER<\/p>\n<p>Aufgrund der 50 mm Isolierung, der Sandwichkonstruktion der Luke und der doppelten Isoliergummis weist dieser 3-teilige clickFIX\u00ae 56S einen niedrigen gepr\u00fcften U-Wert von 0,64 W \/m\u00b2K auf. H\u00f6chste Luftdichtheit der Klasse 4, gepr\u00fcft durch IFT Rosenheim (EN12207).<\/p>\n<p>CPL-BESCHICHTUNG F\u00dcR EINE SEHR LANGE LEBENSDAUER<\/p>\n<p>Die 50 mm starke Luke des DOLLE clickFIX\u00ae 56S h\u00e4lt die W\u00e4rme effizient im Wohnraum und ist zudem CPL-beschichtet. Dieses besonders robuste Laminat macht die Luke deutlich verschlei\u00dffester, kratz- und schlagfester als andere Oberfl\u00e4chen. Das Geheimnis liegt in der Deckschicht, die aus Melaminharz besteht. Es ist resistent gegen leichte Kratzer und normale Verschmutzungen, es ist l\u00f6sungsmittel- und hitzebest\u00e4ndig, wischfest und leicht zu reinigen.<\/p>\n<p>&nbsp;<\/p>","protected":false},"excerpt":{"rendered":"<p>De clickFIX\u00ae 56S maakt eveneens deel uit van de unieke clickFIX \u00ae zolderladderlijn van DOLLE. Dankzij het lage gewicht en de gepatenteerde montagetechniek kan clickFIX\u00ae eenvoudig door \u00e9\u00e9n persoon worden ge\u00efnstalleerd. Heel eenvoudig, de 240 mm hoge omkasting uitlijnen, vastschroeven, luik en het ladder gedeelte klikken en aanpassen aan de hoogte van de ruimte, klaar. [&hellip;]<\/p>\n","protected":false},"featured_media":16944,"template":"","meta":{"_acf_changed":false},"axe":[],"kastbreedte":[6404,6405],"entree":[],"hoek":[],"houtsoort":[],"kleur":[],"kastlengte":[6402,6408,6403],"productlijn":[],"sloten":[],"vl_pl_hoogte_a":[],"product_brand":[],"product_cat":[1745,1744],"product_tag":[6486,6987],"class_list":{"0":"post-6240","1":"product","2":"type-product","3":"status-publish","4":"has-post-thumbnail","6":"kastbreedte-60-cm","7":"kastbreedte-70-cm","8":"kastlengte-120-cm","9":"kastlengte-130-cm","10":"kastlengte-140-cm","11":"product_cat-zoldertrappen","12":"product_cat-trappen","13":"product_tag-dolle","14":"product_tag-hout-en-trappen","15":"pa_beschrijving-dolle-loft-cf56s-120-x-60","16":"pa_beschrijving-dolle-loft-cf56s-120-x-70","17":"pa_beschrijving-dolle-loft-cf56s-130-x-70","18":"pa_beschrijving-dolle-loft-cf56s-140-x-70","19":"pa_beschrijving-dolle-loft-cf56s-extentionkit","21":"first","22":"instock","23":"purchasable","24":"product-type-variable"},"acf":[],"_links":{"self":[{"href":"https:\/\/luxma.be\/de\/wp-json\/wp\/v2\/product\/6240","targetHints":{"allow":["GET"]}}],"collection":[{"href":"https:\/\/luxma.be\/de\/wp-json\/wp\/v2\/product"}],"about":[{"href":"https:\/\/luxma.be\/de\/wp-json\/wp\/v2\/types\/product"}],"wp:featuredmedia":[{"embeddable":true,"href":"https:\/\/luxma.be\/de\/wp-json\/wp\/v2\/media\/16944"}],"wp:attachment":[{"href":"https:\/\/luxma.be\/de\/wp-json\/wp\/v2\/media?parent=6240"}],"wp:term":[{"taxonomy":"axe","embeddable":true,"href":"https:\/\/luxma.be\/de\/wp-json\/wp\/v2\/axe?post=6240"},{"taxonomy":"kastbreedte","embeddable":true,"href":"https:\/\/luxma.be\/de\/wp-json\/wp\/v2\/kastbreedte?post=6240"},{"taxonomy":"entree","embeddable":true,"href":"https:\/\/luxma.be\/de\/wp-json\/wp\/v2\/entree?post=6240"},{"taxonomy":"hoek","embeddable":true,"href":"https:\/\/luxma.be\/de\/wp-json\/wp\/v2\/hoek?post=6240"},{"taxonomy":"houtsoort","embeddable":true,"href":"https:\/\/luxma.be\/de\/wp-json\/wp\/v2\/houtsoort?post=6240"},{"taxonomy":"kleur","embeddable":true,"href":"https:\/\/luxma.be\/de\/wp-json\/wp\/v2\/kleur?post=6240"},{"taxonomy":"kastlengte","embeddable":true,"href":"https:\/\/luxma.be\/de\/wp-json\/wp\/v2\/kastlengte?post=6240"},{"taxonomy":"productlijn","embeddable":true,"href":"https:\/\/luxma.be\/de\/wp-json\/wp\/v2\/productlijn?post=6240"},{"taxonomy":"sloten","embeddable":true,"href":"https:\/\/luxma.be\/de\/wp-json\/wp\/v2\/sloten?post=6240"},{"taxonomy":"vl_pl_hoogte_a","embeddable":true,"href":"https:\/\/luxma.be\/de\/wp-json\/wp\/v2\/vl_pl_hoogte_a?post=6240"},{"taxonomy":"product_brand","embeddable":true,"href":"https:\/\/luxma.be\/de\/wp-json\/wp\/v2\/product_brand?post=6240"},{"taxonomy":"product_cat","embeddable":true,"href":"https:\/\/luxma.be\/de\/wp-json\/wp\/v2\/product_cat?post=6240"},{"taxonomy":"product_tag","embeddable":true,"href":"https:\/\/luxma.be\/de\/wp-json\/wp\/v2\/product_tag?post=6240"}],"curies":[{"name":"wp","href":"https:\/\/api.w.org\/{rel}","templated":true}]}}