{"id":6234,"date":"2020-07-16T17:46:34","date_gmt":"2020-07-16T15:46:34","guid":{"rendered":"https:\/\/luxma.be\/?post_type=product&#038;p=6234"},"modified":"2026-03-16T14:22:18","modified_gmt":"2026-03-16T13:22:18","slug":"dolle-rei-45-brandwerend-3-delig-mw","status":"publish","type":"product","link":"https:\/\/luxma.be\/de\/producten\/dolle-rei-45-brandwerend-3-delig-mw\/","title":{"rendered":"Dolle Rei 45 Feuerbest\u00e4ndige 3-teilige Ma\u00dfanfertigung"},"content":{"rendered":"<p>45 MINUTEN FEUERBEST\u00c4NDIG<\/p>\n<p>DOLLE REI 45 hat eine Feuerwiderstandsdauer von 45 Minuten und ist ausreichend<br \/>\nGem\u00e4\u00df EN 13501-2. Die Dachbodentreppe ersetzt die Dachbodentreppe BD 30 von DOLLE. Die Luke ist mit einer 50 mm starken Steinwolleplatte isoliert, die aus nicht brennbarer, feuchtigkeits- und wasserabweisender Steinwolle besteht. Die Luke hat eine sch\u00f6ne Oberfl\u00e4che aus wei\u00dfer HDF-Platte mit versteckten Scharnieren und ist mit einem hochwertigen Schloss ausgestattet.<br \/>\nDie Dachbodenleiter DOLLE REI 45 besteht aus robustem Qualit\u00e4tskiefernholz mit 12 rutschfesten Buchenholzstufen und schwarzen rutschfesten Kunststofff\u00fc\u00dfen zum Schutz des Bodens. Das 19 cm hohe Geh\u00e4use ist mit Dichtungsstreifen ausgestattet, um W\u00e4rmeverluste zu verhindern. Die Holzleiter ist einfach zu bedienen, hochwertig, stabil und einfach zu bedienen.<\/p>\n<p>DIE DACHBODENLEITER ALS FEUERBEST\u00c4NDIGES TEIL \u2013 DOLLE REI 45<\/p>\n<p>Es ist wichtig, dass ein Haus so gebaut wird, dass die Bausubstanz im Brandfall kurzzeitig gesch\u00fctzt ist. Die Bauvorschriften stellen daher mehrere Anforderungen an die Feuerbest\u00e4ndigkeit von Bauteilen in einem Geb\u00e4ude oder Haus. Dazu geh\u00f6rt auch ein Standard f\u00fcr Dachbodentreppen. Deshalb testen wir unser feuerbest\u00e4ndiges Dachbodenleiterprogramm nach den h\u00f6chsten Standards in Europa und entsprechen der EN 13501-2. DOLLE REI 45 hat eine Feuerwiderstandsdauer von 45 Minuten.<br \/>\nEine feuerbest\u00e4ndige Dachbodentreppe wird in einem Brandversuch gepr\u00fcft, bei dem die Dachbodentreppe in eine Brandkammer eingebaut und einer realen Brandsituation ausgesetzt wird. Die feuerbest\u00e4ndigen Dachbodentreppen von DOLLE wurden nach der neuen gemeinsamen europ\u00e4ischen Methode zur Pr\u00fcfung des Feuerwiderstands von Bauteilen REI gepr\u00fcft. Die feuerbest\u00e4ndigen Dachbodentreppen von DOLLE REI 45 wurden am Institut MPA Braunschweig in Deutschland getestet.<\/p>\n<p>FEUERBEST\u00c4NDIGE DACHBODENLEITER VON DOLLE REI 45 \u2013 NEUE EUROP\u00c4ISCHE FEUERKLASSE EN 13501-2<\/p>\n<p>&nbsp;<\/p>","protected":false},"excerpt":{"rendered":"<p>45 MINUTEN BRANDWEREND DOLLE REI 45 heeft een brandwerendheid van 45 minuten en voldoet aan EN 13501-2. De zoldertrappen vervangen de BD 30 zoldertrappen van DOLLE. Het luik is ge\u00efsoleerd met 50 mm steenwolplaat, deze is gemaakt van onbrandbare, vocht- en waterafstotende steenwol. Het luik heeft een mooie afwerking in witte HDF-plaat met verborgen scharnieren [&hellip;]<\/p>\n","protected":false},"featured_media":12516,"template":"","meta":{"_acf_changed":false},"axe":[],"kastbreedte":[7083],"entree":[],"hoek":[],"houtsoort":[],"kleur":[],"kastlengte":[7084],"productlijn":[],"sloten":[],"vl_pl_hoogte_a":[],"product_brand":[],"product_cat":[1745,1744],"product_tag":[6486,6987],"class_list":{"0":"post-6234","1":"product","2":"type-product","3":"status-publish","4":"has-post-thumbnail","6":"kastbreedte-andere-maat","7":"kastlengte-andere-maat","8":"product_cat-zoldertrappen","9":"product_cat-trappen","10":"product_tag-dolle","11":"product_tag-hout-en-trappen","12":"pa_beschrijving-dolle-rei-45-brandwerend-3-delig-mw","13":"pa_beschrijving-dolle-rei-45-brandwerend-3-delig-mw-kasthoogte-19","14":"pa_beschrijving-dolle-rei-45-brandwerend-3-delig-mw-extentionkit","15":"pa_beschrijving-dolle-rei-45-brandwerend-3-delig-mw-voorboring-cilinderslot","17":"first","18":"onbackorder","19":"purchasable","20":"product-type-simple"},"acf":[],"_links":{"self":[{"href":"https:\/\/luxma.be\/de\/wp-json\/wp\/v2\/product\/6234","targetHints":{"allow":["GET"]}}],"collection":[{"href":"https:\/\/luxma.be\/de\/wp-json\/wp\/v2\/product"}],"about":[{"href":"https:\/\/luxma.be\/de\/wp-json\/wp\/v2\/types\/product"}],"wp:featuredmedia":[{"embeddable":true,"href":"https:\/\/luxma.be\/de\/wp-json\/wp\/v2\/media\/12516"}],"wp:attachment":[{"href":"https:\/\/luxma.be\/de\/wp-json\/wp\/v2\/media?parent=6234"}],"wp:term":[{"taxonomy":"axe","embeddable":true,"href":"https:\/\/luxma.be\/de\/wp-json\/wp\/v2\/axe?post=6234"},{"taxonomy":"kastbreedte","embeddable":true,"href":"https:\/\/luxma.be\/de\/wp-json\/wp\/v2\/kastbreedte?post=6234"},{"taxonomy":"entree","embeddable":true,"href":"https:\/\/luxma.be\/de\/wp-json\/wp\/v2\/entree?post=6234"},{"taxonomy":"hoek","embeddable":true,"href":"https:\/\/luxma.be\/de\/wp-json\/wp\/v2\/hoek?post=6234"},{"taxonomy":"houtsoort","embeddable":true,"href":"https:\/\/luxma.be\/de\/wp-json\/wp\/v2\/houtsoort?post=6234"},{"taxonomy":"kleur","embeddable":true,"href":"https:\/\/luxma.be\/de\/wp-json\/wp\/v2\/kleur?post=6234"},{"taxonomy":"kastlengte","embeddable":true,"href":"https:\/\/luxma.be\/de\/wp-json\/wp\/v2\/kastlengte?post=6234"},{"taxonomy":"productlijn","embeddable":true,"href":"https:\/\/luxma.be\/de\/wp-json\/wp\/v2\/productlijn?post=6234"},{"taxonomy":"sloten","embeddable":true,"href":"https:\/\/luxma.be\/de\/wp-json\/wp\/v2\/sloten?post=6234"},{"taxonomy":"vl_pl_hoogte_a","embeddable":true,"href":"https:\/\/luxma.be\/de\/wp-json\/wp\/v2\/vl_pl_hoogte_a?post=6234"},{"taxonomy":"product_brand","embeddable":true,"href":"https:\/\/luxma.be\/de\/wp-json\/wp\/v2\/product_brand?post=6234"},{"taxonomy":"product_cat","embeddable":true,"href":"https:\/\/luxma.be\/de\/wp-json\/wp\/v2\/product_cat?post=6234"},{"taxonomy":"product_tag","embeddable":true,"href":"https:\/\/luxma.be\/de\/wp-json\/wp\/v2\/product_tag?post=6234"}],"curies":[{"name":"wp","href":"https:\/\/api.w.org\/{rel}","templated":true}]}}