{"id":6231,"date":"2020-07-16T17:45:38","date_gmt":"2020-07-16T15:45:38","guid":{"rendered":"https:\/\/luxma.be\/?post_type=product&#038;p=6231"},"modified":"2025-01-27T08:26:34","modified_gmt":"2025-01-27T07:26:34","slug":"dolle-motorized-auto-attic-vip","status":"publish","type":"product","link":"https:\/\/luxma.be\/de\/producten\/dolle-motorized-auto-attic-vip\/","title":{"rendered":"Electrische Schaarladder Maatwerk"},"content":{"rendered":"<p>Gepr\u00fcft und zertifiziert nach EN 14975 (Europ\u00e4ische Leiternorm).<\/p>\n<p>Thermobox-Akkordeon-motorisierte einziehbare Leiter mit Stufen und Hebeln aus Aluminiumguss. Lackiert in den Farben Ihrer Wahl zwischen Wei\u00df (RAL9003) und gepr\u00e4gtem Grau (RAL9006). Unbearbeitete (unlackierte) Pappelsperrholzplatte erster Wahl mit einer Dicke von 15 mm und sehr geringen Formaldehydemissionen (zertifizierte Klasse E1-CARB PHASE 2), vollst\u00e4ndig mit W\u00e4rme- und Schalld\u00e4mmmaterial bedeckt. Ein Verbundwerkstoff bestehend aus einer Masse auf Polymerbasis und mineralischen F\u00fcllstoffen, verbunden mit einer Schicht aus kugelf\u00f6rmigem Polyethylen. Dank seiner Struktur gew\u00e4hrleistet das Produkt ein hohes schallabsorbierendes und schalld\u00e4mpfendes Verm\u00f6gen und vermeidet die Bildung von Schallbr\u00fccken beim Einbau.<br \/>\nDie elektrische Bedienung sowohl der Luke als auch der Dachbodentreppe wird \u00fcber eine Infrarot-Fernbedienung (im Lieferumfang enthalten) gesteuert.<br \/>\nSchwarze doppelseitig klebende Teppichplattformen. Manuelles Not\u00f6ffnungssystem bei Stromausfall.<\/p>\n<p>MITGELIEFERTES ZUBEH\u00d6R<\/p>\n<p>1 x 230 V \u2013 50 Hz elektromechanischer Antrieb, 1 x elektronische Steuereinheit<br \/>\n1 x Blinklicht<br \/>\n1 x Funksteuerung<br \/>\n2 x lackierte obere Landegriffe 4 x L-f\u00f6rmige Montagehalterungen<br \/>\n2 x verzinkte Teleskop-Handl\u00e4ufe, 1 x manueller \u00d6ffnungsstab<\/p>\n<p>&nbsp;<\/p>\n<p>VERSCHLUSS<br \/>\n15 mm Sperrholzplatte<br \/>\nTREPPE<br \/>\nRutschfeste Stufen aus Aluminium<\/p>\n<p>&nbsp;<\/p>","protected":false},"excerpt":{"rendered":"<p>Getest en gecertificeerd volgens EN 14975 (Europese Laddernorm). Thermobox accordeon gemotoriseerde intrekbare ladder met treden en hendels in gegoten aluminium. Geschilderd in de kleuren van uw keuze tussen wit (RAL9003) en reli\u00ebf grijs (RAL9006). Eerste keus onbewerkt (ongeverfd) populieren multiplex paneel 15 mm dik met zeer lage formaldehyde-emissie (gecertificeerde klasse E1-CARB FASE 2), volledig bedekt [&hellip;]<\/p>\n","protected":false},"featured_media":15938,"template":"","meta":{"_acf_changed":false},"axe":[],"kastbreedte":[7083],"entree":[],"hoek":[],"houtsoort":[],"kleur":[],"kastlengte":[7084],"productlijn":[],"sloten":[],"vl_pl_hoogte_a":[],"product_brand":[],"product_cat":[1745,1744],"product_tag":[6987],"class_list":{"0":"post-6231","1":"product","2":"type-product","3":"status-publish","4":"has-post-thumbnail","6":"kastbreedte-andere-maat","7":"kastlengte-andere-maat","8":"product_cat-zoldertrappen","9":"product_cat-trappen","10":"product_tag-hout-en-trappen","12":"first","13":"onbackorder","14":"product-type-simple"},"acf":[],"_links":{"self":[{"href":"https:\/\/luxma.be\/de\/wp-json\/wp\/v2\/product\/6231","targetHints":{"allow":["GET"]}}],"collection":[{"href":"https:\/\/luxma.be\/de\/wp-json\/wp\/v2\/product"}],"about":[{"href":"https:\/\/luxma.be\/de\/wp-json\/wp\/v2\/types\/product"}],"wp:featuredmedia":[{"embeddable":true,"href":"https:\/\/luxma.be\/de\/wp-json\/wp\/v2\/media\/15938"}],"wp:attachment":[{"href":"https:\/\/luxma.be\/de\/wp-json\/wp\/v2\/media?parent=6231"}],"wp:term":[{"taxonomy":"axe","embeddable":true,"href":"https:\/\/luxma.be\/de\/wp-json\/wp\/v2\/axe?post=6231"},{"taxonomy":"kastbreedte","embeddable":true,"href":"https:\/\/luxma.be\/de\/wp-json\/wp\/v2\/kastbreedte?post=6231"},{"taxonomy":"entree","embeddable":true,"href":"https:\/\/luxma.be\/de\/wp-json\/wp\/v2\/entree?post=6231"},{"taxonomy":"hoek","embeddable":true,"href":"https:\/\/luxma.be\/de\/wp-json\/wp\/v2\/hoek?post=6231"},{"taxonomy":"houtsoort","embeddable":true,"href":"https:\/\/luxma.be\/de\/wp-json\/wp\/v2\/houtsoort?post=6231"},{"taxonomy":"kleur","embeddable":true,"href":"https:\/\/luxma.be\/de\/wp-json\/wp\/v2\/kleur?post=6231"},{"taxonomy":"kastlengte","embeddable":true,"href":"https:\/\/luxma.be\/de\/wp-json\/wp\/v2\/kastlengte?post=6231"},{"taxonomy":"productlijn","embeddable":true,"href":"https:\/\/luxma.be\/de\/wp-json\/wp\/v2\/productlijn?post=6231"},{"taxonomy":"sloten","embeddable":true,"href":"https:\/\/luxma.be\/de\/wp-json\/wp\/v2\/sloten?post=6231"},{"taxonomy":"vl_pl_hoogte_a","embeddable":true,"href":"https:\/\/luxma.be\/de\/wp-json\/wp\/v2\/vl_pl_hoogte_a?post=6231"},{"taxonomy":"product_brand","embeddable":true,"href":"https:\/\/luxma.be\/de\/wp-json\/wp\/v2\/product_brand?post=6231"},{"taxonomy":"product_cat","embeddable":true,"href":"https:\/\/luxma.be\/de\/wp-json\/wp\/v2\/product_cat?post=6231"},{"taxonomy":"product_tag","embeddable":true,"href":"https:\/\/luxma.be\/de\/wp-json\/wp\/v2\/product_tag?post=6231"}],"curies":[{"name":"wp","href":"https:\/\/api.w.org\/{rel}","templated":true}]}}