{"id":6229,"date":"2020-07-16T17:45:05","date_gmt":"2020-07-16T15:45:05","guid":{"rendered":"https:\/\/luxma.be\/?post_type=product&#038;p=6229"},"modified":"2026-03-16T14:22:19","modified_gmt":"2026-03-16T13:22:19","slug":"dolle-loft-cf76g-2-delig","status":"publish","type":"product","link":"https:\/\/luxma.be\/de\/producten\/dolle-loft-cf76g-2-delig\/","title":{"rendered":"Mad Loft clickFIX<sup>\u00ae<\/sup>76 2-teilige Personalisierung"},"content":{"rendered":"<section>\n<section class=\"description\">ClickFIX\u00ae \u2013 EINFACH ZU INSTALLIEREN<\/section>\n<section class=\"description\">\nDer clickFIX\u00ae76G ist Teil der einzigartigen clickFIX\u00ae Dachbodenleiter-Linie von DOLLE.<br \/>\nDank seines geringen Gewichts und der patentierten Montagetechnik kann clickFIX\u00ae problemlos von einer Person montiert werden. Ganz einfach, 240 mm hohes Geh\u00e4use ausrichten, verschrauben, Luke und Leiterteil einrasten und an die Raumh\u00f6he anpassen, fertig. Dies f\u00fchrt zu einer absolut luftdichten Installation.<\/section>\n<section class=\"description\">\nDIE ZWEITBESTE ISOLIERTE LEITER AUF DEM MARKT<\/section>\n<section class=\"description\">\nAufgrund der 70-mm-Isolierung, der Sandwichbauweise der Luke und der doppelten Isoliergummis weist dieser 3-teilige clickFIX\u00ae 76G einen sehr niedrigen gepr\u00fcften U-Wert von 0,49 W \/m\u00b2K auf. Nur der CF Thermo Comfort schneidet noch besser ab. H\u00f6chste Luftdichtheit der Klasse 4, gepr\u00fcft durch IFT Rosenheim (EN12207).<\/section>\n<section class=\"description\">\nCPL-BESCHICHTUNG F\u00dcR EINE SEHR LANGE LEBENSDAUER<\/section>\n<section class=\"description\">\nDie 76 mm dicke Luke des DOLLE clickFIX\u00ae76G h\u00e4lt die W\u00e4rme effizient im Wohnraum und ist zudem CPL-beschichtet. Dieses besonders robuste Laminat macht die Luke deutlich verschlei\u00dffester und kratzfester<br \/>\nund schlagfester als andere Oberfl\u00e4chen. Das Geheimnis liegt in der Deckschicht, die aus Melaminharz besteht. Es ist resistent gegen leichte Kratzer und normale Verschmutzungen, es ist l\u00f6sungsmittel- und hitzebest\u00e4ndig, wischfest und leicht zu reinigen.<\/section>\n<section><\/section>\n<\/section>","protected":false},"excerpt":{"rendered":"<p>ClickFIX\u00ae-EENVOUDIG TE INSTALLEREN De clickFIX\u00ae76G maakt deel uit van de unieke clickFIX\u00ae zolderladderlijn van DOLLE. Dankzij het lage gewicht en de gepatenteerde montagetechniek kan clickFIX\u00ae eenvoudig door \u00e9\u00e9n persoon worden ge\u00efnstalleerd. Heel eenvoudig, de 240 mm hoge omkasting uitlijnen, vastschr oeven, luik en het ladder gedeelte klikken en aanpassen aan de hoogte van de ruimte, [&hellip;]<\/p>\n","protected":false},"featured_media":10084,"template":"","meta":{"_acf_changed":false},"axe":[],"kastbreedte":[7083],"entree":[],"hoek":[],"houtsoort":[],"kleur":[],"kastlengte":[7084],"productlijn":[],"sloten":[],"vl_pl_hoogte_a":[],"product_brand":[],"product_cat":[1745,1744],"product_tag":[6486,6987],"class_list":{"0":"post-6229","1":"product","2":"type-product","3":"status-publish","4":"has-post-thumbnail","6":"kastbreedte-andere-maat","7":"kastlengte-andere-maat","8":"product_cat-zoldertrappen","9":"product_cat-trappen","10":"product_tag-dolle","11":"product_tag-hout-en-trappen","12":"pa_beschrijving-dolle-loft-cf76g-2-delig","13":"pa_beschrijving-dolle-loft-cf76g-2-delig-kasthoogte-24cm-315cm","15":"first","16":"onbackorder","17":"purchasable","18":"product-type-simple"},"acf":[],"_links":{"self":[{"href":"https:\/\/luxma.be\/de\/wp-json\/wp\/v2\/product\/6229","targetHints":{"allow":["GET"]}}],"collection":[{"href":"https:\/\/luxma.be\/de\/wp-json\/wp\/v2\/product"}],"about":[{"href":"https:\/\/luxma.be\/de\/wp-json\/wp\/v2\/types\/product"}],"wp:featuredmedia":[{"embeddable":true,"href":"https:\/\/luxma.be\/de\/wp-json\/wp\/v2\/media\/10084"}],"wp:attachment":[{"href":"https:\/\/luxma.be\/de\/wp-json\/wp\/v2\/media?parent=6229"}],"wp:term":[{"taxonomy":"axe","embeddable":true,"href":"https:\/\/luxma.be\/de\/wp-json\/wp\/v2\/axe?post=6229"},{"taxonomy":"kastbreedte","embeddable":true,"href":"https:\/\/luxma.be\/de\/wp-json\/wp\/v2\/kastbreedte?post=6229"},{"taxonomy":"entree","embeddable":true,"href":"https:\/\/luxma.be\/de\/wp-json\/wp\/v2\/entree?post=6229"},{"taxonomy":"hoek","embeddable":true,"href":"https:\/\/luxma.be\/de\/wp-json\/wp\/v2\/hoek?post=6229"},{"taxonomy":"houtsoort","embeddable":true,"href":"https:\/\/luxma.be\/de\/wp-json\/wp\/v2\/houtsoort?post=6229"},{"taxonomy":"kleur","embeddable":true,"href":"https:\/\/luxma.be\/de\/wp-json\/wp\/v2\/kleur?post=6229"},{"taxonomy":"kastlengte","embeddable":true,"href":"https:\/\/luxma.be\/de\/wp-json\/wp\/v2\/kastlengte?post=6229"},{"taxonomy":"productlijn","embeddable":true,"href":"https:\/\/luxma.be\/de\/wp-json\/wp\/v2\/productlijn?post=6229"},{"taxonomy":"sloten","embeddable":true,"href":"https:\/\/luxma.be\/de\/wp-json\/wp\/v2\/sloten?post=6229"},{"taxonomy":"vl_pl_hoogte_a","embeddable":true,"href":"https:\/\/luxma.be\/de\/wp-json\/wp\/v2\/vl_pl_hoogte_a?post=6229"},{"taxonomy":"product_brand","embeddable":true,"href":"https:\/\/luxma.be\/de\/wp-json\/wp\/v2\/product_brand?post=6229"},{"taxonomy":"product_cat","embeddable":true,"href":"https:\/\/luxma.be\/de\/wp-json\/wp\/v2\/product_cat?post=6229"},{"taxonomy":"product_tag","embeddable":true,"href":"https:\/\/luxma.be\/de\/wp-json\/wp\/v2\/product_tag?post=6229"}],"curies":[{"name":"wp","href":"https:\/\/api.w.org\/{rel}","templated":true}]}}