{"id":6227,"date":"2020-07-16T17:44:39","date_gmt":"2020-07-16T15:44:39","guid":{"rendered":"https:\/\/luxma.be\/?post_type=product&#038;p=6227"},"modified":"2026-03-16T14:22:20","modified_gmt":"2026-03-16T13:22:20","slug":"dolle-loft-rf90-maatwerk","status":"publish","type":"product","link":"https:\/\/luxma.be\/de\/producten\/dolle-loft-rf90-maatwerk\/","title":{"rendered":"Dolle RF90 Feuerbest\u00e4ndig 3-teilig Sonderanfertigung"},"content":{"rendered":"<p>Die DOLLE RF90 ist 90 Minuten lang feuerbest\u00e4ndig und entspricht der EN 4102-2. Die Luke ist auf jeder Seite mit 50 mm Steinwolle + 10 cm Gipskarton isoliert. Die Dachbodenleiter BD 90 wird mit einem Doppelriegel f\u00fcr eine einfache und sichere Bedienung in Kombination mit der Schub-Zug-Holzstange geliefert. Die Dachbodentreppe hat einen sch\u00f6nen Abschluss mit einem wei\u00dfen Fensterladen und wei\u00df gestrichenen Holzabdeckleisten. Die Dachbodentreppe DOLLE BD 90 verf\u00fcgt \u00fcber rutschfeste Stufen und Kunststofff\u00fc\u00dfe f\u00fcr zus\u00e4tzliche Sicherheit und wird mit einem Zugluftstopper geliefert, der den W\u00e4rmeverlust reduziert.<\/p>\n<p>ERF\u00dcLLT ALLE EUROP\u00c4ISCHEN STANDARDS<\/p>\n<p>Es ist wichtig, dass ein Haus so gebaut wird, dass die Bausubstanz im Brandfall kurzzeitig gesch\u00fctzt ist. Baurechtliche Vorschriften stellen daher verschiedene Anforderungen an die Feuerbest\u00e4ndigkeit von Bauteilen in einem Geb\u00e4ude oder Wohnhaus. Deshalb pr\u00fcfen wir unsere feuerbest\u00e4ndigen Treppen nach den h\u00f6chsten Standards in Europa und sie entsprechen der EN 4102-2. DOLLE BD 90 hat eine Feuerwiderstandsdauer von 90 Minuten. Luftdichtheit der Klasse 4 gepr\u00fcft durch IFT Rosenheim (EN12207).<br \/>\nEine feuerbest\u00e4ndige Treppe wird in einem Brandversuch gepr\u00fcft, bei dem die Treppe in eine Brennkammer eingebaut und einer realen Brandsituation ausgesetzt wird. DOLLE-Feuerschutzleitern wurden nach der neuen gemeinsamen europ\u00e4ischen Methode zur Pr\u00fcfung der Feuerbest\u00e4ndigkeit von Bauteilen gepr\u00fcft. Die feuerbest\u00e4ndigen Treppen von DOLLE wurden am Institut MPA Braunschweig in Deutschland getestet.<\/p>","protected":false},"excerpt":{"rendered":"<p>De DOLLE RF90 is 90 minuten brandwerend en voldoet aan EN 4102 -2. Het luik is aan elke zijde ge\u00efsoleerd met 50 mm steenwol + 10 cm gipsplaat. De zoldertrap BD 90 wordt geleverd met een dubbele klinksluiting voor een gemakkelijke en veilige bediening in combinatie met de houten duw-trekstang. De zoldertrap heeft een mooie [&hellip;]<\/p>\n","protected":false},"featured_media":12781,"template":"","meta":{"_acf_changed":false},"axe":[],"kastbreedte":[7083],"entree":[],"hoek":[],"houtsoort":[],"kleur":[],"kastlengte":[7084],"productlijn":[],"sloten":[],"vl_pl_hoogte_a":[],"product_brand":[],"product_cat":[1745,1744],"product_tag":[6486,6987],"class_list":{"0":"post-6227","1":"product","2":"type-product","3":"status-publish","4":"has-post-thumbnail","6":"kastbreedte-andere-maat","7":"kastlengte-andere-maat","8":"product_cat-zoldertrappen","9":"product_cat-trappen","10":"product_tag-dolle","11":"product_tag-hout-en-trappen","12":"pa_beschrijving-dolle-rf-90-3-delig-maatwerk","13":"pa_beschrijving-dolle-rf-90-3-delig-maatwerk-kasthoogte-19cm-80cm","14":"pa_beschrijving-dolle-rf-90-3-delig-maatwerk-extra-trede","15":"pa_beschrijving-dolle-rf-90-3-delig-maatwerk-standaardhoogte","17":"first","18":"onbackorder","19":"purchasable","20":"product-type-simple"},"acf":[],"_links":{"self":[{"href":"https:\/\/luxma.be\/de\/wp-json\/wp\/v2\/product\/6227","targetHints":{"allow":["GET"]}}],"collection":[{"href":"https:\/\/luxma.be\/de\/wp-json\/wp\/v2\/product"}],"about":[{"href":"https:\/\/luxma.be\/de\/wp-json\/wp\/v2\/types\/product"}],"wp:featuredmedia":[{"embeddable":true,"href":"https:\/\/luxma.be\/de\/wp-json\/wp\/v2\/media\/12781"}],"wp:attachment":[{"href":"https:\/\/luxma.be\/de\/wp-json\/wp\/v2\/media?parent=6227"}],"wp:term":[{"taxonomy":"axe","embeddable":true,"href":"https:\/\/luxma.be\/de\/wp-json\/wp\/v2\/axe?post=6227"},{"taxonomy":"kastbreedte","embeddable":true,"href":"https:\/\/luxma.be\/de\/wp-json\/wp\/v2\/kastbreedte?post=6227"},{"taxonomy":"entree","embeddable":true,"href":"https:\/\/luxma.be\/de\/wp-json\/wp\/v2\/entree?post=6227"},{"taxonomy":"hoek","embeddable":true,"href":"https:\/\/luxma.be\/de\/wp-json\/wp\/v2\/hoek?post=6227"},{"taxonomy":"houtsoort","embeddable":true,"href":"https:\/\/luxma.be\/de\/wp-json\/wp\/v2\/houtsoort?post=6227"},{"taxonomy":"kleur","embeddable":true,"href":"https:\/\/luxma.be\/de\/wp-json\/wp\/v2\/kleur?post=6227"},{"taxonomy":"kastlengte","embeddable":true,"href":"https:\/\/luxma.be\/de\/wp-json\/wp\/v2\/kastlengte?post=6227"},{"taxonomy":"productlijn","embeddable":true,"href":"https:\/\/luxma.be\/de\/wp-json\/wp\/v2\/productlijn?post=6227"},{"taxonomy":"sloten","embeddable":true,"href":"https:\/\/luxma.be\/de\/wp-json\/wp\/v2\/sloten?post=6227"},{"taxonomy":"vl_pl_hoogte_a","embeddable":true,"href":"https:\/\/luxma.be\/de\/wp-json\/wp\/v2\/vl_pl_hoogte_a?post=6227"},{"taxonomy":"product_brand","embeddable":true,"href":"https:\/\/luxma.be\/de\/wp-json\/wp\/v2\/product_brand?post=6227"},{"taxonomy":"product_cat","embeddable":true,"href":"https:\/\/luxma.be\/de\/wp-json\/wp\/v2\/product_cat?post=6227"},{"taxonomy":"product_tag","embeddable":true,"href":"https:\/\/luxma.be\/de\/wp-json\/wp\/v2\/product_tag?post=6227"}],"curies":[{"name":"wp","href":"https:\/\/api.w.org\/{rel}","templated":true}]}}