{"id":6224,"date":"2020-07-16T17:43:12","date_gmt":"2020-07-16T15:43:12","guid":{"rendered":"https:\/\/luxma.be\/?post_type=product&#038;p=6224"},"modified":"2026-03-16T14:22:20","modified_gmt":"2026-03-16T13:22:20","slug":"dolle-mini-4-delig-maatwerk","status":"publish","type":"product","link":"https:\/\/luxma.be\/de\/producten\/dolle-mini-4-delig-maatwerk\/","title":{"rendered":"Dolle Mini 4-teilige Personalisierung"},"content":{"rendered":"<p>Diese Treppe ist die ideale L\u00f6sung f\u00fcr kleine Decken\u00f6ffnungen! Die 4-teilige Dachbodenleiter aus Holz wird komplett mit w\u00e4rmed\u00e4mmender Luke und Spanndichtung geliefert und wurde speziell f\u00fcr den Deckenaufbau ohne Standardma\u00dfe entwickelt, sodass sie perfekt in \u00d6ffnungen passt, die nicht den Standardma\u00dfen entsprechen. Die Leiter ist komfortabel zu bedienen und verf\u00fcgt \u00fcber geriffelte, rutschfeste Stufen, die f\u00fcr die n\u00f6tige Sicherheit sorgen.<\/p>\n<p>KLEINE DACHBODENLEITER<\/p>\n<p>Durch die Sandwichbauweise ist die w\u00e4rmeisolierte Luke leicht. Die Spanndichtung dichtet luftdicht nach DIN EN 12207 Klasse 4 ab und erf\u00fcllt die Anforderungen an hervorragende W\u00e4rmed\u00e4mmeigenschaften. Das Leiterteil l\u00e4sst sich platzsparend in 4 Teile zusammenklappen und nimmt daher kaum Platz ein. Die wei\u00dfen Streifen bilden einen dezenten Abschluss am Decken\u00fcbergang.<\/p>","protected":false},"excerpt":{"rendered":"<p>Deze trap is de ideale oplossing voor kleine plafondopeningen! De 4-delige houten zoldertrap wordt compleet met warmte-isolerend luik en spanningsafdichting geleverd en speciaal ontwikkeld voor plafondconstructie zonder standaard afmetingen, waardoor deze perfect past in openingen die niet voldoen aan de standaard afmetingen. De ladder is comfortabel in gebruik met geribbelde, antislip treden die de nodige [&hellip;]<\/p>\n","protected":false},"featured_media":5734,"template":"","meta":{"_acf_changed":false},"axe":[],"kastbreedte":[7083],"entree":[],"hoek":[],"houtsoort":[],"kleur":[],"kastlengte":[7084],"productlijn":[],"sloten":[],"vl_pl_hoogte_a":[],"product_brand":[],"product_cat":[1745,1744],"product_tag":[6486,6987],"class_list":{"0":"post-6224","1":"product","2":"type-product","3":"status-publish","4":"has-post-thumbnail","6":"kastbreedte-andere-maat","7":"kastlengte-andere-maat","8":"product_cat-zoldertrappen","9":"product_cat-trappen","10":"product_tag-dolle","11":"product_tag-hout-en-trappen","13":"first","14":"onbackorder","15":"purchasable","16":"product-type-simple"},"acf":[],"_links":{"self":[{"href":"https:\/\/luxma.be\/de\/wp-json\/wp\/v2\/product\/6224","targetHints":{"allow":["GET"]}}],"collection":[{"href":"https:\/\/luxma.be\/de\/wp-json\/wp\/v2\/product"}],"about":[{"href":"https:\/\/luxma.be\/de\/wp-json\/wp\/v2\/types\/product"}],"wp:featuredmedia":[{"embeddable":true,"href":"https:\/\/luxma.be\/de\/wp-json\/wp\/v2\/media\/5734"}],"wp:attachment":[{"href":"https:\/\/luxma.be\/de\/wp-json\/wp\/v2\/media?parent=6224"}],"wp:term":[{"taxonomy":"axe","embeddable":true,"href":"https:\/\/luxma.be\/de\/wp-json\/wp\/v2\/axe?post=6224"},{"taxonomy":"kastbreedte","embeddable":true,"href":"https:\/\/luxma.be\/de\/wp-json\/wp\/v2\/kastbreedte?post=6224"},{"taxonomy":"entree","embeddable":true,"href":"https:\/\/luxma.be\/de\/wp-json\/wp\/v2\/entree?post=6224"},{"taxonomy":"hoek","embeddable":true,"href":"https:\/\/luxma.be\/de\/wp-json\/wp\/v2\/hoek?post=6224"},{"taxonomy":"houtsoort","embeddable":true,"href":"https:\/\/luxma.be\/de\/wp-json\/wp\/v2\/houtsoort?post=6224"},{"taxonomy":"kleur","embeddable":true,"href":"https:\/\/luxma.be\/de\/wp-json\/wp\/v2\/kleur?post=6224"},{"taxonomy":"kastlengte","embeddable":true,"href":"https:\/\/luxma.be\/de\/wp-json\/wp\/v2\/kastlengte?post=6224"},{"taxonomy":"productlijn","embeddable":true,"href":"https:\/\/luxma.be\/de\/wp-json\/wp\/v2\/productlijn?post=6224"},{"taxonomy":"sloten","embeddable":true,"href":"https:\/\/luxma.be\/de\/wp-json\/wp\/v2\/sloten?post=6224"},{"taxonomy":"vl_pl_hoogte_a","embeddable":true,"href":"https:\/\/luxma.be\/de\/wp-json\/wp\/v2\/vl_pl_hoogte_a?post=6224"},{"taxonomy":"product_brand","embeddable":true,"href":"https:\/\/luxma.be\/de\/wp-json\/wp\/v2\/product_brand?post=6224"},{"taxonomy":"product_cat","embeddable":true,"href":"https:\/\/luxma.be\/de\/wp-json\/wp\/v2\/product_cat?post=6224"},{"taxonomy":"product_tag","embeddable":true,"href":"https:\/\/luxma.be\/de\/wp-json\/wp\/v2\/product_tag?post=6224"}],"curies":[{"name":"wp","href":"https:\/\/api.w.org\/{rel}","templated":true}]}}