{"id":6223,"date":"2020-07-16T17:42:30","date_gmt":"2020-07-16T15:42:30","guid":{"rendered":"https:\/\/luxma.be\/?post_type=product&#038;p=6223"},"modified":"2026-03-16T14:22:20","modified_gmt":"2026-03-16T13:22:20","slug":"dolle-miniflex-maatwerk","status":"publish","type":"product","link":"https:\/\/luxma.be\/de\/producten\/dolle-miniflex-maatwerk\/","title":{"rendered":"Mad Miniflex-Anpassung"},"content":{"rendered":"<p>EINE IDEALE PLATZSPARENDE ZUGRIFFSL\u00d6SUNG<\/p>\n<p>Die Dachbodenleiter DOLLE MINIFLEX wird komplett mit einer Aluminium-Scherenleiter geliefert, der Durchstieg ist mit 5 cm Styropor isoliert und die Stufen sind rutschfest. MINIFLEX kommt dort zum Einsatz, wo eine Dachbodenleiter ben\u00f6tigt wird, die wenig Platz einnimmt und auch f\u00fcr kleine Decken\u00f6ffnungen geeignet ist. Ein speziell entwickeltes Federungssystem sorgt f\u00fcr eine gleichm\u00e4\u00dfige Gewichtsverteilung und sorgt f\u00fcr einen reibungslosen und sicheren Betrieb.<\/p>\n<p>Der Schrank ist 14 cm hoch und aus Fichtenholz gefertigt. Die robuste Sandwichkonstruktion des<br \/>\nDie Luke ist 5,6 cm dick. Die Dachbodentreppe hat eine sch\u00f6ne Verarbeitung mit versteckten Scharnieren<br \/>\nEs l\u00e4sst sich leicht abdecken, streichen und lackieren. Der Schrank und die Luke haben einen erh\u00f6hten Rand und der Schrank ist f\u00fcr eine besonders gute Abdichtung mit einem Dichtungsstreifen ausgestattet. Die tiefen Stufen der Leiter sind nur eines der Details, die die DOLLE MINIFLEX von anderen Dachbodentreppen unterscheiden.<\/p>\n<p>Die massiven Aluminiumstufen sorgen f\u00fcr ein sicheres und bequemes Besteigen. Es kann durch einfaches Ziehen oder Dr\u00fccken ein- und ausgefahren werden und kann in kleinen, engen R\u00e4umen installiert werden, da es nur wenig Platz einnimmt. Die Stufen sind 7,8 cm tief und f\u00fcr eine Belastung bis 100 kg und einen U-Wert von 0,90 W\/m\u00b2K getestet, DOLLE MINIFLEX ist f\u00fcr alle gut isolierten R\u00e4ume geeignet. Bei einer Raumh\u00f6he \u00fcber 260 cm muss eine minimale Roh\u00f6ffnungsl\u00e4nge von 80 cm vorhanden sein. Die Schrankbreite plus Schrankl\u00e4nge darf 240 cm nicht \u00fcberschreiten. Es ist nicht m\u00f6glich, der Leiter Verl\u00e4ngerungsglieder hinzuzuf\u00fcgen. Die Schrankh\u00f6he darf maximal 14 cm betragen.<\/p>","protected":false},"excerpt":{"rendered":"<p>EEN IDEALE RUIMTEBESPARENDE TOEGANGSOPLOSSING De DOLLE MINIFLEX zoldertrap wordt compleet geleverd met een aluminium schaarladder, het luik is ge\u00efsoleerd met 5 cm polystyreen en de treden zijn antislip. MINIFLEX wordt toegepast daar waar behoefte is aan een vlizotrap die niet veel ruimte in beslag neemt en tevens geschikt is voor kleine plafondopeningen. Een speciaal ontwikkeld [&hellip;]<\/p>\n","protected":false},"featured_media":16956,"template":"","meta":{"_acf_changed":false},"axe":[],"kastbreedte":[7083],"entree":[],"hoek":[],"houtsoort":[],"kleur":[],"kastlengte":[7084],"productlijn":[],"sloten":[],"vl_pl_hoogte_a":[],"product_brand":[],"product_cat":[1745,1744],"product_tag":[6486,6987],"class_list":{"0":"post-6223","1":"product","2":"type-product","3":"status-publish","4":"has-post-thumbnail","6":"kastbreedte-andere-maat","7":"kastlengte-andere-maat","8":"product_cat-zoldertrappen","9":"product_cat-trappen","10":"product_tag-dolle","11":"product_tag-hout-en-trappen","13":"first","14":"onbackorder","15":"purchasable","16":"product-type-simple"},"acf":[],"_links":{"self":[{"href":"https:\/\/luxma.be\/de\/wp-json\/wp\/v2\/product\/6223","targetHints":{"allow":["GET"]}}],"collection":[{"href":"https:\/\/luxma.be\/de\/wp-json\/wp\/v2\/product"}],"about":[{"href":"https:\/\/luxma.be\/de\/wp-json\/wp\/v2\/types\/product"}],"wp:featuredmedia":[{"embeddable":true,"href":"https:\/\/luxma.be\/de\/wp-json\/wp\/v2\/media\/16956"}],"wp:attachment":[{"href":"https:\/\/luxma.be\/de\/wp-json\/wp\/v2\/media?parent=6223"}],"wp:term":[{"taxonomy":"axe","embeddable":true,"href":"https:\/\/luxma.be\/de\/wp-json\/wp\/v2\/axe?post=6223"},{"taxonomy":"kastbreedte","embeddable":true,"href":"https:\/\/luxma.be\/de\/wp-json\/wp\/v2\/kastbreedte?post=6223"},{"taxonomy":"entree","embeddable":true,"href":"https:\/\/luxma.be\/de\/wp-json\/wp\/v2\/entree?post=6223"},{"taxonomy":"hoek","embeddable":true,"href":"https:\/\/luxma.be\/de\/wp-json\/wp\/v2\/hoek?post=6223"},{"taxonomy":"houtsoort","embeddable":true,"href":"https:\/\/luxma.be\/de\/wp-json\/wp\/v2\/houtsoort?post=6223"},{"taxonomy":"kleur","embeddable":true,"href":"https:\/\/luxma.be\/de\/wp-json\/wp\/v2\/kleur?post=6223"},{"taxonomy":"kastlengte","embeddable":true,"href":"https:\/\/luxma.be\/de\/wp-json\/wp\/v2\/kastlengte?post=6223"},{"taxonomy":"productlijn","embeddable":true,"href":"https:\/\/luxma.be\/de\/wp-json\/wp\/v2\/productlijn?post=6223"},{"taxonomy":"sloten","embeddable":true,"href":"https:\/\/luxma.be\/de\/wp-json\/wp\/v2\/sloten?post=6223"},{"taxonomy":"vl_pl_hoogte_a","embeddable":true,"href":"https:\/\/luxma.be\/de\/wp-json\/wp\/v2\/vl_pl_hoogte_a?post=6223"},{"taxonomy":"product_brand","embeddable":true,"href":"https:\/\/luxma.be\/de\/wp-json\/wp\/v2\/product_brand?post=6223"},{"taxonomy":"product_cat","embeddable":true,"href":"https:\/\/luxma.be\/de\/wp-json\/wp\/v2\/product_cat?post=6223"},{"taxonomy":"product_tag","embeddable":true,"href":"https:\/\/luxma.be\/de\/wp-json\/wp\/v2\/product_tag?post=6223"}],"curies":[{"name":"wp","href":"https:\/\/api.w.org\/{rel}","templated":true}]}}