{"id":6220,"date":"2020-07-16T17:41:00","date_gmt":"2020-07-16T15:41:00","guid":{"rendered":"https:\/\/luxma.be\/?post_type=product&#038;p=6220"},"modified":"2026-03-16T14:22:21","modified_gmt":"2026-03-16T13:22:21","slug":"garage","status":"publish","type":"product","link":"https:\/\/luxma.be\/de\/producten\/garage\/","title":{"rendered":"GARAGE MET LEUNING IN DEN"},"content":{"rendered":"<p id=\"tw-target-text\" class=\"tw-data-text tw-text-large tw-ta\" dir=\"ltr\" data-placeholder=\"Vertaling\"><span class=\"Y2IQFc\" lang=\"nl\"><strong>Die ideale Option, wenn regelm\u00e4\u00dfiger, einfacher Zugang bei gleichzeitiger Maximierung des Platzes erforderlich ist.<\/strong> <\/span><\/p>\n<p class=\"tw-data-text tw-text-large tw-ta\" dir=\"ltr\" data-placeholder=\"Vertaling\"><span class=\"Y2IQFc\" lang=\"nl\">Die DOLLE Garage ist eine komfortable und elegante gerade Treppe aus skandinavischem Fichtenholz. Es ist die ideale Option, wenn regelm\u00e4\u00dfiger, einfacher Zugang bei gleichzeitiger Maximierung des Platzes erforderlich ist. Reduziert auf die wesentlichen Elemente einer funktionalen Treppe ist dieser komfortable Raumsparer die ideale L\u00f6sung f\u00fcr den Bodenanschluss in Wohnr\u00e4umen mit relativ kleiner Grundfl\u00e4che. Die rustikale Holzoptik passt zu vielen Einrichtungsstilen, Sie k\u00f6nnen ihr aber auch eine pers\u00f6nliche Note verleihen. <\/span><\/p>\n<p class=\"tw-data-text tw-text-large tw-ta\" dir=\"ltr\" data-placeholder=\"Vertaling\"><span class=\"Y2IQFc\" lang=\"nl\">Die Treppe ist unbehandelt \u2013 bereit f\u00fcr Ihr pers\u00f6nliches Styling. Lackieren, beizen oder malen Sie in Farben, die zu Ihrem Interieur passen.<\/span><\/p>\n<p><span class=\"Y2IQFc\" lang=\"nl\"><strong>BEREIT ZUM LACKIEREN ODER LACKIEREN IN DER FARBE, DIE SIE WOLLEN.<\/strong> <\/span><\/p>\n<p><span class=\"Y2IQFc\" lang=\"nl\">F\u00fcr eine sichere Konstruktion sind die Stufen in den Seitenw\u00e4nden untergebracht. F\u00fcr einen komfortablen und sicheren Aufstieg wird die Treppe mit einem sicheren Doppelgel\u00e4nder geliefert. Ein optionaler zweiter passender Handlauf ist bei Bedarf gegen Aufpreis erh\u00e4ltlich. Einfache und schnelle Installation ohne den Einsatz von Spezialwerkzeugen. Flach gepackte gerade Treppe aus Fichte mit 12 Stufen. <\/span><\/p>\n<p><strong><span class=\"Y2IQFc\" lang=\"nl\">VORTEILE<\/span><\/strong><\/p>\n<ul>\n<li><span class=\"Y2IQFc\" lang=\"nl\">Sehr bequeme Treppe zum Auf- und Absteigen<\/span><\/li>\n<li><span class=\"Y2IQFc\" lang=\"nl\">Ideale L\u00f6sung f\u00fcr kleine R\u00e4ume und Zwischengeschosse <\/span><\/li>\n<li><span class=\"Y2IQFc\" lang=\"nl\">Einfache und schnelle Installation ohne den Einsatz von Spezialwerkzeugen.<\/span><\/li>\n<\/ul>","protected":false},"excerpt":{"rendered":"<p>De ideale optie wanneer een regelmatige, gemakkelijke toegang vereist is en toch de ruimte moet worden gemaximaliseerd. De DOLLE Garage is een comfortabele en elegante rechte trap van Scandinavisch sparrenhout. Het is de ideale optie wanneer een regelmatige, gemakkelijke toegang vereist is en toch de ruimte moet worden gemaximaliseerd. Gereduceerd tot de essenti\u00eble elementen van [&hellip;]<\/p>\n","protected":false},"featured_media":5607,"template":"","meta":{"_acf_changed":false},"axe":[],"kastbreedte":[],"entree":[],"hoek":[],"houtsoort":[],"kleur":[],"kastlengte":[],"productlijn":[],"sloten":[],"vl_pl_hoogte_a":[],"product_brand":[],"product_cat":[1744,1809],"product_tag":[6486,6987],"class_list":{"0":"post-6220","1":"product","2":"type-product","3":"status-publish","4":"has-post-thumbnail","6":"product_cat-trappen","7":"product_cat-molenaarstrappen","8":"product_tag-dolle","9":"product_tag-hout-en-trappen","11":"first","12":"instock","13":"purchasable","14":"product-type-simple"},"acf":[],"_links":{"self":[{"href":"https:\/\/luxma.be\/de\/wp-json\/wp\/v2\/product\/6220","targetHints":{"allow":["GET"]}}],"collection":[{"href":"https:\/\/luxma.be\/de\/wp-json\/wp\/v2\/product"}],"about":[{"href":"https:\/\/luxma.be\/de\/wp-json\/wp\/v2\/types\/product"}],"wp:featuredmedia":[{"embeddable":true,"href":"https:\/\/luxma.be\/de\/wp-json\/wp\/v2\/media\/5607"}],"wp:attachment":[{"href":"https:\/\/luxma.be\/de\/wp-json\/wp\/v2\/media?parent=6220"}],"wp:term":[{"taxonomy":"axe","embeddable":true,"href":"https:\/\/luxma.be\/de\/wp-json\/wp\/v2\/axe?post=6220"},{"taxonomy":"kastbreedte","embeddable":true,"href":"https:\/\/luxma.be\/de\/wp-json\/wp\/v2\/kastbreedte?post=6220"},{"taxonomy":"entree","embeddable":true,"href":"https:\/\/luxma.be\/de\/wp-json\/wp\/v2\/entree?post=6220"},{"taxonomy":"hoek","embeddable":true,"href":"https:\/\/luxma.be\/de\/wp-json\/wp\/v2\/hoek?post=6220"},{"taxonomy":"houtsoort","embeddable":true,"href":"https:\/\/luxma.be\/de\/wp-json\/wp\/v2\/houtsoort?post=6220"},{"taxonomy":"kleur","embeddable":true,"href":"https:\/\/luxma.be\/de\/wp-json\/wp\/v2\/kleur?post=6220"},{"taxonomy":"kastlengte","embeddable":true,"href":"https:\/\/luxma.be\/de\/wp-json\/wp\/v2\/kastlengte?post=6220"},{"taxonomy":"productlijn","embeddable":true,"href":"https:\/\/luxma.be\/de\/wp-json\/wp\/v2\/productlijn?post=6220"},{"taxonomy":"sloten","embeddable":true,"href":"https:\/\/luxma.be\/de\/wp-json\/wp\/v2\/sloten?post=6220"},{"taxonomy":"vl_pl_hoogte_a","embeddable":true,"href":"https:\/\/luxma.be\/de\/wp-json\/wp\/v2\/vl_pl_hoogte_a?post=6220"},{"taxonomy":"product_brand","embeddable":true,"href":"https:\/\/luxma.be\/de\/wp-json\/wp\/v2\/product_brand?post=6220"},{"taxonomy":"product_cat","embeddable":true,"href":"https:\/\/luxma.be\/de\/wp-json\/wp\/v2\/product_cat?post=6220"},{"taxonomy":"product_tag","embeddable":true,"href":"https:\/\/luxma.be\/de\/wp-json\/wp\/v2\/product_tag?post=6220"}],"curies":[{"name":"wp","href":"https:\/\/api.w.org\/{rel}","templated":true}]}}