{"id":6214,"date":"2020-07-16T17:37:31","date_gmt":"2020-07-16T15:37:31","guid":{"rendered":"https:\/\/luxma.be\/?post_type=product&#038;p=6214"},"modified":"2026-04-07T10:10:24","modified_gmt":"2026-04-07T08:10:24","slug":"paris-beuk","status":"publish","type":"product","link":"https:\/\/luxma.be\/de\/producten\/paris-beuk\/","title":{"rendered":"Paris (Buche)"},"content":{"rendered":"<p id=\"tw-target-text\" class=\"tw-data-text tw-text-large tw-ta\" dir=\"ltr\" data-placeholder=\"Vertaling\"><strong><span class=\"Y2IQFc\" lang=\"nl\">ELEGANTE PLATZSPARENDE TREPPE<\/span><\/strong><\/p>\n<p class=\"tw-data-text tw-text-large tw-ta\" dir=\"ltr\" data-placeholder=\"Vertaling\">Stilvolle Treppe, pflegeleicht.<br \/>\nDie Raumspartreppe PARIS von DOLLE ist eine zeitlose Zusatztreppe mit einem hellen und hellen Design, die zu den meisten H\u00e4usern passt.<br \/>\nDie PARIS-Treppe ist als gerader Lauf oder als Vierteldrehung nach links oder rechts erh\u00e4ltlich. W\u00e4hlen Sie das Treppengel\u00e4nder aus Holz ohne oder mit den quadratischen Gel\u00e4nderst\u00e4ben (\u00d816 mm), um ein elegantes Aussehen zu verleihen und den Komfort und die Sicherheit beim Treppensteigen zu maximieren. W\u00e4hlen Sie die Treppe als offene (ohne Setzstufen) oder geschlossene Treppe (mit Setzstufen) aus.<br \/>\nDie PARIS-Treppe ist mit einer Breite von 83,5 cm und 21 cm tiefen Stufen konzipiert, die bei einem Durchgang von 18 cm im Geradeauslauf hohen Komfort garantieren. Die Treppe nimmt nur minimalen Platz im Raum ein und ist daher ideal f\u00fcr kleinere R\u00e4ume.<br \/>\nDie gerade Fluchttreppe hat 14 Stufen und erreicht eine maximale Bodenh\u00f6he von 280,5 cm. Die Viertelwendeltreppe verf\u00fcgt \u00fcber 16 Stufen und erreicht eine maximale Bodenh\u00f6he von 318 cm. Beide Treppenvarianten sind k\u00fcrzbar. DOLLE PARIS ist auf die Bed\u00fcrfnisse des t\u00e4glichen Gebrauchs ausgelegt und bis zu einer maximalen Gesamtbelastung von 150 kg getestet.<\/p>\n<p class=\"tw-data-text tw-text-large tw-ta\" dir=\"ltr\" data-placeholder=\"Vertaling\"><strong><span class=\"Y2IQFc\" lang=\"nl\">VORTEILE<\/span><\/strong><\/p>\n<ul>\n<li class=\"tw-data-text tw-text-large tw-ta\" dir=\"ltr\" data-placeholder=\"Vertaling\"><span class=\"Y2IQFc\" lang=\"nl\">Leicht und elegant<\/span><\/li>\n<li class=\"tw-data-text tw-text-large tw-ta\" dir=\"ltr\" data-placeholder=\"Vertaling\"><span class=\"Y2IQFc\" lang=\"nl\">Zeitloses Design <\/span><\/li>\n<li class=\"tw-data-text tw-text-large tw-ta\" dir=\"ltr\" data-placeholder=\"Vertaling\"><span class=\"Y2IQFc\" lang=\"nl\">Platzsparende Treppenl\u00f6sung <\/span><\/li>\n<li class=\"tw-data-text tw-text-large tw-ta\" dir=\"ltr\" data-placeholder=\"Vertaling\"><span class=\"Y2IQFc\" lang=\"nl\">Viele M\u00f6glichkeiten <\/span><\/li>\n<\/ul>","protected":false},"excerpt":{"rendered":"<p>ELEGANTE RUIMTEBESPARENDE TRAP Stijlvolle trap, gemakkelijk te onderhouden. Ruimtebesparende trap PARIS van DOLLE is een tijdloze bijtrap met een licht en helder ontwerp dat bij de meeste huizen past. De PARIS trap is verkrijgbaar als rechte vlucht of kwartslag naar links of rechts. Kies de houten trapleuning zonder of met de vierkante balusters (\u00d816 mm) [&hellip;]<\/p>\n","protected":false},"featured_media":16733,"template":"","meta":{"_acf_changed":false},"axe":[],"kastbreedte":[],"entree":[],"hoek":[],"houtsoort":[7270],"kleur":[],"kastlengte":[],"productlijn":[],"sloten":[],"vl_pl_hoogte_a":[],"product_brand":[],"product_cat":[1744,1809],"product_tag":[6486,6987],"class_list":{"0":"post-6214","1":"product","2":"type-product","3":"status-publish","4":"has-post-thumbnail","6":"houtsoort-beuk","7":"product_cat-trappen","8":"product_cat-molenaarstrappen","9":"product_tag-dolle","10":"product_tag-hout-en-trappen","11":"pa_beschrijving-paris-beuk-rechte-trap","12":"pa_beschrijving-paris-beuk-leuning-rechte-balusters","13":"pa_beschrijving-paris-beuk-leuning-gedraaide-balusters","14":"pa_beschrijving-paris-beuk-1-4-draai-links","15":"pa_beschrijving-paris-beuk-1-4-draai-rechts","16":"pa_beschrijving-paris-beuk-tegentrebeuk-rechte-trap","17":"pa_beschrijving-paris-beuk-tegentrebeuk-1-4-draai","19":"first","20":"instock","21":"purchasable","22":"product-type-variable"},"acf":[],"_links":{"self":[{"href":"https:\/\/luxma.be\/de\/wp-json\/wp\/v2\/product\/6214","targetHints":{"allow":["GET"]}}],"collection":[{"href":"https:\/\/luxma.be\/de\/wp-json\/wp\/v2\/product"}],"about":[{"href":"https:\/\/luxma.be\/de\/wp-json\/wp\/v2\/types\/product"}],"wp:featuredmedia":[{"embeddable":true,"href":"https:\/\/luxma.be\/de\/wp-json\/wp\/v2\/media\/16733"}],"wp:attachment":[{"href":"https:\/\/luxma.be\/de\/wp-json\/wp\/v2\/media?parent=6214"}],"wp:term":[{"taxonomy":"axe","embeddable":true,"href":"https:\/\/luxma.be\/de\/wp-json\/wp\/v2\/axe?post=6214"},{"taxonomy":"kastbreedte","embeddable":true,"href":"https:\/\/luxma.be\/de\/wp-json\/wp\/v2\/kastbreedte?post=6214"},{"taxonomy":"entree","embeddable":true,"href":"https:\/\/luxma.be\/de\/wp-json\/wp\/v2\/entree?post=6214"},{"taxonomy":"hoek","embeddable":true,"href":"https:\/\/luxma.be\/de\/wp-json\/wp\/v2\/hoek?post=6214"},{"taxonomy":"houtsoort","embeddable":true,"href":"https:\/\/luxma.be\/de\/wp-json\/wp\/v2\/houtsoort?post=6214"},{"taxonomy":"kleur","embeddable":true,"href":"https:\/\/luxma.be\/de\/wp-json\/wp\/v2\/kleur?post=6214"},{"taxonomy":"kastlengte","embeddable":true,"href":"https:\/\/luxma.be\/de\/wp-json\/wp\/v2\/kastlengte?post=6214"},{"taxonomy":"productlijn","embeddable":true,"href":"https:\/\/luxma.be\/de\/wp-json\/wp\/v2\/productlijn?post=6214"},{"taxonomy":"sloten","embeddable":true,"href":"https:\/\/luxma.be\/de\/wp-json\/wp\/v2\/sloten?post=6214"},{"taxonomy":"vl_pl_hoogte_a","embeddable":true,"href":"https:\/\/luxma.be\/de\/wp-json\/wp\/v2\/vl_pl_hoogte_a?post=6214"},{"taxonomy":"product_brand","embeddable":true,"href":"https:\/\/luxma.be\/de\/wp-json\/wp\/v2\/product_brand?post=6214"},{"taxonomy":"product_cat","embeddable":true,"href":"https:\/\/luxma.be\/de\/wp-json\/wp\/v2\/product_cat?post=6214"},{"taxonomy":"product_tag","embeddable":true,"href":"https:\/\/luxma.be\/de\/wp-json\/wp\/v2\/product_tag?post=6214"}],"curies":[{"name":"wp","href":"https:\/\/api.w.org\/{rel}","templated":true}]}}