{"id":5522,"date":"2020-06-19T13:50:05","date_gmt":"2020-06-19T11:50:05","guid":{"rendered":"https:\/\/luxma.be\/product\/dolle-loft-sw36-5\/"},"modified":"2026-03-16T14:23:24","modified_gmt":"2026-03-16T13:23:24","slug":"dolle-loft-sw40-5","status":"publish","type":"product","link":"https:\/\/luxma.be\/de\/producten\/dolle-loft-sw40-5\/","title":{"rendered":"Verr\u00fcckter Loft SW40-5"},"content":{"rendered":"<p>Komplett montiert und einbaufertig.<br \/>\nDOLLE SW40-5, fr\u00fcher SW36-5, ist eine 3-teilige Falttreppe mit einer Schrankh\u00f6he von 14 cm und einer Luke mit 34 mm Oberisolation, Super-EPS, die f\u00fcr den verbesserten U-Wert sorgt: 1,16 W\/m2*K . Die Dachbodentreppe ist komplett montiert, sodass die Installation der Dachbodentreppe schnell und einfach ist. Im Dachgeschoss ist weder Stehh\u00f6he noch Stauraum erforderlich. Die Leiter besteht aus massivem Fichtenholz und verf\u00fcgt \u00fcber rutschfeste Stufen f\u00fcr zus\u00e4tzliche Sicherheit. Es verf\u00fcgt \u00fcber eine hochwertige Verarbeitung mit wei\u00dfem Verschluss. Das Geh\u00e4use ist mit einem durchgehenden Zugluftstopper aus Gummi ausgestattet, um Zugluft und W\u00e4rmeverlust zu verhindern.<br \/>\nDie DOLLE SW40-5 ist in verschiedenen Gr\u00f6\u00dfen erh\u00e4ltlich. Der DOLLE SW40-5 verf\u00fcgt \u00fcber ein speziell entwickeltes H\u00f6henverstellsystem und wird mit einer h\u00f6lzernen Schub-\/Zugstange f\u00fcr eine einfache Bedienung geliefert.<\/p>\n<p>Kontrollieren Sie Luftlecks in Ihrem Zuhause<\/p>\n<p>Die Dampfsperre mit TwinActive-Folie versiegelt Ihr Produkt f\u00fcr eine optimale W\u00e4rmeisolierung. Einfach anzubringen.<\/p>","protected":false},"excerpt":{"rendered":"<p>Volledig gemonteerd en klaar om te installeren. DOLLE SW40-5, voorheen de SW36-5, is een 3-delige vouwtrap met een kasthoogte van 14 cm en een luik met 34 mm topisolatie, super EPS dat zorgt voor de verbeterde U-waarde: 1,16 W\/m2*K. De zoldertrap is volledig gemonteerd waardoor de montage van de zoldertrap snel en eenvoudig is. Er [&hellip;]<\/p>\n","protected":false},"featured_media":10211,"template":"","meta":{"_acf_changed":false},"axe":[],"kastbreedte":[6404,6405],"entree":[],"hoek":[],"houtsoort":[],"kleur":[],"kastlengte":[6402,6408,6403],"productlijn":[],"sloten":[],"vl_pl_hoogte_a":[],"product_brand":[],"product_cat":[1745,1744],"product_tag":[6342,6486,6987,7091],"class_list":{"0":"post-5522","1":"product","2":"type-product","3":"status-publish","4":"has-post-thumbnail","6":"kastbreedte-60-cm","7":"kastbreedte-70-cm","8":"kastlengte-120-cm","9":"kastlengte-130-cm","10":"kastlengte-140-cm","11":"product_cat-zoldertrappen","12":"product_cat-trappen","13":"product_tag-promo-10","14":"product_tag-dolle","15":"product_tag-hout-en-trappen","16":"product_tag-zoldertrap","17":"pa_beschrijving-dolle-loft-sw40-5-120x60","18":"pa_beschrijving-dolle-loft-sw40-5-120x70","19":"pa_beschrijving-dolle-loft-sw40-5-130x70","20":"pa_beschrijving-dolle-loft-sw40-5-140x70","22":"first","23":"instock","24":"purchasable","25":"product-type-variable"},"acf":[],"_links":{"self":[{"href":"https:\/\/luxma.be\/de\/wp-json\/wp\/v2\/product\/5522","targetHints":{"allow":["GET"]}}],"collection":[{"href":"https:\/\/luxma.be\/de\/wp-json\/wp\/v2\/product"}],"about":[{"href":"https:\/\/luxma.be\/de\/wp-json\/wp\/v2\/types\/product"}],"wp:featuredmedia":[{"embeddable":true,"href":"https:\/\/luxma.be\/de\/wp-json\/wp\/v2\/media\/10211"}],"wp:attachment":[{"href":"https:\/\/luxma.be\/de\/wp-json\/wp\/v2\/media?parent=5522"}],"wp:term":[{"taxonomy":"axe","embeddable":true,"href":"https:\/\/luxma.be\/de\/wp-json\/wp\/v2\/axe?post=5522"},{"taxonomy":"kastbreedte","embeddable":true,"href":"https:\/\/luxma.be\/de\/wp-json\/wp\/v2\/kastbreedte?post=5522"},{"taxonomy":"entree","embeddable":true,"href":"https:\/\/luxma.be\/de\/wp-json\/wp\/v2\/entree?post=5522"},{"taxonomy":"hoek","embeddable":true,"href":"https:\/\/luxma.be\/de\/wp-json\/wp\/v2\/hoek?post=5522"},{"taxonomy":"houtsoort","embeddable":true,"href":"https:\/\/luxma.be\/de\/wp-json\/wp\/v2\/houtsoort?post=5522"},{"taxonomy":"kleur","embeddable":true,"href":"https:\/\/luxma.be\/de\/wp-json\/wp\/v2\/kleur?post=5522"},{"taxonomy":"kastlengte","embeddable":true,"href":"https:\/\/luxma.be\/de\/wp-json\/wp\/v2\/kastlengte?post=5522"},{"taxonomy":"productlijn","embeddable":true,"href":"https:\/\/luxma.be\/de\/wp-json\/wp\/v2\/productlijn?post=5522"},{"taxonomy":"sloten","embeddable":true,"href":"https:\/\/luxma.be\/de\/wp-json\/wp\/v2\/sloten?post=5522"},{"taxonomy":"vl_pl_hoogte_a","embeddable":true,"href":"https:\/\/luxma.be\/de\/wp-json\/wp\/v2\/vl_pl_hoogte_a?post=5522"},{"taxonomy":"product_brand","embeddable":true,"href":"https:\/\/luxma.be\/de\/wp-json\/wp\/v2\/product_brand?post=5522"},{"taxonomy":"product_cat","embeddable":true,"href":"https:\/\/luxma.be\/de\/wp-json\/wp\/v2\/product_cat?post=5522"},{"taxonomy":"product_tag","embeddable":true,"href":"https:\/\/luxma.be\/de\/wp-json\/wp\/v2\/product_tag?post=5522"}],"curies":[{"name":"wp","href":"https:\/\/api.w.org\/{rel}","templated":true}]}}