{"id":5514,"date":"2020-06-19T13:49:48","date_gmt":"2020-06-19T11:49:48","guid":{"rendered":"https:\/\/luxma.be\/product\/dolle-loft-sw26-3\/"},"modified":"2026-05-09T03:05:15","modified_gmt":"2026-05-09T01:05:15","slug":"dolle-loft-sw26-3","status":"publish","type":"product","link":"https:\/\/luxma.be\/de\/producten\/dolle-loft-sw26-3\/","title":{"rendered":"Crazy Loft SW26-3"},"content":{"rendered":"<p>Die Dachbodentreppe ist f\u00fcr R\u00e4ume mit einer freien Raumh\u00f6he bis 280 einsetzbar. Die Durchreiche ist aus HDF-Platte gefertigt und mit einer St\u00e4rke von 26 mm und 20 mm D\u00e4mmung sehr robust. Das 3-teilige Leiterteil ist aus massivem Kiefernholz gefertigt.<\/p>\n<p>LEITER ZUM DACHBODEN MIT KOMFORT UND SICHERHEIT<\/p>\n<p>Durch die Schwalbenschwanzverbindung ist diese Treppe sehr hochwertig verarbeitet und mit der sehr stabilen Leiter gelangen Sie sicher auf den Dachboden. Sicherheit auf Schritt und Tritt wird durch die geriffelten Stufen gew\u00e4hrleistet. Aufgrund ihrer guten D\u00e4mmwerte eignet sich die Dachbodenleiter DOLLE besonders f\u00fcr niedrige bis unbebaute Dachb\u00f6den oder selten genutzte Dachfl\u00e4chen.<br \/>\nDie Dachbodenleiter SW 26-3 ist eine preisg\u00fcnstige Treppenvariante in handwerklicher Qualit\u00e4t und l\u00e4sst sich schnell und einfach montieren. Auf Anfrage und gegen Aufpreis sind auch Sonderanfertigungen m\u00f6glich.<\/p>","protected":false},"excerpt":{"rendered":"<p>De zoldertrap kan gebruikt worden voor ruimtes met een vrije kamerhoogte tot 280. Het luik is gemaakt van HDF-plaat en zeer robuust met een dikte van 26 mm en 20 mm isolatie. Het 3-delige ladderdeel is gemaakt van massief vurenhout. LADDER NAAR ZOLDER MET COMFORT EN VEILIGHEID Door de zwaluwstaartverbinding is deze trap van zeer [&hellip;]<\/p>\n","protected":false},"featured_media":5516,"template":"","meta":{"_acf_changed":false},"axe":[],"kastbreedte":[6404,6405],"entree":[],"hoek":[],"houtsoort":[],"kleur":[],"kastlengte":[6402,6403],"productlijn":[],"sloten":[],"vl_pl_hoogte_a":[],"product_brand":[],"product_cat":[1745,1744],"product_tag":[6486,6987],"class_list":{"0":"post-5514","1":"product","2":"type-product","3":"status-publish","4":"has-post-thumbnail","6":"kastbreedte-60-cm","7":"kastbreedte-70-cm","8":"kastlengte-120-cm","9":"kastlengte-140-cm","10":"product_cat-zoldertrappen","11":"product_cat-trappen","12":"product_tag-dolle","13":"product_tag-hout-en-trappen","14":"pa_beschrijving-dolle-loft-sw26-3-120-x-60","15":"pa_beschrijving-dolle-loft-sw26-3-120-x-70","16":"pa_beschrijving-dolle-loft-sw26-3-140-x-70","18":"first","19":"instock","20":"purchasable","21":"product-type-variable"},"acf":[],"_links":{"self":[{"href":"https:\/\/luxma.be\/de\/wp-json\/wp\/v2\/product\/5514","targetHints":{"allow":["GET"]}}],"collection":[{"href":"https:\/\/luxma.be\/de\/wp-json\/wp\/v2\/product"}],"about":[{"href":"https:\/\/luxma.be\/de\/wp-json\/wp\/v2\/types\/product"}],"wp:featuredmedia":[{"embeddable":true,"href":"https:\/\/luxma.be\/de\/wp-json\/wp\/v2\/media\/5516"}],"wp:attachment":[{"href":"https:\/\/luxma.be\/de\/wp-json\/wp\/v2\/media?parent=5514"}],"wp:term":[{"taxonomy":"axe","embeddable":true,"href":"https:\/\/luxma.be\/de\/wp-json\/wp\/v2\/axe?post=5514"},{"taxonomy":"kastbreedte","embeddable":true,"href":"https:\/\/luxma.be\/de\/wp-json\/wp\/v2\/kastbreedte?post=5514"},{"taxonomy":"entree","embeddable":true,"href":"https:\/\/luxma.be\/de\/wp-json\/wp\/v2\/entree?post=5514"},{"taxonomy":"hoek","embeddable":true,"href":"https:\/\/luxma.be\/de\/wp-json\/wp\/v2\/hoek?post=5514"},{"taxonomy":"houtsoort","embeddable":true,"href":"https:\/\/luxma.be\/de\/wp-json\/wp\/v2\/houtsoort?post=5514"},{"taxonomy":"kleur","embeddable":true,"href":"https:\/\/luxma.be\/de\/wp-json\/wp\/v2\/kleur?post=5514"},{"taxonomy":"kastlengte","embeddable":true,"href":"https:\/\/luxma.be\/de\/wp-json\/wp\/v2\/kastlengte?post=5514"},{"taxonomy":"productlijn","embeddable":true,"href":"https:\/\/luxma.be\/de\/wp-json\/wp\/v2\/productlijn?post=5514"},{"taxonomy":"sloten","embeddable":true,"href":"https:\/\/luxma.be\/de\/wp-json\/wp\/v2\/sloten?post=5514"},{"taxonomy":"vl_pl_hoogte_a","embeddable":true,"href":"https:\/\/luxma.be\/de\/wp-json\/wp\/v2\/vl_pl_hoogte_a?post=5514"},{"taxonomy":"product_brand","embeddable":true,"href":"https:\/\/luxma.be\/de\/wp-json\/wp\/v2\/product_brand?post=5514"},{"taxonomy":"product_cat","embeddable":true,"href":"https:\/\/luxma.be\/de\/wp-json\/wp\/v2\/product_cat?post=5514"},{"taxonomy":"product_tag","embeddable":true,"href":"https:\/\/luxma.be\/de\/wp-json\/wp\/v2\/product_tag?post=5514"}],"curies":[{"name":"wp","href":"https:\/\/api.w.org\/{rel}","templated":true}]}}