{"id":17827,"date":"2024-10-11T08:39:07","date_gmt":"2024-10-11T06:39:07","guid":{"rendered":"https:\/\/luxma.be\/?post_type=product&#038;p=17827"},"modified":"2026-03-16T14:23:24","modified_gmt":"2026-03-16T13:23:24","slug":"arac-mat-zwart","status":"publish","type":"product","link":"https:\/\/luxma.be\/de\/producten\/arac-mat-zwart\/","title":{"rendered":"ARAC MAT ZWART"},"content":{"rendered":"<p>Mit einer anmutigen rotierenden Rosettenachse (5 cm Durchmesser) und pr\u00e4ziser Handwerkskunst wird dieser T\u00fcrgriff mit einem 9-mm-Gewinde, Schrauben und einem 5 cm langen Patentbolzen geliefert. Als Symbol f\u00fcr Raffinesse und Nachhaltigkeit bereichert der ARAC-Riegel jeden Raum mit seiner dezenten Sch\u00f6nheit.<\/p>\n<p>&nbsp;<\/p>","protected":false},"excerpt":{"rendered":"<p>Mit einer anmutigen rotierenden Rosettenachse (5 cm Durchmesser) und pr\u00e4ziser Handwerkskunst wird dieser T\u00fcrgriff mit einem 9-mm-Gewinde, Schrauben und einem 5 cm langen Patentbolzen geliefert. Als Symbol f\u00fcr Raffinesse und Nachhaltigkeit bereichert der ARAC-Riegel jeden Raum mit seiner dezenten Sch\u00f6nheit. &nbsp;<\/p>","protected":false},"featured_media":17831,"template":"","meta":{"_acf_changed":false},"axe":[],"kastbreedte":[],"entree":[],"hoek":[],"houtsoort":[],"kleur":[],"kastlengte":[],"productlijn":[6011],"sloten":[],"vl_pl_hoogte_a":[],"product_brand":[],"product_cat":[904,867],"product_tag":[],"class_list":{"0":"post-17827","1":"product","2":"type-product","3":"status-publish","4":"has-post-thumbnail","6":"productlijn-original","7":"product_cat-klinken","8":"product_cat-deurbeslag","9":"pa_beschrijving-arac-mat-zwart-sleutel","10":"pa_beschrijving-arac-mat-zwart-cilinder","11":"pa_beschrijving-arac-mat-zwart-wc","13":"first","14":"instock","15":"purchasable","16":"product-type-variable"},"acf":[],"_links":{"self":[{"href":"https:\/\/luxma.be\/de\/wp-json\/wp\/v2\/product\/17827","targetHints":{"allow":["GET"]}}],"collection":[{"href":"https:\/\/luxma.be\/de\/wp-json\/wp\/v2\/product"}],"about":[{"href":"https:\/\/luxma.be\/de\/wp-json\/wp\/v2\/types\/product"}],"wp:featuredmedia":[{"embeddable":true,"href":"https:\/\/luxma.be\/de\/wp-json\/wp\/v2\/media\/17831"}],"wp:attachment":[{"href":"https:\/\/luxma.be\/de\/wp-json\/wp\/v2\/media?parent=17827"}],"wp:term":[{"taxonomy":"axe","embeddable":true,"href":"https:\/\/luxma.be\/de\/wp-json\/wp\/v2\/axe?post=17827"},{"taxonomy":"kastbreedte","embeddable":true,"href":"https:\/\/luxma.be\/de\/wp-json\/wp\/v2\/kastbreedte?post=17827"},{"taxonomy":"entree","embeddable":true,"href":"https:\/\/luxma.be\/de\/wp-json\/wp\/v2\/entree?post=17827"},{"taxonomy":"hoek","embeddable":true,"href":"https:\/\/luxma.be\/de\/wp-json\/wp\/v2\/hoek?post=17827"},{"taxonomy":"houtsoort","embeddable":true,"href":"https:\/\/luxma.be\/de\/wp-json\/wp\/v2\/houtsoort?post=17827"},{"taxonomy":"kleur","embeddable":true,"href":"https:\/\/luxma.be\/de\/wp-json\/wp\/v2\/kleur?post=17827"},{"taxonomy":"kastlengte","embeddable":true,"href":"https:\/\/luxma.be\/de\/wp-json\/wp\/v2\/kastlengte?post=17827"},{"taxonomy":"productlijn","embeddable":true,"href":"https:\/\/luxma.be\/de\/wp-json\/wp\/v2\/productlijn?post=17827"},{"taxonomy":"sloten","embeddable":true,"href":"https:\/\/luxma.be\/de\/wp-json\/wp\/v2\/sloten?post=17827"},{"taxonomy":"vl_pl_hoogte_a","embeddable":true,"href":"https:\/\/luxma.be\/de\/wp-json\/wp\/v2\/vl_pl_hoogte_a?post=17827"},{"taxonomy":"product_brand","embeddable":true,"href":"https:\/\/luxma.be\/de\/wp-json\/wp\/v2\/product_brand?post=17827"},{"taxonomy":"product_cat","embeddable":true,"href":"https:\/\/luxma.be\/de\/wp-json\/wp\/v2\/product_cat?post=17827"},{"taxonomy":"product_tag","embeddable":true,"href":"https:\/\/luxma.be\/de\/wp-json\/wp\/v2\/product_tag?post=17827"}],"curies":[{"name":"wp","href":"https:\/\/api.w.org\/{rel}","templated":true}]}}