{"id":17439,"date":"2024-09-27T09:25:23","date_gmt":"2024-09-27T07:25:23","guid":{"rendered":"https:\/\/luxma.be\/?post_type=product&#038;p=17439"},"modified":"2026-03-16T14:21:45","modified_gmt":"2026-03-16T13:21:45","slug":"schuifdeurkom-koper","status":"publish","type":"product","link":"https:\/\/luxma.be\/de\/producten\/schuifdeurkom-koper\/","title":{"rendered":"SCHUIFDEURKOM KOPER"},"content":{"rendered":"<p>Eine Schiebet\u00fcrschale ist ein T\u00fcrgriff f\u00fcr eine Schiebet\u00fcr. Diese Schiebeschale versinkt in der Schiebet\u00fcr und bildet so einen Griff. In diesen Griff hakt man dann seine Finger ein, sodass man die T\u00fcr \u00f6ffnen und schlie\u00dfen kann. Auch schwerere T\u00fcren k\u00f6nnen Sie m\u00fchelos \u00f6ffnen und schlie\u00dfen.<\/p>","protected":false},"excerpt":{"rendered":"<p>Eine Schiebet\u00fcrschale ist ein T\u00fcrgriff f\u00fcr eine Schiebet\u00fcr. Diese Schiebeschale versinkt in der Schiebet\u00fcr und bildet so einen Griff. In diesen Griff hakt man dann seine Finger ein, sodass man die T\u00fcr \u00f6ffnen und schlie\u00dfen kann. Auch schwerere T\u00fcren k\u00f6nnen Sie m\u00fchelos \u00f6ffnen und schlie\u00dfen.<\/p>","protected":false},"featured_media":17440,"template":"","meta":{"_acf_changed":false},"axe":[],"kastbreedte":[],"entree":[],"hoek":[],"houtsoort":[],"kleur":[921],"kastlengte":[],"productlijn":[6010],"sloten":[],"vl_pl_hoogte_a":[],"product_brand":[],"product_cat":[7048,867],"product_tag":[],"class_list":{"0":"post-17439","1":"product","2":"type-product","3":"status-publish","4":"has-post-thumbnail","6":"kleur-koper","7":"productlijn-basic","8":"product_cat-schuifdeurkom","9":"product_cat-deurbeslag","11":"first","12":"instock","13":"purchasable","14":"product-type-simple"},"acf":[],"_links":{"self":[{"href":"https:\/\/luxma.be\/de\/wp-json\/wp\/v2\/product\/17439","targetHints":{"allow":["GET"]}}],"collection":[{"href":"https:\/\/luxma.be\/de\/wp-json\/wp\/v2\/product"}],"about":[{"href":"https:\/\/luxma.be\/de\/wp-json\/wp\/v2\/types\/product"}],"wp:featuredmedia":[{"embeddable":true,"href":"https:\/\/luxma.be\/de\/wp-json\/wp\/v2\/media\/17440"}],"wp:attachment":[{"href":"https:\/\/luxma.be\/de\/wp-json\/wp\/v2\/media?parent=17439"}],"wp:term":[{"taxonomy":"axe","embeddable":true,"href":"https:\/\/luxma.be\/de\/wp-json\/wp\/v2\/axe?post=17439"},{"taxonomy":"kastbreedte","embeddable":true,"href":"https:\/\/luxma.be\/de\/wp-json\/wp\/v2\/kastbreedte?post=17439"},{"taxonomy":"entree","embeddable":true,"href":"https:\/\/luxma.be\/de\/wp-json\/wp\/v2\/entree?post=17439"},{"taxonomy":"hoek","embeddable":true,"href":"https:\/\/luxma.be\/de\/wp-json\/wp\/v2\/hoek?post=17439"},{"taxonomy":"houtsoort","embeddable":true,"href":"https:\/\/luxma.be\/de\/wp-json\/wp\/v2\/houtsoort?post=17439"},{"taxonomy":"kleur","embeddable":true,"href":"https:\/\/luxma.be\/de\/wp-json\/wp\/v2\/kleur?post=17439"},{"taxonomy":"kastlengte","embeddable":true,"href":"https:\/\/luxma.be\/de\/wp-json\/wp\/v2\/kastlengte?post=17439"},{"taxonomy":"productlijn","embeddable":true,"href":"https:\/\/luxma.be\/de\/wp-json\/wp\/v2\/productlijn?post=17439"},{"taxonomy":"sloten","embeddable":true,"href":"https:\/\/luxma.be\/de\/wp-json\/wp\/v2\/sloten?post=17439"},{"taxonomy":"vl_pl_hoogte_a","embeddable":true,"href":"https:\/\/luxma.be\/de\/wp-json\/wp\/v2\/vl_pl_hoogte_a?post=17439"},{"taxonomy":"product_brand","embeddable":true,"href":"https:\/\/luxma.be\/de\/wp-json\/wp\/v2\/product_brand?post=17439"},{"taxonomy":"product_cat","embeddable":true,"href":"https:\/\/luxma.be\/de\/wp-json\/wp\/v2\/product_cat?post=17439"},{"taxonomy":"product_tag","embeddable":true,"href":"https:\/\/luxma.be\/de\/wp-json\/wp\/v2\/product_tag?post=17439"}],"curies":[{"name":"wp","href":"https:\/\/api.w.org\/{rel}","templated":true}]}}