{"id":16591,"date":"2023-12-15T14:11:43","date_gmt":"2023-12-15T13:11:43","guid":{"rendered":"https:\/\/luxma.be\/?post_type=product&#038;p=16591"},"modified":"2024-06-18T16:50:22","modified_gmt":"2024-06-18T14:50:22","slug":"dolle-loft-clickfixvario-maatwerk","status":"publish","type":"product","link":"https:\/\/luxma.be\/de\/producten\/dolle-loft-clickfixvario-maatwerk\/","title":{"rendered":"Mad Loft clickFIX<sup>\u00ae<\/sup>Vario-Anpassung"},"content":{"rendered":"<p>Dachbodenleiter mit hoher Decke \u2013 bis zu 415 cm<\/p>\n<p>Die DOLLE clickFIX\u00ae Vario ist eine Dachbodenleiter mit Scherenleiter, die eine Dachbodenh\u00f6he von bis zu 415 cm erreichen kann. Zus\u00e4tzlich zur gr\u00f6\u00dferen Dachbodenh\u00f6he wurde der clickFIX\u00ae Vario konzipiert, um dem Bed\u00fcrfnis nach mehr Sicherheit, einfacher Handhabung der Leiter und mehr Komfort beim Aufstieg in dieser H\u00f6he gerecht zu werden. Die aus Aluminium gefertigte Scherenleiter l\u00e4sst sich leicht ausziehen und zusammenklappen. F\u00fcr zus\u00e4tzliche Sicherheit ist die Leiter mit tiefen Stufen ausgestattet, was sowohl Komfort als auch Sicherheit garantiert. Wenn diese auf beiden Seiten der Leiter montiert werden sollen, erg\u00e4nzen Sie sie f\u00fcr zus\u00e4tzliche Sicherheit und Komfort mit 2 VARIO-Teleskophandl\u00e4ufen.<\/p>\n<p>EINFACHE MONTAGE DANK CLICKFIX\u00ae-TECHNOLOGIE<\/p>\n<p>Dank des patentierten Klicksystems der clickFIX\u00ae Dachbodentreppe von DOLLE l\u00e4sst sich der clickFIX\u00ae Vario mit wenigen Klicks ganz einfach und ohne Spezialwerkzeug montieren. Die Dachbodentreppe besteht aus drei separaten Teilen: Schrank, Leiter und Durchreiche. Nach der Montage des Schranks und der Luke l\u00e4sst sich die Leiter dank der patentierten Klick-Technologie ganz einfach und ohne Spezialwerkzeug am Schrank anklicken. Die ma\u00dfgefertigte Dachbodenleiter bietet einen extra hohen Schrank von bis zu 80 cm und erm\u00f6glicht so den Einbau der Dachbodentreppe in Dachb\u00f6den mit st\u00e4rkerer Isolierung. Die H\u00f6he des Geh\u00e4uses wird mit dem Design-Tool auf der Seite angepasst. Ab einer Schrankh\u00f6he von 36 cm wird eine zus\u00e4tzliche Lauffl\u00e4che im Schrank montiert. Bei einer Schrankh\u00f6he \u00fcber 65 cm m\u00fcssen aus baurechtlichen Gr\u00fcnden 2 Stufen eingebaut werden.<br \/>\nDie Luke besteht aus wei\u00df laminiertem Sperrholz und die Scherenleiter besteht aus eloxiertem Aluminium. Das Geh\u00e4use besteht aus wei\u00df grundiertem Sperrholz.<br \/>\nDie 76 mm starke clickFIX\u00ae Vario-Klappe speichert die W\u00e4rme effektiv. DOLLE clickFIX\u00ae Vario hat einen gepr\u00fcften U-Wert von 0,49 W\/m2*K.<\/p>\n<p>BEDIENKNOPF UND ABDECKRAHMEN SIND IM LIEFERUMFANG ENTHALTEN.<\/p>\n<p>Erh\u00f6hen Sie Sicherheit und Komfort durch den passenden Teleskophandlauf.<\/p>\n<p>&nbsp;<\/p>","protected":false},"excerpt":{"rendered":"<p>HOOG PLAFOND ZOLDERLADDER &#8211; TOT 415 CM De DOLLE clickFIX\u00ae Vario is een zoldertrap met schaarladder waarmee een zolderhoogte tot 415 cm bereikt kan worden. Naast de grotere zolderhoogte is de clickFIX\u00ae Vario ontworpen om tegemoet te komen aan de behoefte aan meer veiligheid, gemakkelijk hanteren van de ladder en meer comfort bij het betreden [&hellip;]<\/p>\n","protected":false},"featured_media":16597,"template":"","meta":{"_acf_changed":false},"axe":[],"kastbreedte":[7083],"entree":[],"hoek":[],"houtsoort":[],"kleur":[],"kastlengte":[7084],"productlijn":[],"sloten":[],"vl_pl_hoogte_a":[],"product_brand":[],"product_cat":[1745,1744],"product_tag":[6486,6987],"class_list":{"0":"post-16591","1":"product","2":"type-product","3":"status-publish","4":"has-post-thumbnail","6":"kastbreedte-andere-maat","7":"kastlengte-andere-maat","8":"product_cat-zoldertrappen","9":"product_cat-trappen","10":"product_tag-dolle","11":"product_tag-hout-en-trappen","13":"first","14":"onbackorder","15":"purchasable","16":"product-type-simple"},"acf":[],"_links":{"self":[{"href":"https:\/\/luxma.be\/de\/wp-json\/wp\/v2\/product\/16591","targetHints":{"allow":["GET"]}}],"collection":[{"href":"https:\/\/luxma.be\/de\/wp-json\/wp\/v2\/product"}],"about":[{"href":"https:\/\/luxma.be\/de\/wp-json\/wp\/v2\/types\/product"}],"wp:featuredmedia":[{"embeddable":true,"href":"https:\/\/luxma.be\/de\/wp-json\/wp\/v2\/media\/16597"}],"wp:attachment":[{"href":"https:\/\/luxma.be\/de\/wp-json\/wp\/v2\/media?parent=16591"}],"wp:term":[{"taxonomy":"axe","embeddable":true,"href":"https:\/\/luxma.be\/de\/wp-json\/wp\/v2\/axe?post=16591"},{"taxonomy":"kastbreedte","embeddable":true,"href":"https:\/\/luxma.be\/de\/wp-json\/wp\/v2\/kastbreedte?post=16591"},{"taxonomy":"entree","embeddable":true,"href":"https:\/\/luxma.be\/de\/wp-json\/wp\/v2\/entree?post=16591"},{"taxonomy":"hoek","embeddable":true,"href":"https:\/\/luxma.be\/de\/wp-json\/wp\/v2\/hoek?post=16591"},{"taxonomy":"houtsoort","embeddable":true,"href":"https:\/\/luxma.be\/de\/wp-json\/wp\/v2\/houtsoort?post=16591"},{"taxonomy":"kleur","embeddable":true,"href":"https:\/\/luxma.be\/de\/wp-json\/wp\/v2\/kleur?post=16591"},{"taxonomy":"kastlengte","embeddable":true,"href":"https:\/\/luxma.be\/de\/wp-json\/wp\/v2\/kastlengte?post=16591"},{"taxonomy":"productlijn","embeddable":true,"href":"https:\/\/luxma.be\/de\/wp-json\/wp\/v2\/productlijn?post=16591"},{"taxonomy":"sloten","embeddable":true,"href":"https:\/\/luxma.be\/de\/wp-json\/wp\/v2\/sloten?post=16591"},{"taxonomy":"vl_pl_hoogte_a","embeddable":true,"href":"https:\/\/luxma.be\/de\/wp-json\/wp\/v2\/vl_pl_hoogte_a?post=16591"},{"taxonomy":"product_brand","embeddable":true,"href":"https:\/\/luxma.be\/de\/wp-json\/wp\/v2\/product_brand?post=16591"},{"taxonomy":"product_cat","embeddable":true,"href":"https:\/\/luxma.be\/de\/wp-json\/wp\/v2\/product_cat?post=16591"},{"taxonomy":"product_tag","embeddable":true,"href":"https:\/\/luxma.be\/de\/wp-json\/wp\/v2\/product_tag?post=16591"}],"curies":[{"name":"wp","href":"https:\/\/api.w.org\/{rel}","templated":true}]}}