{"id":16353,"date":"2023-06-22T17:23:51","date_gmt":"2023-06-22T15:23:51","guid":{"rendered":"https:\/\/luxma.be\/?post_type=product&#038;p=16353"},"modified":"2026-03-16T14:23:23","modified_gmt":"2026-03-16T13:23:23","slug":"trim-koper","status":"publish","type":"product","link":"https:\/\/luxma.be\/de\/producten\/trim-koper\/","title":{"rendered":"KUPFER BESCHNEIDEN"},"content":{"rendered":"<p>Mit einer anmutigen rotierenden Rosettenachse (5 cm Durchmesser) und pr\u00e4ziser Handwerkskunst wird dieser T\u00fcrgriff mit einem 9-mm-Gewinde, Schrauben und einem 5 cm langen Patentbolzen geliefert. Als Symbol f\u00fcr Raffinesse und Nachhaltigkeit bereichert der TRIM-Riegel jeden Raum mit seiner dezenten Sch\u00f6nheit.<\/p>\n<p>Die eleganten WC-Rosetten sind separat erh\u00e4ltlich.<\/p>","protected":false},"excerpt":{"rendered":"<p>Mit einer anmutigen rotierenden Rosettenachse (5 cm Durchmesser) und pr\u00e4ziser Handwerkskunst wird dieser T\u00fcrgriff mit einem 9-mm-Gewinde, Schrauben und einem 5 cm langen Patentbolzen geliefert. Als Symbol f\u00fcr Raffinesse und Nachhaltigkeit bereichert der TRIM-Riegel jeden Raum mit seiner zur\u00fcckhaltenden Sch\u00f6nheit. Die eleganten WC-Rosetten sind separat erh\u00e4ltlich.<\/p>","protected":false},"featured_media":16482,"template":"","meta":{"_acf_changed":false},"axe":[],"kastbreedte":[],"entree":[],"hoek":[],"houtsoort":[],"kleur":[921],"kastlengte":[],"productlijn":[6011],"sloten":[],"vl_pl_hoogte_a":[],"product_brand":[],"product_cat":[904,867],"product_tag":[],"class_list":{"0":"post-16353","1":"product","2":"type-product","3":"status-publish","4":"has-post-thumbnail","6":"kleur-koper","7":"productlijn-original","8":"product_cat-klinken","9":"product_cat-deurbeslag","10":"pa_beschrijving-wc-garnituur-arac-and-trim","11":"pa_beschrijving-trim-koper-sleutel","12":"pa_beschrijving-trim-koper-cilinder","14":"first","15":"instock","16":"purchasable","17":"product-type-variable"},"acf":[],"_links":{"self":[{"href":"https:\/\/luxma.be\/de\/wp-json\/wp\/v2\/product\/16353","targetHints":{"allow":["GET"]}}],"collection":[{"href":"https:\/\/luxma.be\/de\/wp-json\/wp\/v2\/product"}],"about":[{"href":"https:\/\/luxma.be\/de\/wp-json\/wp\/v2\/types\/product"}],"wp:featuredmedia":[{"embeddable":true,"href":"https:\/\/luxma.be\/de\/wp-json\/wp\/v2\/media\/16482"}],"wp:attachment":[{"href":"https:\/\/luxma.be\/de\/wp-json\/wp\/v2\/media?parent=16353"}],"wp:term":[{"taxonomy":"axe","embeddable":true,"href":"https:\/\/luxma.be\/de\/wp-json\/wp\/v2\/axe?post=16353"},{"taxonomy":"kastbreedte","embeddable":true,"href":"https:\/\/luxma.be\/de\/wp-json\/wp\/v2\/kastbreedte?post=16353"},{"taxonomy":"entree","embeddable":true,"href":"https:\/\/luxma.be\/de\/wp-json\/wp\/v2\/entree?post=16353"},{"taxonomy":"hoek","embeddable":true,"href":"https:\/\/luxma.be\/de\/wp-json\/wp\/v2\/hoek?post=16353"},{"taxonomy":"houtsoort","embeddable":true,"href":"https:\/\/luxma.be\/de\/wp-json\/wp\/v2\/houtsoort?post=16353"},{"taxonomy":"kleur","embeddable":true,"href":"https:\/\/luxma.be\/de\/wp-json\/wp\/v2\/kleur?post=16353"},{"taxonomy":"kastlengte","embeddable":true,"href":"https:\/\/luxma.be\/de\/wp-json\/wp\/v2\/kastlengte?post=16353"},{"taxonomy":"productlijn","embeddable":true,"href":"https:\/\/luxma.be\/de\/wp-json\/wp\/v2\/productlijn?post=16353"},{"taxonomy":"sloten","embeddable":true,"href":"https:\/\/luxma.be\/de\/wp-json\/wp\/v2\/sloten?post=16353"},{"taxonomy":"vl_pl_hoogte_a","embeddable":true,"href":"https:\/\/luxma.be\/de\/wp-json\/wp\/v2\/vl_pl_hoogte_a?post=16353"},{"taxonomy":"product_brand","embeddable":true,"href":"https:\/\/luxma.be\/de\/wp-json\/wp\/v2\/product_brand?post=16353"},{"taxonomy":"product_cat","embeddable":true,"href":"https:\/\/luxma.be\/de\/wp-json\/wp\/v2\/product_cat?post=16353"},{"taxonomy":"product_tag","embeddable":true,"href":"https:\/\/luxma.be\/de\/wp-json\/wp\/v2\/product_tag?post=16353"}],"curies":[{"name":"wp","href":"https:\/\/api.w.org\/{rel}","templated":true}]}}